{"id":805,"date":"2026-02-12T15:36:00","date_gmt":"2026-02-12T15:36:00","guid":{"rendered":"https:\/\/newsseriesgames.com\/?page_id=805"},"modified":"2026-02-12T15:36:03","modified_gmt":"2026-02-12T15:36:03","slug":"analyses-series-tv","status":"publish","type":"page","link":"https:\/\/newsseriesgames.com\/fr_fr\/analyses-series-tv\/","title":{"rendered":"Analyses S\u00e9ries TV"},"content":{"rendered":"\n<h2 class=\"wp-block-heading\"><span style=\"color: #FF00FC;\">Introduction<\/span><\/h2>\n\n\n\n<p>D\u00e9couvrez nos analyses d\u00e9taill\u00e9es de s\u00e9ries TV : intrigue, personnages, univers et th\u00e9matiques. <strong>News Series Games<\/strong> propose un regard critique, complet et argument\u00e9 sur les s\u00e9ries populaires et moins connues.<\/p>\n\n\n\n<hr class=\"wp-block-separator has-alpha-channel-opacity\"\/>\n\n\n\n<h2 class=\"wp-block-heading\"><span style=\"color: #FF00FC;\">Analyse \u00e0 la une<\/span><\/h2>\n\n\n\n<div class=\"wp-block-query is-layout-flow wp-block-query-is-layout-flow\"><ul class=\"wp-block-post-template is-layout-flow wp-block-post-template-is-layout-flow\"><li class=\"wp-block-post post-823 post type-post status-publish format-standard has-post-thumbnail hentry category-series category-analyses-series tag-addiction tag-analyse-serie tag-drame-adolescent tag-euphoria tag-hbo tag-rue-bennett tag-sam-levinson tag-serie-tv tag-teen-drama tag-zendaya entry\">\n<figure class=\"wp-block-post-featured-image\"><img decoding=\"async\" width=\"2048\" height=\"2560\" src=\"https:\/\/newsseriesgames.com\/wp-content\/uploads\/2026\/02\/Euphoria-scaled.jpg\" class=\"attachment-post-thumbnail size-post-thumbnail wp-post-image\" alt=\"\" style=\"object-fit:cover;\" srcset=\"https:\/\/newsseriesgames.com\/wp-content\/uploads\/2026\/02\/Euphoria-scaled.jpg 2048w, https:\/\/newsseriesgames.com\/wp-content\/uploads\/2026\/02\/Euphoria-240x300.jpg 240w, https:\/\/newsseriesgames.com\/wp-content\/uploads\/2026\/02\/Euphoria-819x1024.jpg 819w, https:\/\/newsseriesgames.com\/wp-content\/uploads\/2026\/02\/Euphoria-768x960.jpg 768w, https:\/\/newsseriesgames.com\/wp-content\/uploads\/2026\/02\/Euphoria-1229x1536.jpg 1229w, https:\/\/newsseriesgames.com\/wp-content\/uploads\/2026\/02\/Euphoria-1638x2048.jpg 1638w, https:\/\/newsseriesgames.com\/wp-content\/uploads\/2026\/02\/Euphoria-10x12.jpg 10w\" sizes=\"(max-width: 2048px) 100vw, 2048px\" \/><\/figure>\n\n<div class=\"wp-block-post-date\"><time datetime=\"2026-02-12T18:00:00+00:00\">12\/02\/2026<\/time><\/div>\n\n<h2 class=\"wp-block-post-title\">Euphoria : quand la s\u00e9rie ado devient le miroir brutal d\u2019une g\u00e9n\u00e9ration<\/h2>\n<\/li><\/ul>\n\n<nav class=\"wp-block-query-pagination is-layout-flex wp-block-query-pagination-is-layout-flex\" aria-label=\"Pagination\">\n\n\n<div class=\"wp-block-query-pagination-numbers\"><span aria-current=\"page\" class=\"page-numbers current\">1<\/span>\n<a class=\"page-numbers\" href=\"?query-1-page=2\">2<\/a>\n<a class=\"page-numbers\" href=\"?query-1-page=3\">3<\/a><\/div>\n\n<a href=\"\/fr_fr\/wp-json\/wp\/v2\/pages\/805?query-1-page=2\" class=\"wp-block-query-pagination-next\">Page suivante<\/a>\n<\/nav>\n\n\n<hr class=\"wp-block-separator has-alpha-channel-opacity\"\/>\n<\/div>\n\n\n\n<h2 class=\"wp-block-heading\"><span style=\"color: #FF00FC;\">Liste principale des analyses<\/span><\/h2>\n\n\n\n<div class=\"wp-block-query is-layout-flow wp-block-query-is-layout-flow\"><ul class=\"columns-3 wp-block-post-template is-layout-grid wp-container-core-post-template-is-layout-2fc57c17 wp-block-post-template-is-layout-grid\"><li class=\"wp-block-post post-823 post type-post status-publish format-standard has-post-thumbnail hentry category-series category-analyses-series tag-addiction tag-analyse-serie tag-drame-adolescent tag-euphoria tag-hbo tag-rue-bennett tag-sam-levinson tag-serie-tv tag-teen-drama tag-zendaya entry\">\n\n<div class=\"wp-block-group\" style=\"padding-top:30px;padding-right:30px;padding-bottom:30px;padding-left:30px\"><div class=\"wp-block-group__inner-container is-layout-flow wp-block-group-is-layout-flow\"><h2 class=\"wp-block-post-title\"><a href=\"https:\/\/newsseriesgames.com\/fr_fr\/euphoria-quand-la-serie-ado-devient-le-miroir-brutal-dune-generation\/\" target=\"_self\" >Euphoria : quand la s\u00e9rie ado devient le miroir brutal d\u2019une g\u00e9n\u00e9ration<\/a><\/h2>\n\n<div class=\"wp-block-post-excerpt\"><p class=\"wp-block-post-excerpt__excerpt\">Depuis son lancement, Euphoria s\u2019est impos\u00e9e comme bien plus qu\u2019une simple s\u00e9rie sur l\u2019adolescence. Cr\u00e9\u00e9e par Sam Levinson et port\u00e9e&hellip; Continue reading &ldquo;Euphoria : quand la s\u00e9rie ado devient le miroir brutal d\u2019une g\u00e9n\u00e9ration&rdquo;&hellip; <\/p><\/div>\n\n<div class=\"wp-block-post-date\"><time datetime=\"2026-02-12T18:00:00+00:00\">12\/02\/2026<\/time><\/div><\/div><\/div>\n\n<\/li><li class=\"wp-block-post post-363 post type-post status-publish format-standard has-post-thumbnail hentry category-series category-analyses-series tag-1980s tag-analyse-serie tag-debut-de-la-fin tag-hawkins tag-netflix tag-serie-tv tag-stranger-things tag-stranger-things-saison-5 tag-upside-down tag-vecna entry\">\n\n<div class=\"wp-block-group\" style=\"padding-top:30px;padding-right:30px;padding-bottom:30px;padding-left:30px\"><div class=\"wp-block-group__inner-container is-layout-flow wp-block-group-is-layout-flow\"><h2 class=\"wp-block-post-title\"><a href=\"https:\/\/newsseriesgames.com\/fr_fr\/article-stranger-things-saison-5\/\" target=\"_self\" >Stranger Things Saison 5 : Th\u00e9ories, intrigues et nouveaut\u00e9s<\/a><\/h2>\n\n<div class=\"wp-block-post-excerpt\"><p class=\"wp-block-post-excerpt__excerpt\">Un pr\u00e9c\u00e9dent article sur Stranger things disponible ici Stranger Things saison 5 \u2013 Une premi\u00e8re partie sous haute tension Apr\u00e8s&hellip; Continue reading &ldquo;Stranger Things Saison 5 : Th\u00e9ories, intrigues et nouveaut\u00e9s&rdquo;&hellip; <\/p><\/div>\n\n<div class=\"wp-block-post-date\"><time datetime=\"2025-12-15T20:51:34+00:00\">15\/12\/2025<\/time><\/div><\/div><\/div>\n\n<\/li><li class=\"wp-block-post post-175 post type-post status-publish format-standard has-post-thumbnail hentry category-series category-analyses-series tag-analyse-serie tag-creatures tag-culture-annees-80 tag-hawkins tag-horreur tag-mystere tag-netflix tag-serie-tv tag-stranger-things tag-upside-down entry\">\n\n<div class=\"wp-block-group\" style=\"padding-top:30px;padding-right:30px;padding-bottom:30px;padding-left:30px\"><div class=\"wp-block-group__inner-container is-layout-flow wp-block-group-is-layout-flow\"><h2 class=\"wp-block-post-title\"><a href=\"https:\/\/newsseriesgames.com\/fr_fr\/article-stranger-things\/\" target=\"_self\" >Stranger Things : Secrets, cr\u00e9atures et myst\u00e8res \u00e0 Hawkins<\/a><\/h2>\n\n<div class=\"wp-block-post-excerpt\"><p class=\"wp-block-post-excerpt__excerpt\">STRANGER THINGS Contexte: Stranger Things est une s\u00e9rie Netflix lanc\u00e9e en 2016, cr\u00e9\u00e9e par les fr\u00e8res Duffer. C&rsquo;est un m\u00e9lange&hellip; Continue reading &ldquo;Stranger Things : Secrets, cr\u00e9atures et myst\u00e8res \u00e0 Hawkins&rdquo;&hellip; <\/p><\/div>\n\n<div class=\"wp-block-post-date\"><time datetime=\"2025-10-25T21:52:31+00:00\">25\/10\/2025<\/time><\/div><\/div><\/div>\n\n<\/li><\/ul>\n\n\n<hr class=\"wp-block-separator has-alpha-channel-opacity\"\/>\n<\/div>\n\n\n\n<h2 class=\"wp-block-heading\"><span style=\"color: #FF00FC;\">Genres \/ Th\u00e9matiques<\/span><\/h2>\n\n\n\n<p><a href=\"https:\/\/newsseriesgames.com\/tag\/1980s\/\">1980s<\/a> \u2022 <a href=\"https:\/\/newsseriesgames.com\/tag\/50-cent\/\">50 cent<\/a> \u2022 <a href=\"https:\/\/newsseriesgames.com\/tag\/action\/\">Action<\/a> \u2022 <a href=\"https:\/\/newsseriesgames.com\/tag\/addiction\/\">Addiction<\/a> \u2022 <a href=\"https:\/\/newsseriesgames.com\/tag\/ambition-pouvoir\/\">Ambition &amp; pouvoir<\/a> \u2022 <a href=\"https:\/\/newsseriesgames.com\/tag\/aventure\/\">Aventure<\/a> \u2022 <a href=\"https:\/\/newsseriesgames.com\/tag\/apple-tv\/\">Apple TV+<\/a> \u2022 <a href=\"https:\/\/newsseriesgames.com\/tag\/comedie-dramatique\/\">Com\u00e9die dramatique <\/a>\u2022 <a href=\"https:\/\/newsseriesgames.com\/tag\/corruption\/\">Corruption<\/a> \u2022 <a href=\"https:\/\/newsseriesgames.com\/tag\/crime-thriller\/\">Crime thriller<\/a> \u2022 <a href=\"https:\/\/newsseriesgames.com\/tag\/drame-adolescent\/\">Drame adolescent<\/a> \u2022 <a href=\"https:\/\/newsseriesgames.com\/tag\/fantastique\/\">Fantastique<\/a> \u2022 <a href=\"https:\/\/newsseriesgames.com\/tag\/horreur\/\">Horreur<\/a> \u2022 <a href=\"https:\/\/newsseriesgames.com\/tag\/mystere\/\">Myst\u00e8re<\/a> \u2022 <a href=\"https:\/\/newsseriesgames.com\/tag\/netflix\/\">Netflix<\/a> \u2022 <a href=\"https:\/\/newsseriesgames.com\/tag\/serie-romantique\/\">Romantique<\/a> \u2022 <a href=\"https:\/\/newsseriesgames.com\/tag\/supernaturel\/\">Supernaturel<\/a> \u2022 <a href=\"https:\/\/newsseriesgames.com\/tag\/trafic-crime\/\">Trafic &amp; Crime<\/a> \u2022 <a href=\"https:\/\/newsseriesgames.com\/tag\/thriller\/\">Thriller<\/a> <\/p>\n\n\n\n<hr class=\"wp-block-separator has-alpha-channel-opacity\"\/>\n\n\n\n<h2 class=\"wp-block-heading\"><span style=\"color: #FF00FC;\">Notre approche des analyses s\u00e9ries TV<\/span><\/h2>\n\n\n\n<p class=\"has-cyan-bluish-gray-background-color has-background\">Nos analyses se concentrent sur la narration, les personnages, l\u2019univers et les th\u00e9matiques de chaque s\u00e9rie. Nous proposons un point de vue argument\u00e9 et ind\u00e9pendant, afin de faire ressortir ce qui fonctionne et ce qui peut \u00eatre am\u00e9lior\u00e9, pour que nos lecteurs comprennent pleinement chaque \u0153uvre.<\/p>\n","protected":false},"excerpt":{"rendered":"<div class=\"entry-summary\">\nIntroduction D\u00e9couvrez nos analyses d\u00e9taill\u00e9es de s\u00e9ries TV : intrigue, personnages, univers et th\u00e9matiques. News Series Games propose un regard&hellip;\n<\/div>\n<div class=\"link-more\"><a href=\"https:\/\/newsseriesgames.com\/fr_fr\/analyses-series-tv\/\" class=\"more-link\">Continue reading<span class=\"screen-reader-text\"> &ldquo;Analyses S\u00e9ries TV&rdquo;<\/span>&hellip;<\/a><\/div>\n","protected":false},"author":1,"featured_media":0,"parent":0,"menu_order":0,"comment_status":"closed","ping_status":"closed","template":"","meta":{"_acf_changed":false,"footnotes":""},"class_list":["post-805","page","type-page","status-publish","hentry","entry"],"acf":[],"jetpack_sharing_enabled":true,"jetpack-related-posts":[{"id":790,"url":"https:\/\/newsseriesgames.com\/fr_fr\/series-tv-actualites-analyses-et-critiques\/","url_meta":{"origin":805,"position":0},"title":"S\u00e9ries TV \u2013 Actualit\u00e9s, Analyses et Critiques","author":"News Series Games","date":"12\/02\/2026","format":false,"excerpt":"Introduction Retrouvez toutes les actualit\u00e9s, analyses et critiques de s\u00e9ries TV sur News Series Games. Des nouveaut\u00e9s aux classiques, notre site propose un regard critique et d\u00e9taill\u00e9 sur l\u2019univers des s\u00e9ries, pour les fans comme pour les curieux. \u00c0 la une S\u00e9rie TV Actualit\u00e9s S\u00e9ries TV Voir toutes les actualit\u00e9s\u2026","rel":"","context":"Article similaire","block_context":{"text":"Article similaire","link":""},"img":{"alt_text":"","src":"","width":0,"height":0},"classes":[]},{"id":545,"url":"https:\/\/newsseriesgames.com\/fr_fr\/","url_meta":{"origin":805,"position":1},"title":"Bienvenue sur News Series Games","author":"News Series Games","date":"05\/01\/2026","format":false,"excerpt":"News Series Games \u2013 L\u2019actualit\u00e9 et l\u2019analyse des jeux vid\u00e9o et des s\u00e9ries TV Toute l\u2019actualit\u00e9 des s\u00e9ries TV et des jeux vid\u00e9o.Critiques, news, d\u00e9couvertes et recommandations. S\u00e9rie TV Critiques, news et analyses des meilleures s\u00e9ries du moment. Voir les s\u00e9ries Jeu-vid\u00e9o Tests, actualit\u00e9s et d\u00e9couvertes gaming sur consoles et\u2026","rel":"","context":"Article similaire","block_context":{"text":"Article similaire","link":""},"img":{"alt_text":"","src":"https:\/\/i0.wp.com\/newsseriesgames.com\/wp-content\/uploads\/2026\/01\/categorie-serie-tv.png?resize=350%2C200&ssl=1","width":350,"height":200,"srcset":"https:\/\/i0.wp.com\/newsseriesgames.com\/wp-content\/uploads\/2026\/01\/categorie-serie-tv.png?resize=350%2C200&ssl=1 1x, https:\/\/i0.wp.com\/newsseriesgames.com\/wp-content\/uploads\/2026\/01\/categorie-serie-tv.png?resize=525%2C300&ssl=1 1.5x, https:\/\/i0.wp.com\/newsseriesgames.com\/wp-content\/uploads\/2026\/01\/categorie-serie-tv.png?resize=700%2C400&ssl=1 2x, https:\/\/i0.wp.com\/newsseriesgames.com\/wp-content\/uploads\/2026\/01\/categorie-serie-tv.png?resize=1050%2C600&ssl=1 3x, https:\/\/i0.wp.com\/newsseriesgames.com\/wp-content\/uploads\/2026\/01\/categorie-serie-tv.png?resize=1400%2C800&ssl=1 4x"},"classes":[]},{"id":54,"url":"https:\/\/newsseriesgames.com\/fr_fr\/blog\/","url_meta":{"origin":805,"position":2},"title":"Blog","author":"News Series Games","date":"18\/08\/2025","format":false,"excerpt":"Bienvenue sur News Series Games ! Ici, vous trouverez toutes les critiques, analyses et actualit\u00e9s sur vos s\u00e9ries TV et jeux vid\u00e9o pr\u00e9f\u00e9r\u00e9s. Explorez nos articles r\u00e9cents, d\u00e9couvrez des coups de c\u0153ur et ne manquez rien de l\u2019actualit\u00e9 geek et pop culture ! Derniers articles publi\u00e9s Tous nos articles Cat\u00e9gorie\u2026","rel":"","context":"Article similaire","block_context":{"text":"Article similaire","link":""},"img":{"alt_text":"","src":"https:\/\/i0.wp.com\/newsseriesgames.com\/wp-content\/uploads\/2026\/01\/banniere-blog-1.png?resize=350%2C200&ssl=1","width":350,"height":200,"srcset":"https:\/\/i0.wp.com\/newsseriesgames.com\/wp-content\/uploads\/2026\/01\/banniere-blog-1.png?resize=350%2C200&ssl=1 1x, https:\/\/i0.wp.com\/newsseriesgames.com\/wp-content\/uploads\/2026\/01\/banniere-blog-1.png?resize=525%2C300&ssl=1 1.5x, https:\/\/i0.wp.com\/newsseriesgames.com\/wp-content\/uploads\/2026\/01\/banniere-blog-1.png?resize=700%2C400&ssl=1 2x, https:\/\/i0.wp.com\/newsseriesgames.com\/wp-content\/uploads\/2026\/01\/banniere-blog-1.png?resize=1050%2C600&ssl=1 3x, https:\/\/i0.wp.com\/newsseriesgames.com\/wp-content\/uploads\/2026\/01\/banniere-blog-1.png?resize=1400%2C800&ssl=1 4x"},"classes":[]},{"id":652,"url":"https:\/\/newsseriesgames.com\/fr_fr\/%f0%9f%94%a5-articles-populaires\/","url_meta":{"origin":805,"position":3},"title":"Articles populaires","author":"News Series Games","date":"11\/01\/2026","format":false,"excerpt":"ARTICLES POPULAIRES INTRODUCTION D\u00e9couvrez les articles les plus populaires de NewsSeriesGames.Cette s\u00e9lection regroupe nos contenus les plus appr\u00e9ci\u00e9s sur les jeux vid\u00e9o et les s\u00e9ries TV : critiques, analyses et dossiers \u00e0 ne pas manquer. LISTE DES ARTICLES POPULAIRES \ud83c\udfae Jeux vid\u00e9o populaires \ud83d\udcfa S\u00e9ries TV populaires Vous aimez ce\u2026","rel":"","context":"Article similaire","block_context":{"text":"Article similaire","link":""},"img":{"alt_text":"","src":"https:\/\/i0.wp.com\/newsseriesgames.com\/wp-content\/uploads\/2026\/01\/banniere-article-populaire-1024x683.png?resize=350%2C200&ssl=1","width":350,"height":200,"srcset":"https:\/\/i0.wp.com\/newsseriesgames.com\/wp-content\/uploads\/2026\/01\/banniere-article-populaire-1024x683.png?resize=350%2C200&ssl=1 1x, https:\/\/i0.wp.com\/newsseriesgames.com\/wp-content\/uploads\/2026\/01\/banniere-article-populaire-1024x683.png?resize=525%2C300&ssl=1 1.5x, https:\/\/i0.wp.com\/newsseriesgames.com\/wp-content\/uploads\/2026\/01\/banniere-article-populaire-1024x683.png?resize=700%2C400&ssl=1 2x"},"classes":[]},{"id":74,"url":"https:\/\/newsseriesgames.com\/fr_fr\/a-propos\/","url_meta":{"origin":805,"position":4},"title":"\u00c0 propos","author":"News Series Games","date":"23\/10\/2025","format":false,"excerpt":"\ud83c\udfae Bienvenue dans l\u2019univers de News Series & Games \ud83c\udfac News Series & Games, par des passionn\u00e9s, vous plonge dans l\u2019univers des jeux vid\u00e9o et des s\u00e9ries TV. Actualit\u00e9s, tests, critiques et analyses pour ne rien manquer de vos mondes favoris ! Ici, chaque article est une porte d\u2019entr\u00e9e vers\u2026","rel":"","context":"Article similaire","block_context":{"text":"Article similaire","link":""},"img":{"alt_text":"","src":"https:\/\/i0.wp.com\/newsseriesgames.com\/wp-content\/uploads\/2026\/01\/affiche-tele.png?resize=350%2C200&ssl=1","width":350,"height":200,"srcset":"https:\/\/i0.wp.com\/newsseriesgames.com\/wp-content\/uploads\/2026\/01\/affiche-tele.png?resize=350%2C200&ssl=1 1x, https:\/\/i0.wp.com\/newsseriesgames.com\/wp-content\/uploads\/2026\/01\/affiche-tele.png?resize=525%2C300&ssl=1 1.5x, https:\/\/i0.wp.com\/newsseriesgames.com\/wp-content\/uploads\/2026\/01\/affiche-tele.png?resize=700%2C400&ssl=1 2x, https:\/\/i0.wp.com\/newsseriesgames.com\/wp-content\/uploads\/2026\/01\/affiche-tele.png?resize=1050%2C600&ssl=1 3x"},"classes":[]},{"id":793,"url":"https:\/\/newsseriesgames.com\/fr_fr\/actualites-series-tv\/","url_meta":{"origin":805,"position":5},"title":"Actualit\u00e9s S\u00e9ries TV","author":"News Series Games","date":"12\/02\/2026","format":false,"excerpt":"Introduction Retrouvez toute l\u2019actualit\u00e9 des s\u00e9ries TV : annonces officielles, dates de sortie, renouvellements, annulations, trailers et informations essentielles sur les s\u00e9ries du moment. \u00c0 la une Derni\u00e8res actualit\u00e9s filtres & navigation 1980s \u2022 Action \u2022 Ambition & pouvoir \u2022 Apple TV+ \u2022 Aventure \u2022 Corruption \u2022 Crime Thriller \u2022\u2026","rel":"","context":"Article similaire","block_context":{"text":"Article similaire","link":""},"img":{"alt_text":"","src":"","width":0,"height":0},"classes":[]}],"_links":{"self":[{"href":"https:\/\/newsseriesgames.com\/fr_fr\/wp-json\/wp\/v2\/pages\/805","targetHints":{"allow":["GET"]}}],"collection":[{"href":"https:\/\/newsseriesgames.com\/fr_fr\/wp-json\/wp\/v2\/pages"}],"about":[{"href":"https:\/\/newsseriesgames.com\/fr_fr\/wp-json\/wp\/v2\/types\/page"}],"author":[{"embeddable":true,"href":"https:\/\/newsseriesgames.com\/fr_fr\/wp-json\/wp\/v2\/users\/1"}],"replies":[{"embeddable":true,"href":"https:\/\/newsseriesgames.com\/fr_fr\/wp-json\/wp\/v2\/comments?post=805"}],"version-history":[{"count":2,"href":"https:\/\/newsseriesgames.com\/fr_fr\/wp-json\/wp\/v2\/pages\/805\/revisions"}],"predecessor-version":[{"id":831,"href":"https:\/\/newsseriesgames.com\/fr_fr\/wp-json\/wp\/v2\/pages\/805\/revisions\/831"}],"wp:attachment":[{"href":"https:\/\/newsseriesgames.com\/fr_fr\/wp-json\/wp\/v2\/media?parent=805"}],"curies":[{"name":"wp","href":"https:\/\/api.w.org\/{rel}","templated":true}]}}