{"id":745,"date":"2026-02-11T21:32:31","date_gmt":"2026-02-11T21:32:31","guid":{"rendered":"https:\/\/newsseriesgames.com\/?page_id=745"},"modified":"2026-02-12T15:21:42","modified_gmt":"2026-02-12T15:21:42","slug":"actualites-jeux-video","status":"publish","type":"page","link":"https:\/\/newsseriesgames.com\/fr_fr\/actualites-jeux-video\/","title":{"rendered":"Actualit\u00e9s \u2013 jeux vid\u00e9o"},"content":{"rendered":"\n<p>Retrouvez toute l\u2019actualit\u00e9 jeux vid\u00e9o : annonces, sorties, trailers, mises \u00e0 jour, \u00e9v\u00e9nements et informations sur l\u2019industrie vid\u00e9oludique.<\/p>\n\n\n\n<hr class=\"wp-block-separator has-alpha-channel-opacity\"\/>\n\n\n\n<h2 class=\"wp-block-heading\"><span style=\"color: #FF00FC;\">Article \u00e0 la une<\/span><\/h2>\n\n\n\n<div class=\"wp-block-query is-layout-flow wp-block-query-is-layout-flow\"><ul class=\"wp-block-post-template is-layout-flow wp-block-post-template-is-layout-flow\"><li class=\"wp-block-post post-796 post type-post status-publish format-standard has-post-thumbnail hentry category-games category-actualites tag-actualite-gaming tag-fps tag-free-to-play tag-highguard tag-jeu-video tag-multijoueur tag-pc-ps5-xbox-series tag-raid-shooter tag-shooter-pvp tag-wildlight-entertainment entry\">\n<h2 class=\"wp-block-post-title\"><a href=\"https:\/\/newsseriesgames.com\/fr_fr\/highguard-actu-un-lancement-mouvemente-pour-le-fps-des-anciens-dapex-legends\/\" target=\"_self\">Highguard \u2013 Actu : un lancement mouvement\u00e9 pour le FPS des anciens d\u2019Apex Legends<\/a><\/h2>\n\n<figure class=\"alignwide wp-block-post-featured-image\"><a href=\"https:\/\/newsseriesgames.com\/fr_fr\/highguard-actu-un-lancement-mouvemente-pour-le-fps-des-anciens-dapex-legends\/\" target=\"_self\"><img decoding=\"async\" width=\"1610\" height=\"906\" src=\"https:\/\/newsseriesgames.com\/wp-content\/uploads\/2026\/02\/Highguard.webp\" class=\"attachment-post-thumbnail size-post-thumbnail wp-post-image\" alt=\"Highguard \u2013 Actu : un lancement mouvement\u00e9 pour le FPS des anciens d\u2019Apex Legends\" style=\"object-fit:cover;\" srcset=\"https:\/\/newsseriesgames.com\/wp-content\/uploads\/2026\/02\/Highguard.webp 1610w, https:\/\/newsseriesgames.com\/wp-content\/uploads\/2026\/02\/Highguard-300x169.webp 300w, https:\/\/newsseriesgames.com\/wp-content\/uploads\/2026\/02\/Highguard-1024x576.webp 1024w, https:\/\/newsseriesgames.com\/wp-content\/uploads\/2026\/02\/Highguard-768x432.webp 768w, https:\/\/newsseriesgames.com\/wp-content\/uploads\/2026\/02\/Highguard-1536x864.webp 1536w, https:\/\/newsseriesgames.com\/wp-content\/uploads\/2026\/02\/Highguard-18x10.webp 18w\" sizes=\"(max-width: 1610px) 100vw, 1610px\" \/><\/a><\/figure>\n\n<div class=\"wp-block-post-excerpt\"><p class=\"wp-block-post-excerpt__excerpt\">Une sortie tr\u00e8s attendue Highguard est sorti le 26 janvier 2026 sur PC et consoles. Pr\u00e9sent\u00e9 comme le nouveau projet&hellip; Continue reading &ldquo;Highguard \u2013 Actu : un lancement mouvement\u00e9 pour le FPS des anciens d\u2019Apex Legends&rdquo;&hellip; <\/p><\/div>\n\n\n<hr class=\"wp-block-separator has-css-opacity\"\/>\n\n<\/li><\/ul><\/div>\n\n\n\n<h2 class=\"wp-block-heading\"><span style=\"color: #FF00FC;\">Flux d\u2019actualit\u00e9s<\/span><\/h2>\n\n\n\n<div class=\"wp-block-query is-layout-flow wp-block-query-is-layout-flow\"><ul class=\"columns-3 wp-block-post-template is-layout-grid wp-container-core-post-template-is-layout-2fc57c17 wp-block-post-template-is-layout-grid\"><li class=\"wp-block-post post-796 post type-post status-publish format-standard has-post-thumbnail hentry category-games category-actualites tag-actualite-gaming tag-fps tag-free-to-play tag-highguard tag-jeu-video tag-multijoueur tag-pc-ps5-xbox-series tag-raid-shooter tag-shooter-pvp tag-wildlight-entertainment entry\">\n\n<div class=\"wp-block-group\" style=\"padding-top:30px;padding-right:30px;padding-bottom:30px;padding-left:30px\"><div class=\"wp-block-group__inner-container is-layout-flow wp-block-group-is-layout-flow\"><h2 class=\"wp-block-post-title\"><a href=\"https:\/\/newsseriesgames.com\/fr_fr\/highguard-actu-un-lancement-mouvemente-pour-le-fps-des-anciens-dapex-legends\/\" target=\"_self\">Highguard \u2013 Actu : un lancement mouvement\u00e9 pour le FPS des anciens d\u2019Apex Legends<\/a><\/h2>\n\n<div class=\"wp-block-post-excerpt\"><p class=\"wp-block-post-excerpt__excerpt\">Une sortie tr\u00e8s attendue Highguard est sorti le 26 janvier 2026 sur PC et consoles. Pr\u00e9sent\u00e9 comme le nouveau projet&hellip; Continue reading &ldquo;Highguard \u2013 Actu : un lancement mouvement\u00e9 pour le FPS des anciens d\u2019Apex Legends&rdquo;&hellip; <\/p><\/div>\n\n<div class=\"wp-block-post-date\"><time datetime=\"2026-02-06T15:00:00+00:00\">06\/02\/2026<\/time><\/div><\/div><\/div>\n\n<\/li><li class=\"wp-block-post post-741 post type-post status-publish format-standard has-post-thumbnail hentry category-games category-actualites tag-actualite-gaming tag-capcom tag-franchise-resident-evil tag-gaming-news tag-horror tag-jeu-video tag-jeu-video-dhorreur tag-nouvelle-sortie tag-resident-evil tag-resident-evil-requiem tag-survival-horror entry\">\n\n<div class=\"wp-block-group\" style=\"padding-top:30px;padding-right:30px;padding-bottom:30px;padding-left:30px\"><div class=\"wp-block-group__inner-container is-layout-flow wp-block-group-is-layout-flow\"><h2 class=\"wp-block-post-title\"><a href=\"https:\/\/newsseriesgames.com\/fr_fr\/resident-evil-requiem-le-prochain-jeu-tres-attendu-fait-deja-trembler-les-fans-de-la-saga\/\" target=\"_self\">Resident Evil Requiem : le prochain jeu tr\u00e8s attendu fait d\u00e9j\u00e0 trembler les fans de la saga<\/a><\/h2>\n\n<div class=\"wp-block-post-excerpt\"><p class=\"wp-block-post-excerpt__excerpt\">Annonc\u00e9 comme le neuvi\u00e8me \u00e9pisode principal de la c\u00e9l\u00e8bre saga d\u2019horreur de Capcom, Resident Evil Requiem s\u2019impose d\u00e9j\u00e0 comme l\u2019un&hellip; Continue reading &ldquo;Resident Evil Requiem : le prochain jeu tr\u00e8s attendu fait d\u00e9j\u00e0 trembler les fans de la saga&rdquo;&hellip; <\/p><\/div>\n\n<div class=\"wp-block-post-date\"><time datetime=\"2026-01-19T18:49:44+00:00\">19\/01\/2026<\/time><\/div><\/div><\/div>\n\n<\/li><\/ul>\n\n\n<hr class=\"wp-block-separator has-alpha-channel-opacity\"\/>\n<\/div>\n\n\n\n<h2 class=\"wp-block-heading\"><span style=\"color: #FF00FC;\">Bloc \u00e9ditorial<\/span><\/h2>\n\n\n\n<div class=\"wp-block-group has-cyan-bluish-gray-background-color has-background\"><div class=\"wp-block-group__inner-container is-layout-constrained wp-block-group-is-layout-constrained\">\n<h3 class=\"wp-block-heading\">Notre approche de l\u2019actualit\u00e9 jeux vid\u00e9o<\/h3>\n\n\n\n<p><strong>News Series Games<\/strong> propose une couverture de l\u2019actualit\u00e9 jeux vid\u00e9o claire et v\u00e9rifi\u00e9e, en privil\u00e9giant les informations officielles et contextualis\u00e9es, sans sensationnalisme.<\/p>\n<\/div><\/div>\n\n\n\n<hr class=\"wp-block-separator has-alpha-channel-opacity\"\/>\n\n\n\n<p><em>Voir toute l&rsquo;<a href=\"https:\/\/newsseriesgames.com\/fr_fr\/tag\/actualite-gaming\/\">actualit\u00e9 gaming<\/a><\/em><\/p>\n","protected":false},"excerpt":{"rendered":"<div class=\"entry-summary\">\nRetrouvez toute l\u2019actualit\u00e9 jeux vid\u00e9o : annonces, sorties, trailers, mises \u00e0 jour, \u00e9v\u00e9nements et informations sur l\u2019industrie vid\u00e9oludique. Article \u00e0&hellip;\n<\/div>\n<div class=\"link-more\"><a href=\"https:\/\/newsseriesgames.com\/fr_fr\/actualites-jeux-video\/\" class=\"more-link\">Continue reading<span class=\"screen-reader-text\"> &ldquo;Actualit\u00e9s \u2013 jeux vid\u00e9o&rdquo;<\/span>&hellip;<\/a><\/div>\n","protected":false},"author":1,"featured_media":0,"parent":0,"menu_order":0,"comment_status":"closed","ping_status":"closed","template":"","meta":{"_acf_changed":false,"footnotes":""},"class_list":["post-745","page","type-page","status-publish","hentry","entry"],"acf":[],"jetpack_sharing_enabled":true,"jetpack-related-posts":[{"id":739,"url":"https:\/\/newsseriesgames.com\/fr_fr\/jeux-video-actualites-analyses-et-critiques\/","url_meta":{"origin":745,"position":0},"title":"Jeux Vid\u00e9o \u2013 Actualit\u00e9s, Analyses et Critiques","author":"News Series Games","date":"11\/02\/2026","format":false,"excerpt":"Retrouvez toute l\u2019actualit\u00e9 jeux vid\u00e9o, nos analyses approfondies et nos critiques de jeux sur consoles et PC. News Series Games propose un regard \u00e9ditorial ind\u00e9pendant sur l\u2019industrie vid\u00e9oludique. \u00c0 la une \u2013 Jeux Vid\u00e9o Actualit\u00e9s Jeux Vid\u00e9o Critiques Jeux Vid\u00e9o Analyses Jeux Vid\u00e9o Jeux populaires \/ Th\u00e9matiques Action RPG \u2022\u2026","rel":"","context":"Article similaire","block_context":{"text":"Article similaire","link":""},"img":{"alt_text":"","src":"","width":0,"height":0},"classes":[]},{"id":545,"url":"https:\/\/newsseriesgames.com\/fr_fr\/","url_meta":{"origin":745,"position":1},"title":"Bienvenue sur News Series Games","author":"News Series Games","date":"05\/01\/2026","format":false,"excerpt":"News Series Games \u2013 L\u2019actualit\u00e9 et l\u2019analyse des jeux vid\u00e9o et des s\u00e9ries TV Toute l\u2019actualit\u00e9 des s\u00e9ries TV et des jeux vid\u00e9o.Critiques, news, d\u00e9couvertes et recommandations. S\u00e9rie TV Critiques, news et analyses des meilleures s\u00e9ries du moment. Voir les s\u00e9ries Jeu-vid\u00e9o Tests, actualit\u00e9s et d\u00e9couvertes gaming sur consoles et\u2026","rel":"","context":"Article similaire","block_context":{"text":"Article similaire","link":""},"img":{"alt_text":"","src":"https:\/\/i0.wp.com\/newsseriesgames.com\/wp-content\/uploads\/2026\/01\/categorie-serie-tv.png?resize=350%2C200&ssl=1","width":350,"height":200,"srcset":"https:\/\/i0.wp.com\/newsseriesgames.com\/wp-content\/uploads\/2026\/01\/categorie-serie-tv.png?resize=350%2C200&ssl=1 1x, https:\/\/i0.wp.com\/newsseriesgames.com\/wp-content\/uploads\/2026\/01\/categorie-serie-tv.png?resize=525%2C300&ssl=1 1.5x, https:\/\/i0.wp.com\/newsseriesgames.com\/wp-content\/uploads\/2026\/01\/categorie-serie-tv.png?resize=700%2C400&ssl=1 2x, https:\/\/i0.wp.com\/newsseriesgames.com\/wp-content\/uploads\/2026\/01\/categorie-serie-tv.png?resize=1050%2C600&ssl=1 3x, https:\/\/i0.wp.com\/newsseriesgames.com\/wp-content\/uploads\/2026\/01\/categorie-serie-tv.png?resize=1400%2C800&ssl=1 4x"},"classes":[]},{"id":779,"url":"https:\/\/newsseriesgames.com\/fr_fr\/analyses-jeux-video\/","url_meta":{"origin":745,"position":2},"title":"Analyses Jeux Vid\u00e9o","author":"News Series Games","date":"11\/02\/2026","format":false,"excerpt":"Introduction D\u00e9couvrez nos analyses jeux vid\u00e9o : gameplay, narration, direction artistique et th\u00e9matiques abord\u00e9es. News Series Games propose un regard critique et approfondi sur les \u0153uvres vid\u00e9oludiques, au-del\u00e0 de l\u2019actualit\u00e9. Analyse \u00e0 la une Liste principale des analyses Notre approche des analyses jeux vid\u00e9o Nos analyses jeux vid\u00e9o s\u2019int\u00e9ressent aux\u2026","rel":"","context":"Article similaire","block_context":{"text":"Article similaire","link":""},"img":{"alt_text":"","src":"","width":0,"height":0},"classes":[]},{"id":74,"url":"https:\/\/newsseriesgames.com\/fr_fr\/a-propos\/","url_meta":{"origin":745,"position":3},"title":"\u00c0 propos","author":"News Series Games","date":"23\/10\/2025","format":false,"excerpt":"\ud83c\udfae Bienvenue dans l\u2019univers de News Series & Games \ud83c\udfac News Series & Games, par des passionn\u00e9s, vous plonge dans l\u2019univers des jeux vid\u00e9o et des s\u00e9ries TV. Actualit\u00e9s, tests, critiques et analyses pour ne rien manquer de vos mondes favoris ! Ici, chaque article est une porte d\u2019entr\u00e9e vers\u2026","rel":"","context":"Article similaire","block_context":{"text":"Article similaire","link":""},"img":{"alt_text":"","src":"https:\/\/i0.wp.com\/newsseriesgames.com\/wp-content\/uploads\/2026\/01\/affiche-tele.png?resize=350%2C200&ssl=1","width":350,"height":200,"srcset":"https:\/\/i0.wp.com\/newsseriesgames.com\/wp-content\/uploads\/2026\/01\/affiche-tele.png?resize=350%2C200&ssl=1 1x, https:\/\/i0.wp.com\/newsseriesgames.com\/wp-content\/uploads\/2026\/01\/affiche-tele.png?resize=525%2C300&ssl=1 1.5x, https:\/\/i0.wp.com\/newsseriesgames.com\/wp-content\/uploads\/2026\/01\/affiche-tele.png?resize=700%2C400&ssl=1 2x, https:\/\/i0.wp.com\/newsseriesgames.com\/wp-content\/uploads\/2026\/01\/affiche-tele.png?resize=1050%2C600&ssl=1 3x"},"classes":[]},{"id":54,"url":"https:\/\/newsseriesgames.com\/fr_fr\/blog\/","url_meta":{"origin":745,"position":4},"title":"Blog","author":"News Series Games","date":"18\/08\/2025","format":false,"excerpt":"Bienvenue sur News Series Games ! Ici, vous trouverez toutes les critiques, analyses et actualit\u00e9s sur vos s\u00e9ries TV et jeux vid\u00e9o pr\u00e9f\u00e9r\u00e9s. Explorez nos articles r\u00e9cents, d\u00e9couvrez des coups de c\u0153ur et ne manquez rien de l\u2019actualit\u00e9 geek et pop culture ! Derniers articles publi\u00e9s Tous nos articles Cat\u00e9gorie\u2026","rel":"","context":"Article similaire","block_context":{"text":"Article similaire","link":""},"img":{"alt_text":"","src":"https:\/\/i0.wp.com\/newsseriesgames.com\/wp-content\/uploads\/2026\/01\/banniere-blog-1.png?resize=350%2C200&ssl=1","width":350,"height":200,"srcset":"https:\/\/i0.wp.com\/newsseriesgames.com\/wp-content\/uploads\/2026\/01\/banniere-blog-1.png?resize=350%2C200&ssl=1 1x, https:\/\/i0.wp.com\/newsseriesgames.com\/wp-content\/uploads\/2026\/01\/banniere-blog-1.png?resize=525%2C300&ssl=1 1.5x, https:\/\/i0.wp.com\/newsseriesgames.com\/wp-content\/uploads\/2026\/01\/banniere-blog-1.png?resize=700%2C400&ssl=1 2x, https:\/\/i0.wp.com\/newsseriesgames.com\/wp-content\/uploads\/2026\/01\/banniere-blog-1.png?resize=1050%2C600&ssl=1 3x, https:\/\/i0.wp.com\/newsseriesgames.com\/wp-content\/uploads\/2026\/01\/banniere-blog-1.png?resize=1400%2C800&ssl=1 4x"},"classes":[]},{"id":676,"url":"https:\/\/newsseriesgames.com\/fr_fr\/charte-editoriale\/","url_meta":{"origin":745,"position":5},"title":"Charte \u00e9ditoriale","author":"News Series Games","date":"11\/01\/2026","format":false,"excerpt":"Site : https:\/\/newsseriesgames.com 1. Pr\u00e9sentation du site NewsSeriesGames.com est un blog ind\u00e9pendant d\u00e9di\u00e9 \u00e0 l\u2019actualit\u00e9, aux analyses, aux critiques et aux dossiers autour des jeux vid\u00e9o et des s\u00e9ries t\u00e9l\u00e9vis\u00e9es. Le site a pour vocation d\u2019informer, de divertir et de partager une passion commune pour la culture vid\u00e9oludique et audiovisuelle,\u2026","rel":"","context":"Article similaire","block_context":{"text":"Article similaire","link":""},"img":{"alt_text":"","src":"","width":0,"height":0},"classes":[]}],"_links":{"self":[{"href":"https:\/\/newsseriesgames.com\/fr_fr\/wp-json\/wp\/v2\/pages\/745","targetHints":{"allow":["GET"]}}],"collection":[{"href":"https:\/\/newsseriesgames.com\/fr_fr\/wp-json\/wp\/v2\/pages"}],"about":[{"href":"https:\/\/newsseriesgames.com\/fr_fr\/wp-json\/wp\/v2\/types\/page"}],"author":[{"embeddable":true,"href":"https:\/\/newsseriesgames.com\/fr_fr\/wp-json\/wp\/v2\/users\/1"}],"replies":[{"embeddable":true,"href":"https:\/\/newsseriesgames.com\/fr_fr\/wp-json\/wp\/v2\/comments?post=745"}],"version-history":[{"count":3,"href":"https:\/\/newsseriesgames.com\/fr_fr\/wp-json\/wp\/v2\/pages\/745\/revisions"}],"predecessor-version":[{"id":829,"href":"https:\/\/newsseriesgames.com\/fr_fr\/wp-json\/wp\/v2\/pages\/745\/revisions\/829"}],"wp:attachment":[{"href":"https:\/\/newsseriesgames.com\/fr_fr\/wp-json\/wp\/v2\/media?parent=745"}],"curies":[{"name":"wp","href":"https:\/\/api.w.org\/{rel}","templated":true}]}}