{"id":807,"date":"2026-02-12T15:40:55","date_gmt":"2026-02-12T15:40:55","guid":{"rendered":"https:\/\/newsseriesgames.com\/?page_id=807"},"modified":"2026-02-12T15:40:58","modified_gmt":"2026-02-12T15:40:58","slug":"critiques-series-tv","status":"publish","type":"page","link":"https:\/\/newsseriesgames.com\/en\/critiques-series-tv\/","title":{"rendered":"TV Series Reviews"},"content":{"rendered":"<p>Retrouvez nos critiques de s\u00e9ries TV, r\u00e9dig\u00e9es apr\u00e8s visionnage complet. Nous \u00e9valuons l\u2019\u00e9criture, la mise en sc\u00e8ne, les personnages et le rythme, avec un verdict clair et argument\u00e9, sans spoilers majeurs.<\/p>\n\n\n\n<hr class=\"wp-block-separator has-alpha-channel-opacity\"\/>\n\n\n\n<h2 class=\"wp-block-heading\"><span style=\"color: #FF00FC;\">Critique \u00e0 la une<\/span>\n<\/h2>\n\n\n\n<div class=\"wp-block-query is-layout-flow wp-block-query-is-layout-flow\"><ul class=\"wp-block-post-template is-layout-flow wp-block-post-template-is-layout-flow\"><li class=\"wp-block-post post-599 post type-post status-publish format-standard has-post-thumbnail hentry category-series category-critiques-series tag-50-cent tag-ambition-pouvoir tag-critique-serie tag-drama-criminel tag-fans-de-series tag-james-ghost-st-patrick tag-netflix tag-power tag-series-tv-americaines tag-starz tag-trafic-crime tag-univers-power entry\">\n<h2 class=\"wp-block-post-title\"><a href=\"https:\/\/newsseriesgames.com\/en\/power-la-serie-culte-de-50-cent-qui-a-marque-une-generation\/\" target=\"_self\">Power, la s\u00e9rie culte de 50 Cent qui a marqu\u00e9 une g\u00e9n\u00e9ration<\/a><\/h2>\n\n<figure class=\"alignwide wp-block-post-featured-image\"><a href=\"https:\/\/newsseriesgames.com\/en\/power-la-serie-culte-de-50-cent-qui-a-marque-une-generation\/\" target=\"_self\"><img decoding=\"async\" width=\"1920\" height=\"1080\" src=\"https:\/\/newsseriesgames.com\/wp-content\/uploads\/2026\/01\/power.jpg\" class=\"attachment-post-thumbnail size-post-thumbnail wp-post-image\" alt=\"Power, la s\u00e9rie culte de 50 Cent qui a marqu\u00e9 une g\u00e9n\u00e9ration\" style=\"object-fit:cover;\" srcset=\"https:\/\/newsseriesgames.com\/wp-content\/uploads\/2026\/01\/power.jpg 1920w, https:\/\/newsseriesgames.com\/wp-content\/uploads\/2026\/01\/power-300x169.jpg 300w, https:\/\/newsseriesgames.com\/wp-content\/uploads\/2026\/01\/power-1024x576.jpg 1024w, https:\/\/newsseriesgames.com\/wp-content\/uploads\/2026\/01\/power-768x432.jpg 768w, https:\/\/newsseriesgames.com\/wp-content\/uploads\/2026\/01\/power-1536x864.jpg 1536w, https:\/\/newsseriesgames.com\/wp-content\/uploads\/2026\/01\/power-18x10.jpg 18w\" sizes=\"(max-width: 1920px) 100vw, 1920px\" \/><\/a><\/figure>\n\n<div class=\"wp-block-post-excerpt\"><p class=\"wp-block-post-excerpt__excerpt\">Introduction La s\u00e9rie Power s\u2019est impos\u00e9e comme l\u2019une des r\u00e9f\u00e9rences majeures des dramas criminels modernes. Entre trafic de drogue, ambitions&hellip; Continue reading &ldquo;Power, la s\u00e9rie culte de 50 Cent qui a marqu\u00e9 une g\u00e9n\u00e9ration&rdquo;&hellip; <\/p><\/div>\n\n\n<hr class=\"wp-block-separator has-css-opacity\"\/>\n\n<\/li><\/ul><\/div>\n\n\n\n<h2 class=\"wp-block-heading\"><span style=\"color: #FF00FC;\">Liste principale des critiques<\/span>\n<\/h2>\n\n\n\n<div class=\"wp-block-query is-layout-flow wp-block-query-is-layout-flow\"><ul class=\"wp-block-post-template is-layout-flow wp-block-post-template-is-layout-flow\"><li class=\"wp-block-post post-599 post type-post status-publish format-standard has-post-thumbnail hentry category-series category-critiques-series tag-50-cent tag-ambition-pouvoir tag-critique-serie tag-drama-criminel tag-fans-de-series tag-james-ghost-st-patrick tag-netflix tag-power tag-series-tv-americaines tag-starz tag-trafic-crime tag-univers-power entry\">\n\n<div class=\"wp-block-columns alignwide is-layout-flex wp-container-core-columns-is-layout-9d6595d7 wp-block-columns-is-layout-flex\">\n<div class=\"wp-block-column is-layout-flow wp-block-column-is-layout-flow\" style=\"flex-basis:66.66%\"><figure class=\"wp-block-post-featured-image\"><a href=\"https:\/\/newsseriesgames.com\/en\/power-la-serie-culte-de-50-cent-qui-a-marque-une-generation\/\" target=\"_self\"><img decoding=\"async\" width=\"1920\" height=\"1080\" src=\"https:\/\/newsseriesgames.com\/wp-content\/uploads\/2026\/01\/power.jpg\" class=\"attachment-post-thumbnail size-post-thumbnail wp-post-image\" alt=\"Power, la s\u00e9rie culte de 50 Cent qui a marqu\u00e9 une g\u00e9n\u00e9ration\" style=\"object-fit:cover;\" srcset=\"https:\/\/newsseriesgames.com\/wp-content\/uploads\/2026\/01\/power.jpg 1920w, https:\/\/newsseriesgames.com\/wp-content\/uploads\/2026\/01\/power-300x169.jpg 300w, https:\/\/newsseriesgames.com\/wp-content\/uploads\/2026\/01\/power-1024x576.jpg 1024w, https:\/\/newsseriesgames.com\/wp-content\/uploads\/2026\/01\/power-768x432.jpg 768w, https:\/\/newsseriesgames.com\/wp-content\/uploads\/2026\/01\/power-1536x864.jpg 1536w, https:\/\/newsseriesgames.com\/wp-content\/uploads\/2026\/01\/power-18x10.jpg 18w\" sizes=\"(max-width: 1920px) 100vw, 1920px\" \/><\/a><\/figure><\/div>\n\n\n\n<div class=\"wp-block-column is-layout-flow wp-block-column-is-layout-flow\" style=\"flex-basis:33.33%\"><h2 class=\"wp-block-post-title\"><a href=\"https:\/\/newsseriesgames.com\/en\/power-la-serie-culte-de-50-cent-qui-a-marque-une-generation\/\" target=\"_self\">Power, la s\u00e9rie culte de 50 Cent qui a marqu\u00e9 une g\u00e9n\u00e9ration<\/a><\/h2>\n\n<div class=\"wp-block-post-excerpt\"><p class=\"wp-block-post-excerpt__excerpt\">Introduction La s\u00e9rie Power s\u2019est impos\u00e9e comme l\u2019une des r\u00e9f\u00e9rences majeures des dramas criminels modernes. Entre trafic de drogue, ambitions&hellip; Continue reading &ldquo;Power, la s\u00e9rie culte de 50 Cent qui a marqu\u00e9 une g\u00e9n\u00e9ration&rdquo;&hellip; <\/p><\/div><\/div>\n<\/div>\n\n<\/li><li class=\"wp-block-post post-576 post type-post status-publish format-standard has-post-thumbnail hentry category-series category-critiques-series category-populaire tag-analyse-finale tag-critique-serie tag-finale-stranger-things tag-hawkins tag-netflix tag-serie-tv tag-stranger-things tag-stranger-things-saison-5 tag-supernaturel tag-upside-down tag-vecna entry\">\n\n<div class=\"wp-block-columns alignwide is-layout-flex wp-container-core-columns-is-layout-9d6595d7 wp-block-columns-is-layout-flex\">\n<div class=\"wp-block-column is-layout-flow wp-block-column-is-layout-flow\" style=\"flex-basis:66.66%\"><figure class=\"wp-block-post-featured-image\"><a href=\"https:\/\/newsseriesgames.com\/en\/stranger-things-saison-5-un-final-explosif-qui-bouleverse-hawkins\/\" target=\"_self\"><img decoding=\"async\" width=\"1200\" height=\"1778\" src=\"https:\/\/newsseriesgames.com\/wp-content\/uploads\/2026\/01\/fin-stranger-things-off.jpg\" class=\"attachment-post-thumbnail size-post-thumbnail wp-post-image\" alt=\"Stranger Things saison 5 : un final explosif qui bouleverse Hawkins\" style=\"object-fit:cover;\" srcset=\"https:\/\/newsseriesgames.com\/wp-content\/uploads\/2026\/01\/fin-stranger-things-off.jpg 1200w, https:\/\/newsseriesgames.com\/wp-content\/uploads\/2026\/01\/fin-stranger-things-off-202x300.jpg 202w, https:\/\/newsseriesgames.com\/wp-content\/uploads\/2026\/01\/fin-stranger-things-off-691x1024.jpg 691w, https:\/\/newsseriesgames.com\/wp-content\/uploads\/2026\/01\/fin-stranger-things-off-768x1138.jpg 768w, https:\/\/newsseriesgames.com\/wp-content\/uploads\/2026\/01\/fin-stranger-things-off-1037x1536.jpg 1037w, https:\/\/newsseriesgames.com\/wp-content\/uploads\/2026\/01\/fin-stranger-things-off-8x12.jpg 8w\" sizes=\"(max-width: 1200px) 100vw, 1200px\" \/><\/a><\/figure><\/div>\n\n\n\n<div class=\"wp-block-column is-layout-flow wp-block-column-is-layout-flow\" style=\"flex-basis:33.33%\"><h2 class=\"wp-block-post-title\"><a href=\"https:\/\/newsseriesgames.com\/en\/stranger-things-saison-5-un-final-explosif-qui-bouleverse-hawkins\/\" target=\"_self\">Stranger Things saison 5 : un final explosif qui bouleverse Hawkins<\/a><\/h2>\n\n<div class=\"wp-block-post-excerpt\"><p class=\"wp-block-post-excerpt__excerpt\">\ud83d\udcc5 Dates de sortie et format La saison 5 de Stranger Things marque la fin d\u00e9finitive de la s\u00e9rie. Netflix&hellip; Continue reading &ldquo;Stranger Things saison 5 : un final explosif qui bouleverse Hawkins&rdquo;&hellip; <\/p><\/div><\/div>\n<\/div>\n\n<\/li><li class=\"wp-block-post post-420 post type-post status-publish format-standard has-post-thumbnail hentry category-series category-critiques-series category-populaire tag-corruption tag-crime-thriller tag-critique-serie tag-drogue-gangs tag-jeremy-renner tag-mayor-of-kingstown tag-mike-mclusky tag-paramount tag-prison tag-serie-tv tag-taylor-sheridan entry\">\n\n<div class=\"wp-block-columns alignwide is-layout-flex wp-container-core-columns-is-layout-9d6595d7 wp-block-columns-is-layout-flex\">\n<div class=\"wp-block-column is-layout-flow wp-block-column-is-layout-flow\" style=\"flex-basis:66.66%\"><figure class=\"wp-block-post-featured-image\"><a href=\"https:\/\/newsseriesgames.com\/en\/article-mayor-of-kingstown-plongee-au-coeur-du-pouvoir-et-de-la-corruption\/\" target=\"_self\"><img decoding=\"async\" width=\"510\" height=\"755\" src=\"https:\/\/newsseriesgames.com\/wp-content\/uploads\/2025\/12\/major-of-kingstown.jpg\" class=\"attachment-post-thumbnail size-post-thumbnail wp-post-image\" alt=\"Mayor of Kingstown : Analyse de la s\u00e9rie entre pouvoir et corruption\" style=\"object-fit:cover;\" srcset=\"https:\/\/newsseriesgames.com\/wp-content\/uploads\/2025\/12\/major-of-kingstown.jpg 510w, https:\/\/newsseriesgames.com\/wp-content\/uploads\/2025\/12\/major-of-kingstown-203x300.jpg 203w, https:\/\/newsseriesgames.com\/wp-content\/uploads\/2025\/12\/major-of-kingstown-8x12.jpg 8w\" sizes=\"(max-width: 510px) 100vw, 510px\" \/><\/a><\/figure><\/div>\n\n\n\n<div class=\"wp-block-column is-layout-flow wp-block-column-is-layout-flow\" style=\"flex-basis:33.33%\"><h2 class=\"wp-block-post-title\"><a href=\"https:\/\/newsseriesgames.com\/en\/article-mayor-of-kingstown-plongee-au-coeur-du-pouvoir-et-de-la-corruption\/\" target=\"_self\">Mayor of Kingstown : Analyse de la s\u00e9rie entre pouvoir et corruption<\/a><\/h2>\n\n<div class=\"wp-block-post-excerpt\"><p class=\"wp-block-post-excerpt__excerpt\">Affiche officielle \u2013 \u00a9 Paramount+ \/ Mayor of Kingstown Introduction Dans un monde o\u00f9 le crime, la corruption et le&hellip; Continue reading &ldquo;Mayor of Kingstown : Analyse de la s\u00e9rie entre pouvoir et corruption&rdquo;&hellip; <\/p><\/div><\/div>\n<\/div>\n\n<\/li><li class=\"wp-block-post post-317 post type-post status-publish format-standard has-post-thumbnail hentry category-series category-critiques-series tag-19-siecle tag-aventure tag-billy-the-kid tag-critique-serie tag-historique tag-hors-la-loi tag-lincoln-county-war tag-mgm tag-serie-tv tag-tom-blyth tag-western entry\">\n\n<div class=\"wp-block-columns alignwide is-layout-flex wp-container-core-columns-is-layout-9d6595d7 wp-block-columns-is-layout-flex\">\n<div class=\"wp-block-column is-layout-flow wp-block-column-is-layout-flow\" style=\"flex-basis:66.66%\"><figure class=\"wp-block-post-featured-image\"><a href=\"https:\/\/newsseriesgames.com\/en\/article-billy-the-kid\/\" target=\"_self\"><img decoding=\"async\" width=\"510\" height=\"755\" src=\"https:\/\/newsseriesgames.com\/wp-content\/uploads\/2025\/12\/billy-the-kid-off.jpg\" class=\"attachment-post-thumbnail size-post-thumbnail wp-post-image\" alt=\"Billy the Kid : la s\u00e9rie captivante sur le hors-la-loi l\u00e9gendaire\" style=\"object-fit:cover;\" srcset=\"https:\/\/newsseriesgames.com\/wp-content\/uploads\/2025\/12\/billy-the-kid-off.jpg 510w, https:\/\/newsseriesgames.com\/wp-content\/uploads\/2025\/12\/billy-the-kid-off-203x300.jpg 203w, https:\/\/newsseriesgames.com\/wp-content\/uploads\/2025\/12\/billy-the-kid-off-8x12.jpg 8w\" sizes=\"(max-width: 510px) 100vw, 510px\" \/><\/a><\/figure><\/div>\n\n\n\n<div class=\"wp-block-column is-layout-flow wp-block-column-is-layout-flow\" style=\"flex-basis:33.33%\"><h2 class=\"wp-block-post-title\"><a href=\"https:\/\/newsseriesgames.com\/en\/article-billy-the-kid\/\" target=\"_self\">Billy the Kid : la s\u00e9rie captivante sur le hors-la-loi l\u00e9gendaire<\/a><\/h2>\n\n<div class=\"wp-block-post-excerpt\"><p class=\"wp-block-post-excerpt__excerpt\">Introduction La s\u00e9rie Billy the Kid est un western dramatique am\u00e9ricain, cr\u00e9\u00e9 par Michael Hirst.Elle nous plonge dans le 19\u1d49&hellip; Continue reading &ldquo;Billy the Kid : la s\u00e9rie captivante sur le hors-la-loi l\u00e9gendaire&rdquo;&hellip; <\/p><\/div><\/div>\n<\/div>\n\n<\/li><li class=\"wp-block-post post-303 post type-post status-publish format-standard has-post-thumbnail hentry category-series category-critiques-series tag-ciri tag-critique-serie tag-fantastique tag-fantasy-medievale tag-geral-de-riv tag-henry-cavill tag-liam-hemsworth tag-netflix tag-serie-tv tag-the-witcher tag-yennefer entry\">\n\n<div class=\"wp-block-columns alignwide is-layout-flex wp-container-core-columns-is-layout-9d6595d7 wp-block-columns-is-layout-flex\">\n<div class=\"wp-block-column is-layout-flow wp-block-column-is-layout-flow\" style=\"flex-basis:66.66%\"><figure class=\"wp-block-post-featured-image\"><a href=\"https:\/\/newsseriesgames.com\/en\/article-the-witcher\/\" target=\"_self\"><img decoding=\"async\" width=\"270\" height=\"337\" src=\"https:\/\/newsseriesgames.com\/wp-content\/uploads\/2025\/11\/MV5BOTQzMzNmMzUtODgwNS00YTdhLTg5N2MtOWU1YTc4YWY3NjRlXkEy_002.jpg\" class=\"attachment-post-thumbnail size-post-thumbnail wp-post-image\" alt=\"The Witcher : Secrets et intrigues de la s\u00e9rie\" style=\"object-fit:cover;\" srcset=\"https:\/\/newsseriesgames.com\/wp-content\/uploads\/2025\/11\/MV5BOTQzMzNmMzUtODgwNS00YTdhLTg5N2MtOWU1YTc4YWY3NjRlXkEy_002.jpg 270w, https:\/\/newsseriesgames.com\/wp-content\/uploads\/2025\/11\/MV5BOTQzMzNmMzUtODgwNS00YTdhLTg5N2MtOWU1YTc4YWY3NjRlXkEy_002-240x300.jpg 240w, https:\/\/newsseriesgames.com\/wp-content\/uploads\/2025\/11\/MV5BOTQzMzNmMzUtODgwNS00YTdhLTg5N2MtOWU1YTc4YWY3NjRlXkEy_002-10x12.jpg 10w\" sizes=\"(max-width: 270px) 100vw, 270px\" \/><\/a><\/figure><\/div>\n\n\n\n<div class=\"wp-block-column is-layout-flow wp-block-column-is-layout-flow\" style=\"flex-basis:33.33%\"><h2 class=\"wp-block-post-title\"><a href=\"https:\/\/newsseriesgames.com\/en\/article-the-witcher\/\" target=\"_self\">The Witcher : Secrets et intrigues de la s\u00e9rie<\/a><\/h2>\n\n<div class=\"wp-block-post-excerpt\"><p class=\"wp-block-post-excerpt__excerpt\">Introduction Adapt\u00e9e de la saga litt\u00e9raire d&rsquo;Andrzej Sapkowski, The Witcher s&rsquo;est impos\u00e9e comme l&rsquo;une des s\u00e9ries incontournables de Netflix. Entre&hellip; Continue reading &ldquo;The Witcher : Secrets et intrigues de la s\u00e9rie&rdquo;&hellip; <\/p><\/div><\/div>\n<\/div>\n\n<\/li><\/ul>\n\n\n<hr class=\"wp-block-separator has-alpha-channel-opacity\"\/>\n<\/div>\n\n\n\n<h2 class=\"wp-block-heading\"><span style=\"color: #FF00FC;\">Filtres &amp; navigation<\/span>\n<\/h2>\n\n\n\n<p><a href=\"https:\/\/newsseriesgames.com\/en\/tag\/1980s\/\">1980s<\/a> \u2022 <a href=\"https:\/\/newsseriesgames.com\/en\/tag\/50-cent\/\">50 cent<\/a> \u2022 <a href=\"https:\/\/newsseriesgames.com\/en\/tag\/action\/\">Action<\/a> \u2022 <a href=\"https:\/\/newsseriesgames.com\/en\/tag\/addiction\/\">Addiction<\/a> \u2022 <a href=\"https:\/\/newsseriesgames.com\/en\/tag\/ambition-pouvoir\/\">Ambition &amp; pouvoir<\/a> \u2022 <a href=\"https:\/\/newsseriesgames.com\/en\/tag\/aventure\/\">Aventure<\/a> \u2022 <a href=\"https:\/\/newsseriesgames.com\/en\/tag\/apple-tv\/\">Apple TV+<\/a> \u2022 <a href=\"https:\/\/newsseriesgames.com\/en\/tag\/comedie-dramatique\/\">Com\u00e9die dramatique <\/a>\u2022 <a href=\"https:\/\/newsseriesgames.com\/en\/tag\/corruption\/\">Corruption<\/a> \u2022 <a href=\"https:\/\/newsseriesgames.com\/en\/tag\/crime-thriller\/\">Crime thriller<\/a> \u2022 <a href=\"https:\/\/newsseriesgames.com\/en\/tag\/drame-adolescent\/\">Drame adolescent<\/a> \u2022 <a href=\"https:\/\/newsseriesgames.com\/en\/tag\/fantastique\/\">Fantastique<\/a> \u2022 <a href=\"https:\/\/newsseriesgames.com\/en\/tag\/horreur\/\">Horreur<\/a> \u2022 <a href=\"https:\/\/newsseriesgames.com\/en\/tag\/mystere\/\">Myst\u00e8re<\/a> \u2022 <a href=\"https:\/\/newsseriesgames.com\/en\/tag\/netflix\/\">Netflix<\/a> \u2022 <a href=\"https:\/\/newsseriesgames.com\/en\/tag\/serie-romantique\/\">Romantique<\/a> \u2022 <a href=\"https:\/\/newsseriesgames.com\/en\/tag\/supernaturel\/\">Supernaturel<\/a> \u2022 <a href=\"https:\/\/newsseriesgames.com\/en\/tag\/trafic-crime\/\">Trafic &amp; Crime<\/a> \u2022 <a href=\"https:\/\/newsseriesgames.com\/en\/tag\/thriller\/\">Thriller<\/a><\/p>\n\n\n\n<hr class=\"wp-block-separator has-alpha-channel-opacity\"\/>\n\n\n\n<h2 class=\"wp-block-heading\"><span style=\"color: #FF00FC;\">Notre approche des critiques s\u00e9ries TV<\/span>\n<\/h2>\n\n\n\n<p class=\"has-cyan-bluish-gray-background-color has-background\">Nos critiques sont r\u00e9dig\u00e9es apr\u00e8s visionnage complet, avec une attention particuli\u00e8re port\u00e9e \u00e0 la narration, aux personnages et \u00e0 la coh\u00e9rence globale de la s\u00e9rie. Nous privil\u00e9gions une \u00e9valuation honn\u00eate et argument\u00e9e, sans chercher \u00e0 influencer artificiellement l\u2019opinion du lecteur.<\/p>","protected":false},"excerpt":{"rendered":"<div class=\"entry-summary\">\nRetrouvez nos critiques de s\u00e9ries TV, r\u00e9dig\u00e9es apr\u00e8s visionnage complet. Nous \u00e9valuons l\u2019\u00e9criture, la mise en sc\u00e8ne, les personnages et&hellip;\n<\/div>\n<div class=\"link-more\"><a href=\"https:\/\/newsseriesgames.com\/en\/critiques-series-tv\/\" class=\"more-link\">Continue reading<span class=\"screen-reader-text\"> &ldquo;Critiques S\u00e9ries TV&rdquo;<\/span>&hellip;<\/a><\/div>","protected":false},"author":1,"featured_media":0,"parent":0,"menu_order":0,"comment_status":"closed","ping_status":"closed","template":"","meta":{"_acf_changed":false,"footnotes":""},"class_list":["post-807","page","type-page","status-publish","hentry","entry"],"acf":[],"jetpack_sharing_enabled":true,"jetpack-related-posts":[{"id":790,"url":"https:\/\/newsseriesgames.com\/en\/series-tv-actualites-analyses-et-critiques\/","url_meta":{"origin":807,"position":0},"title":"TV Series \u2013 News, Analysis, and Reviews","author":"News Series Games","date":"12\/02\/2026","format":false,"excerpt":"Introduction Retrouvez toutes les actualit\u00e9s, analyses et critiques de s\u00e9ries TV sur News Series Games. Des nouveaut\u00e9s aux classiques, notre site propose un regard critique et d\u00e9taill\u00e9 sur l\u2019univers des s\u00e9ries, pour les fans comme pour les curieux. \u00c0 la une S\u00e9rie TV Actualit\u00e9s S\u00e9ries TV Voir toutes les actualit\u00e9s\u2026","rel":"","context":"Similar post","block_context":{"text":"Similar post","link":""},"img":{"alt_text":"","src":"","width":0,"height":0},"classes":[]},{"id":545,"url":"https:\/\/newsseriesgames.com\/en\/","url_meta":{"origin":807,"position":1},"title":"Welcome to News Series Games","author":"News Series Games","date":"05\/01\/2026","format":false,"excerpt":"News Series Games \u2013 L\u2019actualit\u00e9 et l\u2019analyse des jeux vid\u00e9o et des s\u00e9ries TV Toute l\u2019actualit\u00e9 des s\u00e9ries TV et des jeux vid\u00e9o.Critiques, news, d\u00e9couvertes et recommandations. S\u00e9rie TV Critiques, news et analyses des meilleures s\u00e9ries du moment. Voir les s\u00e9ries Jeu-vid\u00e9o Tests, actualit\u00e9s et d\u00e9couvertes gaming sur consoles et\u2026","rel":"","context":"Similar post","block_context":{"text":"Similar post","link":""},"img":{"alt_text":"","src":"https:\/\/i0.wp.com\/newsseriesgames.com\/wp-content\/uploads\/2026\/01\/categorie-serie-tv.png?resize=350%2C200&ssl=1","width":350,"height":200,"srcset":"https:\/\/i0.wp.com\/newsseriesgames.com\/wp-content\/uploads\/2026\/01\/categorie-serie-tv.png?resize=350%2C200&ssl=1 1x, https:\/\/i0.wp.com\/newsseriesgames.com\/wp-content\/uploads\/2026\/01\/categorie-serie-tv.png?resize=525%2C300&ssl=1 1.5x, https:\/\/i0.wp.com\/newsseriesgames.com\/wp-content\/uploads\/2026\/01\/categorie-serie-tv.png?resize=700%2C400&ssl=1 2x, https:\/\/i0.wp.com\/newsseriesgames.com\/wp-content\/uploads\/2026\/01\/categorie-serie-tv.png?resize=1050%2C600&ssl=1 3x, https:\/\/i0.wp.com\/newsseriesgames.com\/wp-content\/uploads\/2026\/01\/categorie-serie-tv.png?resize=1400%2C800&ssl=1 4x"},"classes":[]},{"id":805,"url":"https:\/\/newsseriesgames.com\/en\/analyses-series-tv\/","url_meta":{"origin":807,"position":2},"title":"TV Series Reviews","author":"News Series Games","date":"12\/02\/2026","format":false,"excerpt":"Introduction D\u00e9couvrez nos analyses d\u00e9taill\u00e9es de s\u00e9ries TV : intrigue, personnages, univers et th\u00e9matiques. News Series Games propose un regard critique, complet et argument\u00e9 sur les s\u00e9ries populaires et moins connues. Analyse \u00e0 la une Liste principale des analyses Genres \/ Th\u00e9matiques 1980s \u2022 50 cent \u2022 Action \u2022 Addiction\u2026","rel":"","context":"Similar post","block_context":{"text":"Similar post","link":""},"img":{"alt_text":"","src":"","width":0,"height":0},"classes":[]},{"id":74,"url":"https:\/\/newsseriesgames.com\/en\/a-propos\/","url_meta":{"origin":807,"position":3},"title":"About us","author":"News Series Games","date":"23\/10\/2025","format":false,"excerpt":"\ud83c\udfae Bienvenue dans l\u2019univers de News Series & Games \ud83c\udfac News Series & Games, par des passionn\u00e9s, vous plonge dans l\u2019univers des jeux vid\u00e9o et des s\u00e9ries TV. Actualit\u00e9s, tests, critiques et analyses pour ne rien manquer de vos mondes favoris ! Ici, chaque article est une porte d\u2019entr\u00e9e vers\u2026","rel":"","context":"Similar post","block_context":{"text":"Similar post","link":""},"img":{"alt_text":"","src":"https:\/\/i0.wp.com\/newsseriesgames.com\/wp-content\/uploads\/2026\/01\/affiche-tele.png?resize=350%2C200&ssl=1","width":350,"height":200,"srcset":"https:\/\/i0.wp.com\/newsseriesgames.com\/wp-content\/uploads\/2026\/01\/affiche-tele.png?resize=350%2C200&ssl=1 1x, https:\/\/i0.wp.com\/newsseriesgames.com\/wp-content\/uploads\/2026\/01\/affiche-tele.png?resize=525%2C300&ssl=1 1.5x, https:\/\/i0.wp.com\/newsseriesgames.com\/wp-content\/uploads\/2026\/01\/affiche-tele.png?resize=700%2C400&ssl=1 2x, https:\/\/i0.wp.com\/newsseriesgames.com\/wp-content\/uploads\/2026\/01\/affiche-tele.png?resize=1050%2C600&ssl=1 3x"},"classes":[]},{"id":652,"url":"https:\/\/newsseriesgames.com\/en\/%f0%9f%94%a5-articles-populaires\/","url_meta":{"origin":807,"position":4},"title":"Articles populaires","author":"News Series Games","date":"11\/01\/2026","format":false,"excerpt":"ARTICLES POPULAIRES INTRODUCTION D\u00e9couvrez les articles les plus populaires de NewsSeriesGames.Cette s\u00e9lection regroupe nos contenus les plus appr\u00e9ci\u00e9s sur les jeux vid\u00e9o et les s\u00e9ries TV : critiques, analyses et dossiers \u00e0 ne pas manquer. LISTE DES ARTICLES POPULAIRES \ud83c\udfae Jeux vid\u00e9o populaires \ud83d\udcfa S\u00e9ries TV populaires Vous aimez ce\u2026","rel":"","context":"Similar post","block_context":{"text":"Similar post","link":""},"img":{"alt_text":"","src":"https:\/\/i0.wp.com\/newsseriesgames.com\/wp-content\/uploads\/2026\/01\/banniere-article-populaire-1024x683.png?resize=350%2C200&ssl=1","width":350,"height":200,"srcset":"https:\/\/i0.wp.com\/newsseriesgames.com\/wp-content\/uploads\/2026\/01\/banniere-article-populaire-1024x683.png?resize=350%2C200&ssl=1 1x, https:\/\/i0.wp.com\/newsseriesgames.com\/wp-content\/uploads\/2026\/01\/banniere-article-populaire-1024x683.png?resize=525%2C300&ssl=1 1.5x, https:\/\/i0.wp.com\/newsseriesgames.com\/wp-content\/uploads\/2026\/01\/banniere-article-populaire-1024x683.png?resize=700%2C400&ssl=1 2x"},"classes":[]},{"id":676,"url":"https:\/\/newsseriesgames.com\/en\/charte-editoriale\/","url_meta":{"origin":807,"position":5},"title":"Charte \u00e9ditoriale","author":"News Series Games","date":"11\/01\/2026","format":false,"excerpt":"Site : https:\/\/newsseriesgames.com 1. Pr\u00e9sentation du site NewsSeriesGames.com est un blog ind\u00e9pendant d\u00e9di\u00e9 \u00e0 l\u2019actualit\u00e9, aux analyses, aux critiques et aux dossiers autour des jeux vid\u00e9o et des s\u00e9ries t\u00e9l\u00e9vis\u00e9es. Le site a pour vocation d\u2019informer, de divertir et de partager une passion commune pour la culture vid\u00e9oludique et audiovisuelle,\u2026","rel":"","context":"Similar post","block_context":{"text":"Similar post","link":""},"img":{"alt_text":"","src":"","width":0,"height":0},"classes":[]}],"_links":{"self":[{"href":"https:\/\/newsseriesgames.com\/en\/wp-json\/wp\/v2\/pages\/807","targetHints":{"allow":["GET"]}}],"collection":[{"href":"https:\/\/newsseriesgames.com\/en\/wp-json\/wp\/v2\/pages"}],"about":[{"href":"https:\/\/newsseriesgames.com\/en\/wp-json\/wp\/v2\/types\/page"}],"author":[{"embeddable":true,"href":"https:\/\/newsseriesgames.com\/en\/wp-json\/wp\/v2\/users\/1"}],"replies":[{"embeddable":true,"href":"https:\/\/newsseriesgames.com\/en\/wp-json\/wp\/v2\/comments?post=807"}],"version-history":[{"count":2,"href":"https:\/\/newsseriesgames.com\/en\/wp-json\/wp\/v2\/pages\/807\/revisions"}],"predecessor-version":[{"id":833,"href":"https:\/\/newsseriesgames.com\/en\/wp-json\/wp\/v2\/pages\/807\/revisions\/833"}],"wp:attachment":[{"href":"https:\/\/newsseriesgames.com\/en\/wp-json\/wp\/v2\/media?parent=807"}],"curies":[{"name":"wp","href":"https:\/\/api.w.org\/{rel}","templated":true}]}}