{"id":793,"date":"2026-02-12T15:20:05","date_gmt":"2026-02-12T15:20:05","guid":{"rendered":"https:\/\/newsseriesgames.com\/?page_id=793"},"modified":"2026-02-12T15:20:10","modified_gmt":"2026-02-12T15:20:10","slug":"actualites-series-tv","status":"publish","type":"page","link":"https:\/\/newsseriesgames.com\/en\/actualites-series-tv\/","title":{"rendered":"TV Series News"},"content":{"rendered":"<h2 class=\"wp-block-heading\"><span style=\"color: #FF00FC;\">Introduction<\/span><\/h2>\n\n\n\n<p>Retrouvez toute l\u2019actualit\u00e9 des s\u00e9ries TV : annonces officielles, dates de sortie, renouvellements, annulations, trailers et informations essentielles sur les s\u00e9ries du moment.<\/p>\n\n\n\n<hr class=\"wp-block-separator has-alpha-channel-opacity\"\/>\n\n\n\n<h2 class=\"wp-block-heading\"><span style=\"color: #FF00FC;\">\u00c0 la une<\/span><\/h2>\n\n\n\n<div class=\"wp-block-query is-layout-flow wp-block-query-is-layout-flow\"><ul class=\"wp-block-post-template is-layout-flow wp-block-post-template-is-layout-flow\"><li class=\"wp-block-post post-764 post type-post status-publish format-standard has-post-thumbnail hentry category-series category-actualites-series tag-actualite-serie tag-apple-tv tag-comedie-dramatique tag-harrison-ford tag-jason-segel tag-saison-3-confirmee tag-serie-apple-tv tag-series-tv-americaines tag-shrinking tag-shrinking-saison-3 entry\">\n<figure class=\"wp-block-post-featured-image\"><img decoding=\"async\" width=\"2560\" height=\"1440\" src=\"https:\/\/newsseriesgames.com\/wp-content\/uploads\/2026\/01\/Apple_TV_Shrinking_Key_Art_16_9-scaled.png\" class=\"attachment-post-thumbnail size-post-thumbnail wp-post-image\" alt=\"\" style=\"object-fit:cover;\" srcset=\"https:\/\/newsseriesgames.com\/wp-content\/uploads\/2026\/01\/Apple_TV_Shrinking_Key_Art_16_9-scaled.png 2560w, https:\/\/newsseriesgames.com\/wp-content\/uploads\/2026\/01\/Apple_TV_Shrinking_Key_Art_16_9-300x169.png 300w, https:\/\/newsseriesgames.com\/wp-content\/uploads\/2026\/01\/Apple_TV_Shrinking_Key_Art_16_9-1024x576.png 1024w, https:\/\/newsseriesgames.com\/wp-content\/uploads\/2026\/01\/Apple_TV_Shrinking_Key_Art_16_9-768x432.png 768w, https:\/\/newsseriesgames.com\/wp-content\/uploads\/2026\/01\/Apple_TV_Shrinking_Key_Art_16_9-1536x864.png 1536w, https:\/\/newsseriesgames.com\/wp-content\/uploads\/2026\/01\/Apple_TV_Shrinking_Key_Art_16_9-2048x1152.png 2048w, https:\/\/newsseriesgames.com\/wp-content\/uploads\/2026\/01\/Apple_TV_Shrinking_Key_Art_16_9-18x10.png 18w, https:\/\/newsseriesgames.com\/wp-content\/uploads\/2026\/01\/Apple_TV_Shrinking_Key_Art_16_9-1920x1080.png 1920w\" sizes=\"(max-width: 2560px) 100vw, 2560px\" \/><\/figure>\n\n<div class=\"wp-block-post-date\"><time datetime=\"2026-01-29T15:30:15+00:00\">29\/01\/2026<\/time><\/div>\n\n<h2 class=\"wp-block-post-title\">Season 3 of Shrinking: the Apple TV+ series returns<\/h2>\n<\/li><\/ul>\n\n<nav class=\"wp-block-query-pagination is-layout-flex wp-block-query-pagination-is-layout-flex\" aria-label=\"Pagination\">\n\n\n<div class=\"wp-block-query-pagination-numbers\"><span aria-current=\"page\" class=\"page-numbers current\">1<\/span>\n<a class=\"page-numbers\" href=\"?query-2-page=2\">2<\/a><\/div>\n\n<a href=\"\/en\/wp-json\/wp\/v2\/pages\/793?query-2-page=2\" class=\"wp-block-query-pagination-next\">Next Page<\/a>\n<\/nav>\n\n\n\n\n<hr class=\"wp-block-separator has-alpha-channel-opacity\"\/>\n<\/div>\n\n\n\n<h2 class=\"wp-block-heading\"><span style=\"color: #FF00FC;\">Latest news<\/span><\/h2>\n\n\n\n<div class=\"wp-block-query is-layout-flow wp-block-query-is-layout-flow\"><ul class=\"wp-block-post-template is-layout-flow wp-block-post-template-is-layout-flow\"><li class=\"wp-block-post post-764 post type-post status-publish format-standard has-post-thumbnail hentry category-series category-actualites-series tag-actualite-serie tag-apple-tv tag-comedie-dramatique tag-harrison-ford tag-jason-segel tag-saison-3-confirmee tag-serie-apple-tv tag-series-tv-americaines tag-shrinking tag-shrinking-saison-3 entry\">\n<h2 class=\"wp-block-post-title\">Season 3 of Shrinking: the Apple TV+ series returns<\/h2>\n\n<div class=\"wp-block-post-excerpt\"><p class=\"wp-block-post-excerpt__excerpt\">La s\u00e9rie Shrinking fait son grand retour le 28 janvier 2026 avec une troisi\u00e8me saison tr\u00e8s attendue sur Apple TV+.&hellip; Continue reading &ldquo;Saison 3 de Shrinking : la s\u00e9rie Apple TV+ de retour&rdquo;&hellip; <\/p><\/div>\n<\/li><li class=\"wp-block-post post-748 post type-post status-publish format-standard has-post-thumbnail hentry category-series category-actualites-series category-populaire tag-actualite-serie tag-benedict-bridgerton tag-bridgerton-saison-4 tag-date-de-sortie-bridgerton-saison-4 tag-drame-romantique tag-julia-quinn tag-luke-thompson tag-netflix tag-serie-romantique tag-shonda-rhimes tag-sortie-series-2026 entry\">\n<h2 class=\"wp-block-post-title\">Bridgerton is back: season 4 arrives in a few days<\/h2>\n\n<div class=\"wp-block-post-excerpt\"><p class=\"wp-block-post-excerpt__excerpt\">La s\u00e9rie ph\u00e9nom\u00e8ne de Netflix s\u2019appr\u00eate \u00e0 faire son grand retour. La Chronique des Bridgerton d\u00e9voilera sa saison 4 \u00e0&hellip; Continue reading &ldquo;La Chronique des Bridgerton revient : la saison 4 d\u00e9barque dans quelques jours&rdquo;&hellip; <\/p><\/div>\n<\/li><\/ul>\n\n<\/div>\n\n\n\n<hr class=\"wp-block-separator has-alpha-channel-opacity\"\/>\n\n\n\n<h2 class=\"wp-block-heading\"><span style=\"color: #FF00FC;\">filtres &amp; navigation<\/span><\/h2>\n\n\n\n<p><a href=\"https:\/\/newsseriesgames.com\/en\/tag\/1980s\/\">1980s<\/a> \u2022 <a href=\"https:\/\/newsseriesgames.com\/en\/tag\/action\/\">Action<\/a> \u2022 <strong><a href=\"https:\/\/newsseriesgames.com\/en\/tag\/ambition-pouvoir\/\">Ambition &amp; pouvoir<\/a><\/strong> \u2022 <a href=\"https:\/\/newsseriesgames.com\/en\/tag\/apple-tv\/\">Apple TV+<\/a> \u2022 <a href=\"https:\/\/newsseriesgames.com\/en\/tag\/aventure\/\">Aventure<\/a> \u2022 <a href=\"https:\/\/newsseriesgames.com\/en\/tag\/corruption\/\">Corruption<\/a> \u2022 <a href=\"https:\/\/newsseriesgames.com\/en\/tag\/crime-thriller\/\">Crime Thriller<\/a> \u2022 <a href=\"https:\/\/newsseriesgames.com\/en\/tag\/drama-criminel\/\">Drama criminel<\/a> \u2022 <a href=\"https:\/\/newsseriesgames.com\/en\/tag\/drame-romantique\/\">Drame romantique<\/a> \u2022 <a href=\"https:\/\/newsseriesgames.com\/en\/tag\/fantastique\/\">Fantastique<\/a> \u2022 <a href=\"https:\/\/newsseriesgames.com\/en\/tag\/fantasy-medievale\/\">Fantasy m\u00e9di\u00e9val<\/a> \u2022 <a href=\"https:\/\/newsseriesgames.com\/en\/tag\/teen-drama\/\">Teen drama<\/a> \u2022 <a href=\"https:\/\/newsseriesgames.com\/en\/tag\/netflix\/\">Netflix<\/a><\/p>\n\n\n\n<hr class=\"wp-block-separator has-alpha-channel-opacity\"\/>\n\n\n\n<h2 class=\"wp-block-heading\"><span style=\"color: #FF00FC;\">Notre couverture de l\u2019actualit\u00e9 s\u00e9ries TV<\/span><\/h2>\n\n\n\n<p class=\"has-cyan-bluish-gray-background-color has-background\">News Series Games suit l\u2019actualit\u00e9 des s\u00e9ries TV avec une approche claire et factuelle. Nos articles d\u2019actualit\u00e9 visent \u00e0 informer rapidement, sans spoilers, en s\u2019appuyant sur des sources officielles et v\u00e9rifi\u00e9es.<\/p>\n\n\n\n<hr class=\"wp-block-separator has-alpha-channel-opacity\"\/>\n\n\n\n<p><\/p>","protected":false},"excerpt":{"rendered":"<div class=\"entry-summary\">\nIntroduction Retrouvez toute l\u2019actualit\u00e9 des s\u00e9ries TV : annonces officielles, dates de sortie, renouvellements, annulations, trailers et informations essentielles sur&hellip;\n<\/div>\n<div class=\"link-more\"><a href=\"https:\/\/newsseriesgames.com\/en\/actualites-series-tv\/\" class=\"more-link\">Continue reading<span class=\"screen-reader-text\"> &ldquo;Actualit\u00e9s S\u00e9ries TV&rdquo;<\/span>&hellip;<\/a><\/div>","protected":false},"author":1,"featured_media":0,"parent":0,"menu_order":0,"comment_status":"closed","ping_status":"closed","template":"","meta":{"_acf_changed":false,"footnotes":""},"class_list":["post-793","page","type-page","status-publish","hentry","entry"],"acf":[],"jetpack_sharing_enabled":true,"jetpack-related-posts":[{"id":790,"url":"https:\/\/newsseriesgames.com\/en\/series-tv-actualites-analyses-et-critiques\/","url_meta":{"origin":793,"position":0},"title":"TV Series \u2013 News, Analysis, and Reviews","author":"News Series Games","date":"12\/02\/2026","format":false,"excerpt":"Introduction Retrouvez toutes les actualit\u00e9s, analyses et critiques de s\u00e9ries TV sur News Series Games. Des nouveaut\u00e9s aux classiques, notre site propose un regard critique et d\u00e9taill\u00e9 sur l\u2019univers des s\u00e9ries, pour les fans comme pour les curieux. \u00c0 la une S\u00e9rie TV Actualit\u00e9s S\u00e9ries TV Voir toutes les actualit\u00e9s\u2026","rel":"","context":"Similar post","block_context":{"text":"Similar post","link":""},"img":{"alt_text":"","src":"","width":0,"height":0},"classes":[]},{"id":545,"url":"https:\/\/newsseriesgames.com\/en\/","url_meta":{"origin":793,"position":1},"title":"Welcome to News Series Games","author":"News Series Games","date":"05\/01\/2026","format":false,"excerpt":"News Series Games \u2013 L\u2019actualit\u00e9 et l\u2019analyse des jeux vid\u00e9o et des s\u00e9ries TV Toute l\u2019actualit\u00e9 des s\u00e9ries TV et des jeux vid\u00e9o.Critiques, news, d\u00e9couvertes et recommandations. S\u00e9rie TV Critiques, news et analyses des meilleures s\u00e9ries du moment. Voir les s\u00e9ries Jeu-vid\u00e9o Tests, actualit\u00e9s et d\u00e9couvertes gaming sur consoles et\u2026","rel":"","context":"Similar post","block_context":{"text":"Similar post","link":""},"img":{"alt_text":"","src":"https:\/\/i0.wp.com\/newsseriesgames.com\/wp-content\/uploads\/2026\/01\/categorie-serie-tv.png?resize=350%2C200&ssl=1","width":350,"height":200,"srcset":"https:\/\/i0.wp.com\/newsseriesgames.com\/wp-content\/uploads\/2026\/01\/categorie-serie-tv.png?resize=350%2C200&ssl=1 1x, https:\/\/i0.wp.com\/newsseriesgames.com\/wp-content\/uploads\/2026\/01\/categorie-serie-tv.png?resize=525%2C300&ssl=1 1.5x, https:\/\/i0.wp.com\/newsseriesgames.com\/wp-content\/uploads\/2026\/01\/categorie-serie-tv.png?resize=700%2C400&ssl=1 2x, https:\/\/i0.wp.com\/newsseriesgames.com\/wp-content\/uploads\/2026\/01\/categorie-serie-tv.png?resize=1050%2C600&ssl=1 3x, https:\/\/i0.wp.com\/newsseriesgames.com\/wp-content\/uploads\/2026\/01\/categorie-serie-tv.png?resize=1400%2C800&ssl=1 4x"},"classes":[]},{"id":54,"url":"https:\/\/newsseriesgames.com\/en\/blog\/","url_meta":{"origin":793,"position":2},"title":"Blog","author":"News Series Games","date":"18\/08\/2025","format":false,"excerpt":"Bienvenue sur News Series Games ! Ici, vous trouverez toutes les critiques, analyses et actualit\u00e9s sur vos s\u00e9ries TV et jeux vid\u00e9o pr\u00e9f\u00e9r\u00e9s. Explorez nos articles r\u00e9cents, d\u00e9couvrez des coups de c\u0153ur et ne manquez rien de l\u2019actualit\u00e9 geek et pop culture ! Derniers articles publi\u00e9s Tous nos articles Cat\u00e9gorie\u2026","rel":"","context":"Similar post","block_context":{"text":"Similar post","link":""},"img":{"alt_text":"","src":"https:\/\/i0.wp.com\/newsseriesgames.com\/wp-content\/uploads\/2026\/01\/banniere-blog-1.png?resize=350%2C200&ssl=1","width":350,"height":200,"srcset":"https:\/\/i0.wp.com\/newsseriesgames.com\/wp-content\/uploads\/2026\/01\/banniere-blog-1.png?resize=350%2C200&ssl=1 1x, https:\/\/i0.wp.com\/newsseriesgames.com\/wp-content\/uploads\/2026\/01\/banniere-blog-1.png?resize=525%2C300&ssl=1 1.5x, https:\/\/i0.wp.com\/newsseriesgames.com\/wp-content\/uploads\/2026\/01\/banniere-blog-1.png?resize=700%2C400&ssl=1 2x, https:\/\/i0.wp.com\/newsseriesgames.com\/wp-content\/uploads\/2026\/01\/banniere-blog-1.png?resize=1050%2C600&ssl=1 3x, https:\/\/i0.wp.com\/newsseriesgames.com\/wp-content\/uploads\/2026\/01\/banniere-blog-1.png?resize=1400%2C800&ssl=1 4x"},"classes":[]},{"id":74,"url":"https:\/\/newsseriesgames.com\/en\/a-propos\/","url_meta":{"origin":793,"position":3},"title":"About us","author":"News Series Games","date":"23\/10\/2025","format":false,"excerpt":"\ud83c\udfae Bienvenue dans l\u2019univers de News Series & Games \ud83c\udfac News Series & Games, par des passionn\u00e9s, vous plonge dans l\u2019univers des jeux vid\u00e9o et des s\u00e9ries TV. Actualit\u00e9s, tests, critiques et analyses pour ne rien manquer de vos mondes favoris ! Ici, chaque article est une porte d\u2019entr\u00e9e vers\u2026","rel":"","context":"Similar post","block_context":{"text":"Similar post","link":""},"img":{"alt_text":"","src":"https:\/\/i0.wp.com\/newsseriesgames.com\/wp-content\/uploads\/2026\/01\/affiche-tele.png?resize=350%2C200&ssl=1","width":350,"height":200,"srcset":"https:\/\/i0.wp.com\/newsseriesgames.com\/wp-content\/uploads\/2026\/01\/affiche-tele.png?resize=350%2C200&ssl=1 1x, https:\/\/i0.wp.com\/newsseriesgames.com\/wp-content\/uploads\/2026\/01\/affiche-tele.png?resize=525%2C300&ssl=1 1.5x, https:\/\/i0.wp.com\/newsseriesgames.com\/wp-content\/uploads\/2026\/01\/affiche-tele.png?resize=700%2C400&ssl=1 2x, https:\/\/i0.wp.com\/newsseriesgames.com\/wp-content\/uploads\/2026\/01\/affiche-tele.png?resize=1050%2C600&ssl=1 3x"},"classes":[]},{"id":676,"url":"https:\/\/newsseriesgames.com\/en\/charte-editoriale\/","url_meta":{"origin":793,"position":4},"title":"Charte \u00e9ditoriale","author":"News Series Games","date":"11\/01\/2026","format":false,"excerpt":"Site : https:\/\/newsseriesgames.com 1. Pr\u00e9sentation du site NewsSeriesGames.com est un blog ind\u00e9pendant d\u00e9di\u00e9 \u00e0 l\u2019actualit\u00e9, aux analyses, aux critiques et aux dossiers autour des jeux vid\u00e9o et des s\u00e9ries t\u00e9l\u00e9vis\u00e9es. Le site a pour vocation d\u2019informer, de divertir et de partager une passion commune pour la culture vid\u00e9oludique et audiovisuelle,\u2026","rel":"","context":"Similar post","block_context":{"text":"Similar post","link":""},"img":{"alt_text":"","src":"","width":0,"height":0},"classes":[]},{"id":805,"url":"https:\/\/newsseriesgames.com\/en\/analyses-series-tv\/","url_meta":{"origin":793,"position":5},"title":"TV Series Reviews","author":"News Series Games","date":"12\/02\/2026","format":false,"excerpt":"Introduction D\u00e9couvrez nos analyses d\u00e9taill\u00e9es de s\u00e9ries TV : intrigue, personnages, univers et th\u00e9matiques. News Series Games propose un regard critique, complet et argument\u00e9 sur les s\u00e9ries populaires et moins connues. Analyse \u00e0 la une Liste principale des analyses Genres \/ Th\u00e9matiques 1980s \u2022 50 cent \u2022 Action \u2022 Addiction\u2026","rel":"","context":"Similar post","block_context":{"text":"Similar post","link":""},"img":{"alt_text":"","src":"","width":0,"height":0},"classes":[]}],"_links":{"self":[{"href":"https:\/\/newsseriesgames.com\/en\/wp-json\/wp\/v2\/pages\/793","targetHints":{"allow":["GET"]}}],"collection":[{"href":"https:\/\/newsseriesgames.com\/en\/wp-json\/wp\/v2\/pages"}],"about":[{"href":"https:\/\/newsseriesgames.com\/en\/wp-json\/wp\/v2\/types\/page"}],"author":[{"embeddable":true,"href":"https:\/\/newsseriesgames.com\/en\/wp-json\/wp\/v2\/users\/1"}],"replies":[{"embeddable":true,"href":"https:\/\/newsseriesgames.com\/en\/wp-json\/wp\/v2\/comments?post=793"}],"version-history":[{"count":2,"href":"https:\/\/newsseriesgames.com\/en\/wp-json\/wp\/v2\/pages\/793\/revisions"}],"predecessor-version":[{"id":828,"href":"https:\/\/newsseriesgames.com\/en\/wp-json\/wp\/v2\/pages\/793\/revisions\/828"}],"wp:attachment":[{"href":"https:\/\/newsseriesgames.com\/en\/wp-json\/wp\/v2\/media?parent=793"}],"curies":[{"name":"wp","href":"https:\/\/api.w.org\/{rel}","templated":true}]}}