{"id":781,"date":"2026-02-11T21:42:53","date_gmt":"2026-02-11T21:42:53","guid":{"rendered":"https:\/\/newsseriesgames.com\/?page_id=781"},"modified":"2026-02-11T21:51:50","modified_gmt":"2026-02-11T21:51:50","slug":"critiques-jeux-video","status":"publish","type":"page","link":"https:\/\/newsseriesgames.com\/en\/critiques-jeux-video\/","title":{"rendered":"Video Game Reviews"},"content":{"rendered":"<h2 class=\"wp-block-heading\"><span style=\"color: #FF00FC;\">Introduction<\/span>\n<\/h2>\n\n\n\n<p>Retrouvez nos critiques jeux vid\u00e9o, r\u00e9dig\u00e9es apr\u00e8s plusieurs heures de jeu. Nous analysons chaque titre avec rigueur, en mettant en avant ses qualit\u00e9s, ses d\u00e9fauts et son exp\u00e9rience globale, sans influence des \u00e9diteurs.<\/p>\n\n\n\n<hr class=\"wp-block-separator has-alpha-channel-opacity\"\/>\n\n\n\n<h2 class=\"wp-block-heading\"><span style=\"color: #FF00FC;\">Critique \u00e0 la une<\/span>\n<\/h2>\n\n\n\n<div class=\"wp-block-query is-layout-flow wp-block-query-is-layout-flow\"><ul class=\"wp-block-post-template is-layout-flow wp-block-post-template-is-layout-flow\"><li class=\"wp-block-post post-472 post type-post status-publish format-standard has-post-thumbnail hentry category-games category-critiques category-populaire tag-clair-obscur-expedition-33 tag-critique-jeu tag-fantasy-belle-epoque tag-jeu-video tag-jrpg tag-pc-ps5-xbox-series tag-rpg tag-sandfall-interactive tag-solo tag-unreal-engine-5 entry\">\n<h2 class=\"wp-block-post-title\"><a href=\"https:\/\/newsseriesgames.com\/en\/clair-obscur-expedition-33-un-rpg-sombre-et-ambitieux-a-surveiller-de-pres\/\" target=\"_self\" >Clair Obscur: Exp\u00e9dition 33 un RPG sombre et ambitieux \u00e0 surveiller de pr\u00e8s<\/a><\/h2>\n\n<figure class=\"alignwide wp-block-post-featured-image\"><a href=\"https:\/\/newsseriesgames.com\/en\/clair-obscur-expedition-33-un-rpg-sombre-et-ambitieux-a-surveiller-de-pres\/\" target=\"_self\"  ><img decoding=\"async\" width=\"2560\" height=\"1440\" src=\"https:\/\/newsseriesgames.com\/wp-content\/uploads\/2025\/12\/Clair-Obscur-Expedition-33-scaled.jpg\" class=\"attachment-post-thumbnail size-post-thumbnail wp-post-image\" alt=\"Clair Obscur: Exp\u00e9dition 33 un RPG sombre et ambitieux \u00e0 surveiller de pr\u00e8s\" style=\"object-fit:cover;\" srcset=\"https:\/\/newsseriesgames.com\/wp-content\/uploads\/2025\/12\/Clair-Obscur-Expedition-33-scaled.jpg 2560w, https:\/\/newsseriesgames.com\/wp-content\/uploads\/2025\/12\/Clair-Obscur-Expedition-33-300x169.jpg 300w, https:\/\/newsseriesgames.com\/wp-content\/uploads\/2025\/12\/Clair-Obscur-Expedition-33-1024x576.jpg 1024w, https:\/\/newsseriesgames.com\/wp-content\/uploads\/2025\/12\/Clair-Obscur-Expedition-33-768x432.jpg 768w, https:\/\/newsseriesgames.com\/wp-content\/uploads\/2025\/12\/Clair-Obscur-Expedition-33-1536x864.jpg 1536w, https:\/\/newsseriesgames.com\/wp-content\/uploads\/2025\/12\/Clair-Obscur-Expedition-33-2048x1152.jpg 2048w, https:\/\/newsseriesgames.com\/wp-content\/uploads\/2025\/12\/Clair-Obscur-Expedition-33-18x10.jpg 18w, https:\/\/newsseriesgames.com\/wp-content\/uploads\/2025\/12\/Clair-Obscur-Expedition-33-1920x1080.jpg 1920w\" sizes=\"(max-width: 2560px) 100vw, 2560px\" \/><\/a><\/figure>\n\n<div class=\"wp-block-post-excerpt\"><p class=\"wp-block-post-excerpt__excerpt\">Pr\u00e9sentation du jeu Clair Obscur: Exp\u00e9dition 33 est un jeu de r\u00f4le (RPG) solo d\u00e9velopp\u00e9 par le studio fran\u00e7ais Sandfall&hellip; Continue reading &ldquo;Clair Obscur: Exp\u00e9dition 33 un RPG sombre et ambitieux \u00e0 surveiller de pr\u00e8s&rdquo;&hellip; <\/p><\/div>\n\n\n<hr class=\"wp-block-separator has-css-opacity\"\/>\n\n<\/li><\/ul><\/div>\n\n\n\n<h2 class=\"wp-block-heading\"><span style=\"color: #FF00FC;\">Liste principale des critiques<\/span>\n<\/h2>\n\n\n\n<div class=\"wp-block-query is-layout-flow wp-block-query-is-layout-flow\"><ul class=\"columns-3 wp-block-post-template is-layout-grid wp-container-core-post-template-is-layout-2fc57c17 wp-block-post-template-is-layout-grid\"><li class=\"wp-block-post post-757 post type-post status-publish format-standard has-post-thumbnail hentry category-games category-critiques tag-action-rpg-2 tag-chronos tag-critique-jeu tag-gameplay tag-hades-ii tag-jeu-video tag-mythologie-grecque tag-nintendo-switch-pc tag-roguelike tag-supergiant-games entry\">\n\n<div class=\"wp-block-group\" style=\"padding-top:30px;padding-right:30px;padding-bottom:30px;padding-left:30px\"><div class=\"wp-block-group__inner-container is-layout-flow wp-block-group-is-layout-flow\"><h2 class=\"wp-block-post-title\"><a href=\"https:\/\/newsseriesgames.com\/en\/hades-ii-la-foudre-peut-elle-frapper-deux-fois\/\" target=\"_self\" >Hades II, can lightning strike twice?<\/a><\/h2>\n\n<div class=\"wp-block-post-excerpt\"><p class=\"wp-block-post-excerpt__excerpt\">Tr\u00e8s attendu apr\u00e8s le succ\u00e8s du premier \u00e9pisode, Hades II avait la lourde t\u00e2che de se montrer \u00e0 la hauteur&hellip; Continue reading &ldquo;Hades II, la foudre peut-elle frapper deux fois ?&rdquo;&hellip; <\/p><\/div>\n\n<div class=\"wp-block-post-date\"><time datetime=\"2026-01-28T13:14:10+00:00\">28\/01\/2026<\/time><\/div><\/div><\/div>\n\n<\/li><li class=\"wp-block-post post-735 post type-post status-publish format-standard has-post-thumbnail hentry category-games category-critiques tag-action tag-cosmique tag-critique-jeu tag-jeu-marvel tag-jeu-video tag-marvel-cosmic-invasion tag-pc tag-ps5 tag-super-heros tag-univers-marvel entry\">\n\n<div class=\"wp-block-group\" style=\"padding-top:30px;padding-right:30px;padding-bottom:30px;padding-left:30px\"><div class=\"wp-block-group__inner-container is-layout-flow wp-block-group-is-layout-flow\"><h2 class=\"wp-block-post-title\"><a href=\"https:\/\/newsseriesgames.com\/en\/marvel-cosmic-invasion-une-ambition-galactique-qui-divise\/\" target=\"_self\" >Marvel Cosmic Invasion : une ambition galactique qui divise<\/a><\/h2>\n\n<div class=\"wp-block-post-excerpt\"><p class=\"wp-block-post-excerpt__excerpt\">Depuis plusieurs ann\u00e9es, les jeux Marvel alternent entre projets tr\u00e8s ambitieux et titres plus modestes, parfois oubliables. Marvel Cosmic Invasion&hellip; Continue reading &ldquo;Marvel Cosmic Invasion : une ambition galactique qui divise&rdquo;&hellip; <\/p><\/div>\n\n<div class=\"wp-block-post-date\"><time datetime=\"2026-01-16T13:48:43+00:00\">16\/01\/2026<\/time><\/div><\/div><\/div>\n\n<\/li><li class=\"wp-block-post post-472 post type-post status-publish format-standard has-post-thumbnail hentry category-games category-critiques category-populaire tag-clair-obscur-expedition-33 tag-critique-jeu tag-fantasy-belle-epoque tag-jeu-video tag-jrpg tag-pc-ps5-xbox-series tag-rpg tag-sandfall-interactive tag-solo tag-unreal-engine-5 entry\">\n\n<div class=\"wp-block-group\" style=\"padding-top:30px;padding-right:30px;padding-bottom:30px;padding-left:30px\"><div class=\"wp-block-group__inner-container is-layout-flow wp-block-group-is-layout-flow\"><h2 class=\"wp-block-post-title\"><a href=\"https:\/\/newsseriesgames.com\/en\/clair-obscur-expedition-33-un-rpg-sombre-et-ambitieux-a-surveiller-de-pres\/\" target=\"_self\" >Clair Obscur: Exp\u00e9dition 33 un RPG sombre et ambitieux \u00e0 surveiller de pr\u00e8s<\/a><\/h2>\n\n<div class=\"wp-block-post-excerpt\"><p class=\"wp-block-post-excerpt__excerpt\">Pr\u00e9sentation du jeu Clair Obscur: Exp\u00e9dition 33 est un jeu de r\u00f4le (RPG) solo d\u00e9velopp\u00e9 par le studio fran\u00e7ais Sandfall&hellip; Continue reading &ldquo;Clair Obscur: Exp\u00e9dition 33 un RPG sombre et ambitieux \u00e0 surveiller de pr\u00e8s&rdquo;&hellip; <\/p><\/div>\n\n<div class=\"wp-block-post-date\"><time datetime=\"2025-12-31T17:38:54+00:00\">31\/12\/2025<\/time><\/div><\/div><\/div>\n\n<\/li><li class=\"wp-block-post post-373 post type-post status-publish format-standard has-post-thumbnail hentry category-games category-critiques tag-carriere-modes-de-jeu tag-club tag-critique-jeu tag-ea-sports-fc-26 tag-electronic-arts tag-football tag-jeu-video tag-multijoueur tag-pc-ps5-xbox-series tag-sports tag-ultimate-team entry\">\n\n<div class=\"wp-block-group\" style=\"padding-top:30px;padding-right:30px;padding-bottom:30px;padding-left:30px\"><div class=\"wp-block-group__inner-container is-layout-flow wp-block-group-is-layout-flow\"><h2 class=\"wp-block-post-title\"><a href=\"https:\/\/newsseriesgames.com\/en\/article-fc26\/\" target=\"_self\" >FC 26 : Analyse et nouveaut\u00e9s \u00e0 d\u00e9couvrir absolument<\/a><\/h2>\n\n<div class=\"wp-block-post-excerpt\"><p class=\"wp-block-post-excerpt__excerpt\">Pr\u00e9sentation du jeu EA Sports FC 26 est le nouvel \u00e9pisode de la licence de football d\u00e9velopp\u00e9e par EA Sports.&hellip; Continue reading &ldquo;FC 26 : Analyse et nouveaut\u00e9s \u00e0 d\u00e9couvrir absolument&rdquo;&hellip; <\/p><\/div>\n\n<div class=\"wp-block-post-date\"><time datetime=\"2025-12-19T17:44:52+00:00\">19\/12\/2025<\/time><\/div><\/div><\/div>\n\n<\/li><li class=\"wp-block-post post-360 post type-post status-publish format-standard has-post-thumbnail hentry category-games category-critiques tag-action-competitive tag-critique-jeu tag-football-arcade tag-jeu-de-football tag-multijoueur tag-pc-ps5-xbox-series tag-rematch tag-sloclap tag-third-person-view entry\">\n\n<div class=\"wp-block-group\" style=\"padding-top:30px;padding-right:30px;padding-bottom:30px;padding-left:30px\"><div class=\"wp-block-group__inner-container is-layout-flow wp-block-group-is-layout-flow\"><h2 class=\"wp-block-post-title\"><a href=\"https:\/\/newsseriesgames.com\/en\/article-rematch\/\" target=\"_self\" >Rematch : Le jeu de foot ultime pour les fans de foot<\/a><\/h2>\n\n<div class=\"wp-block-post-excerpt\"><p class=\"wp-block-post-excerpt__excerpt\">Pr\u00e9sentation de Rematch \ud83c\udfae Rematch : le jeu de foot arcade et cartoon de Sloclap qui bouscule tout. D\u00e9velopp\u00e9 par&hellip; Continue reading &ldquo;Rematch : Le jeu de foot ultime pour les fans de foot&rdquo;&hellip; <\/p><\/div>\n\n<div class=\"wp-block-post-date\"><time datetime=\"2025-12-10T18:08:57+00:00\">10\/12\/2025<\/time><\/div><\/div><\/div>\n\n<\/li><li class=\"wp-block-post post-325 post type-post status-publish format-standard has-post-thumbnail hentry category-games category-critiques tag-critique-jeu tag-everstone-studio tag-free-to-play tag-jeu-video tag-multijoueur tag-netease-games tag-open-world tag-playstation-5-pc tag-where-winds-meet tag-wuxia entry\">\n\n<div class=\"wp-block-group\" style=\"padding-top:30px;padding-right:30px;padding-bottom:30px;padding-left:30px\"><div class=\"wp-block-group__inner-container is-layout-flow wp-block-group-is-layout-flow\"><h2 class=\"wp-block-post-title\"><a href=\"https:\/\/newsseriesgames.com\/en\/article-where-winds-meet\/\" target=\"_self\" >Where Winds Meet: Everything you need to know about the game<\/a><\/h2>\n\n<div class=\"wp-block-post-excerpt\"><p class=\"wp-block-post-excerpt__excerpt\">Pr\u00e9sentation du jeu Where Winds Meet est un jeu action-aventure \/ RPG en monde ouvert, d\u00e9velopp\u00e9 par le studio chinois&hellip; Continue reading &ldquo;Where Winds Meet : Tout ce qu\u2019il faut savoir sur le jeu&rdquo;&hellip; <\/p><\/div>\n\n<div class=\"wp-block-post-date\"><time datetime=\"2025-12-07T16:07:50+00:00\">07\/12\/2025<\/time><\/div><\/div><\/div>\n\n<\/li><\/ul><\/div>\n\n\n\n<p>Voir toutes les <a href=\"https:\/\/newsseriesgames.com\/en\/tag\/critique-jeu\/\">critiques sur les jeux vid\u00e9o<\/a><\/p>\n\n\n\n<hr class=\"wp-block-separator has-alpha-channel-opacity\"\/>\n\n\n\n<h2 class=\"wp-block-heading\"><span style=\"color: #FF00FC;\">Filtres &amp; navigation<\/span>\n<\/h2>\n\n\n<p style=\"font-style:normal;font-weight:400;\" class=\"is-style-outline wp-block-tag-cloud\"><a href=\"https:\/\/newsseriesgames.com\/en\/tag\/action-rpg-2\/\" class=\"tag-cloud-link tag-link-207 tag-link-position-1\" style=\"font-size: 10.333333333333pt;\" aria-label=\"Action RPG (3 items)\">Action RPG<span class=\"tag-link-count\"> (3)<\/span><\/a>\n<a href=\"https:\/\/newsseriesgames.com\/en\/tag\/actualite-serie\/\" class=\"tag-cloud-link tag-link-214 tag-link-position-2\" style=\"font-size: 8pt;\" aria-label=\"Actualit\u00e9 s\u00e9rie (2 items)\">Actualit\u00e9 s\u00e9rie<span class=\"tag-link-count\"> (2)<\/span><\/a>\n<a href=\"https:\/\/newsseriesgames.com\/en\/tag\/analyse-de-jeu-video\/\" class=\"tag-cloud-link tag-link-219 tag-link-position-3\" style=\"font-size: 10.333333333333pt;\" aria-label=\"Analyse de jeu vid\u00e9o (3 items)\">Analyse de jeu vid\u00e9o<span class=\"tag-link-count\"> (3)<\/span><\/a>\n<a href=\"https:\/\/newsseriesgames.com\/en\/tag\/analyse-serie\/\" class=\"tag-cloud-link tag-link-44 tag-link-position-4\" style=\"font-size: 10.333333333333pt;\" aria-label=\"Analyse s\u00e9rie (3 items)\">Analyse s\u00e9rie<span class=\"tag-link-count\"> (3)<\/span><\/a>\n<a href=\"https:\/\/newsseriesgames.com\/en\/tag\/critique-jeu\/\" class=\"tag-cloud-link tag-link-158 tag-link-position-5\" style=\"font-size: 19.666666666667pt;\" aria-label=\"Critique jeu (11 items)\">Critique jeu<span class=\"tag-link-count\"> (11)<\/span><\/a>\n<a href=\"https:\/\/newsseriesgames.com\/en\/tag\/critique-serie\/\" class=\"tag-cloud-link tag-link-54 tag-link-position-6\" style=\"font-size: 16.166666666667pt;\" aria-label=\"critique s\u00e9rie (7 items)\">critique s\u00e9rie<span class=\"tag-link-count\"> (7)<\/span><\/a>\n<a href=\"https:\/\/newsseriesgames.com\/en\/tag\/electronic-arts\/\" class=\"tag-cloud-link tag-link-125 tag-link-position-7\" style=\"font-size: 8pt;\" aria-label=\"Electronic Arts (2 items)\">Electronic Arts<span class=\"tag-link-count\"> (2)<\/span><\/a>\n<a href=\"https:\/\/newsseriesgames.com\/en\/tag\/fps\/\" class=\"tag-cloud-link tag-link-97 tag-link-position-8\" style=\"font-size: 15.194444444444pt;\" aria-label=\"FPS (6 items)\">FPS<span class=\"tag-link-count\"> (6)<\/span><\/a>\n<a href=\"https:\/\/newsseriesgames.com\/en\/tag\/free-to-play\/\" class=\"tag-cloud-link tag-link-103 tag-link-position-9\" style=\"font-size: 13.833333333333pt;\" aria-label=\"Free\u2011to\u2011play (5 items)\">Free\u2011to\u2011play<span class=\"tag-link-count\"> (5)<\/span><\/a>\n<a href=\"https:\/\/newsseriesgames.com\/en\/tag\/hades-ii\/\" class=\"tag-cloud-link tag-link-204 tag-link-position-10\" style=\"font-size: 8pt;\" aria-label=\"Hades II (2 items)\">Hades II<span class=\"tag-link-count\"> (2)<\/span><\/a>\n<a href=\"https:\/\/newsseriesgames.com\/en\/tag\/hawkins\/\" class=\"tag-cloud-link tag-link-41 tag-link-position-11\" style=\"font-size: 10.333333333333pt;\" aria-label=\"Hawkins (3 items)\">Hawkins<span class=\"tag-link-count\"> (3)<\/span><\/a>\n<a href=\"https:\/\/newsseriesgames.com\/en\/tag\/jeu-video\/\" class=\"tag-cloud-link tag-link-96 tag-link-position-12\" style=\"font-size: 22pt;\" aria-label=\"Jeu vid\u00e9o (15 items)\">Jeu vid\u00e9o<span class=\"tag-link-count\"> (15)<\/span><\/a>\n<a href=\"https:\/\/newsseriesgames.com\/en\/tag\/multijoueur\/\" class=\"tag-cloud-link tag-link-98 tag-link-position-13\" style=\"font-size: 18.888888888889pt;\" aria-label=\"Multijoueur (10 items)\">multiplayer<span class=\"tag-link-count\"> (10)<\/span><\/a>\n<a href=\"https:\/\/newsseriesgames.com\/en\/tag\/mythologie-grecque\/\" class=\"tag-cloud-link tag-link-209 tag-link-position-14\" style=\"font-size: 8pt;\" aria-label=\"Mythologie grecque (2 items)\">Mythologie grecque<span class=\"tag-link-count\"> (2)<\/span><\/a>\n<a href=\"https:\/\/newsseriesgames.com\/en\/tag\/netflix\/\" class=\"tag-cloud-link tag-link-38 tag-link-position-15\" style=\"font-size: 16.166666666667pt;\" aria-label=\"netflix (7 items)\">netflix<span class=\"tag-link-count\"> (7)<\/span><\/a>\n<a href=\"https:\/\/newsseriesgames.com\/en\/tag\/pc-ps5-xbox-series\/\" class=\"tag-cloud-link tag-link-142 tag-link-position-16\" style=\"font-size: 15.194444444444pt;\" aria-label=\"PC \/ PS5 \/ Xbox Series (6 items)\">PC \/ PS5 \/ Xbox Series<span class=\"tag-link-count\"> (6)<\/span><\/a>\n<a href=\"https:\/\/newsseriesgames.com\/en\/tag\/roguelike\/\" class=\"tag-cloud-link tag-link-206 tag-link-position-17\" style=\"font-size: 8pt;\" aria-label=\"Roguelike (2 items)\">Roguelike<span class=\"tag-link-count\"> (2)<\/span><\/a>\n<a href=\"https:\/\/newsseriesgames.com\/en\/tag\/stranger-things\/\" class=\"tag-cloud-link tag-link-35 tag-link-position-18\" style=\"font-size: 10.333333333333pt;\" aria-label=\"Stranger Things (3 items)\">Stranger Things<span class=\"tag-link-count\"> (3)<\/span><\/a>\n<a href=\"https:\/\/newsseriesgames.com\/en\/tag\/stranger-things-saison-5\/\" class=\"tag-cloud-link tag-link-78 tag-link-position-19\" style=\"font-size: 8pt;\" aria-label=\"Stranger Things Saison 5 (2 items)\">Stranger Things Saison 5<span class=\"tag-link-count\"> (2)<\/span><\/a>\n<a href=\"https:\/\/newsseriesgames.com\/en\/tag\/supergiant-games\/\" class=\"tag-cloud-link tag-link-205 tag-link-position-20\" style=\"font-size: 8pt;\" aria-label=\"Supergiant Games (2 items)\">Supergiant Games<span class=\"tag-link-count\"> (2)<\/span><\/a>\n<a href=\"https:\/\/newsseriesgames.com\/en\/tag\/series-tv-americaines\/\" class=\"tag-cloud-link tag-link-161 tag-link-position-21\" style=\"font-size: 8pt;\" aria-label=\"S\u00e9ries TV am\u00e9ricaines (2 items)\">S\u00e9ries TV am\u00e9ricaines<span class=\"tag-link-count\"> (2)<\/span><\/a>\n<a href=\"https:\/\/newsseriesgames.com\/en\/tag\/serie-tv\/\" class=\"tag-cloud-link tag-link-40 tag-link-position-22\" style=\"font-size: 18.111111111111pt;\" aria-label=\"s\u00e9rie TV (9 items)\">s\u00e9rie TV<span class=\"tag-link-count\"> (9)<\/span><\/a>\n<a href=\"https:\/\/newsseriesgames.com\/en\/tag\/unreal-engine-5\/\" class=\"tag-cloud-link tag-link-116 tag-link-position-23\" style=\"font-size: 8pt;\" aria-label=\"Unreal Engine 5 (2 items)\">Unreal Engine 5<span class=\"tag-link-count\"> (2)<\/span><\/a>\n<a href=\"https:\/\/newsseriesgames.com\/en\/tag\/upside-down\/\" class=\"tag-cloud-link tag-link-42 tag-link-position-24\" style=\"font-size: 10.333333333333pt;\" aria-label=\"Upside Down (3 items)\">Upside Down<span class=\"tag-link-count\"> (3)<\/span><\/a>\n<a href=\"https:\/\/newsseriesgames.com\/en\/tag\/vecna\/\" class=\"tag-cloud-link tag-link-79 tag-link-position-25\" style=\"font-size: 8pt;\" aria-label=\"Vecna (2 items)\">Vecna<span class=\"tag-link-count\"> (2)<\/span><\/a><\/p>\n\n\n<hr class=\"wp-block-separator has-alpha-channel-opacity\"\/>\n\n\n\n<h2 class=\"wp-block-heading\"><span style=\"color: #FF00FC;\">Notre m\u00e9thodologie de critique<\/span>\n<\/h2>\n\n\n\n<p class=\"has-cyan-bluish-gray-background-color has-background\">Nos critiques jeux vid\u00e9o sont r\u00e9alis\u00e9es apr\u00e8s plusieurs heures de jeu sur les versions finales ou \u00e9quivalentes. Elles prennent en compte le gameplay, la narration, la direction artistique, les performances techniques et l\u2019exp\u00e9rience globale. Les avis publi\u00e9s sont ind\u00e9pendants et refl\u00e8tent une analyse critique argument\u00e9e.<\/p>","protected":false},"excerpt":{"rendered":"<div class=\"entry-summary\">\nIntroduction Retrouvez nos critiques jeux vid\u00e9o, r\u00e9dig\u00e9es apr\u00e8s plusieurs heures de jeu. Nous analysons chaque titre avec rigueur, en mettant&hellip;\n<\/div>\n<div class=\"link-more\"><a href=\"https:\/\/newsseriesgames.com\/en\/critiques-jeux-video\/\" class=\"more-link\">Continue reading<span class=\"screen-reader-text\"> &ldquo;Critiques Jeux Vid\u00e9o&rdquo;<\/span>&hellip;<\/a><\/div>","protected":false},"author":1,"featured_media":0,"parent":0,"menu_order":0,"comment_status":"closed","ping_status":"closed","template":"","meta":{"_acf_changed":false,"footnotes":""},"class_list":["post-781","page","type-page","status-publish","hentry","entry"],"acf":[],"jetpack_sharing_enabled":true,"jetpack-related-posts":[{"id":739,"url":"https:\/\/newsseriesgames.com\/en\/jeux-video-actualites-analyses-et-critiques\/","url_meta":{"origin":781,"position":0},"title":"Video Games \u2013 News, Analysis, and Reviews","author":"News Series Games","date":"11\/02\/2026","format":false,"excerpt":"Retrouvez toute l\u2019actualit\u00e9 jeux vid\u00e9o, nos analyses approfondies et nos critiques de jeux sur consoles et PC. News Series Games propose un regard \u00e9ditorial ind\u00e9pendant sur l\u2019industrie vid\u00e9oludique. \u00c0 la une \u2013 Jeux Vid\u00e9o Actualit\u00e9s Jeux Vid\u00e9o Critiques Jeux Vid\u00e9o Analyses Jeux Vid\u00e9o Jeux populaires \/ Th\u00e9matiques Action RPG \u2022\u2026","rel":"","context":"Similar post","block_context":{"text":"Similar post","link":""},"img":{"alt_text":"","src":"","width":0,"height":0},"classes":[]},{"id":545,"url":"https:\/\/newsseriesgames.com\/en\/","url_meta":{"origin":781,"position":1},"title":"Welcome to News Series Games","author":"News Series Games","date":"05\/01\/2026","format":false,"excerpt":"News Series Games \u2013 L\u2019actualit\u00e9 et l\u2019analyse des jeux vid\u00e9o et des s\u00e9ries TV Toute l\u2019actualit\u00e9 des s\u00e9ries TV et des jeux vid\u00e9o.Critiques, news, d\u00e9couvertes et recommandations. S\u00e9rie TV Critiques, news et analyses des meilleures s\u00e9ries du moment. Voir les s\u00e9ries Jeu-vid\u00e9o Tests, actualit\u00e9s et d\u00e9couvertes gaming sur consoles et\u2026","rel":"","context":"Similar post","block_context":{"text":"Similar post","link":""},"img":{"alt_text":"","src":"https:\/\/i0.wp.com\/newsseriesgames.com\/wp-content\/uploads\/2026\/01\/categorie-serie-tv.png?resize=350%2C200&ssl=1","width":350,"height":200,"srcset":"https:\/\/i0.wp.com\/newsseriesgames.com\/wp-content\/uploads\/2026\/01\/categorie-serie-tv.png?resize=350%2C200&ssl=1 1x, https:\/\/i0.wp.com\/newsseriesgames.com\/wp-content\/uploads\/2026\/01\/categorie-serie-tv.png?resize=525%2C300&ssl=1 1.5x, https:\/\/i0.wp.com\/newsseriesgames.com\/wp-content\/uploads\/2026\/01\/categorie-serie-tv.png?resize=700%2C400&ssl=1 2x, https:\/\/i0.wp.com\/newsseriesgames.com\/wp-content\/uploads\/2026\/01\/categorie-serie-tv.png?resize=1050%2C600&ssl=1 3x, https:\/\/i0.wp.com\/newsseriesgames.com\/wp-content\/uploads\/2026\/01\/categorie-serie-tv.png?resize=1400%2C800&ssl=1 4x"},"classes":[]},{"id":779,"url":"https:\/\/newsseriesgames.com\/en\/analyses-jeux-video\/","url_meta":{"origin":781,"position":2},"title":"Video Game Reviews","author":"News Series Games","date":"11\/02\/2026","format":false,"excerpt":"Introduction D\u00e9couvrez nos analyses jeux vid\u00e9o : gameplay, narration, direction artistique et th\u00e9matiques abord\u00e9es. News Series Games propose un regard critique et approfondi sur les \u0153uvres vid\u00e9oludiques, au-del\u00e0 de l\u2019actualit\u00e9. Analyse \u00e0 la une Liste principale des analyses Notre approche des analyses jeux vid\u00e9o Nos analyses jeux vid\u00e9o s\u2019int\u00e9ressent aux\u2026","rel":"","context":"Similar post","block_context":{"text":"Similar post","link":""},"img":{"alt_text":"","src":"","width":0,"height":0},"classes":[]},{"id":74,"url":"https:\/\/newsseriesgames.com\/en\/a-propos\/","url_meta":{"origin":781,"position":3},"title":"About us","author":"News Series Games","date":"23\/10\/2025","format":false,"excerpt":"\ud83c\udfae Bienvenue dans l\u2019univers de News Series & Games \ud83c\udfac News Series & Games, par des passionn\u00e9s, vous plonge dans l\u2019univers des jeux vid\u00e9o et des s\u00e9ries TV. Actualit\u00e9s, tests, critiques et analyses pour ne rien manquer de vos mondes favoris ! Ici, chaque article est une porte d\u2019entr\u00e9e vers\u2026","rel":"","context":"Similar post","block_context":{"text":"Similar post","link":""},"img":{"alt_text":"","src":"https:\/\/i0.wp.com\/newsseriesgames.com\/wp-content\/uploads\/2026\/01\/affiche-tele.png?resize=350%2C200&ssl=1","width":350,"height":200,"srcset":"https:\/\/i0.wp.com\/newsseriesgames.com\/wp-content\/uploads\/2026\/01\/affiche-tele.png?resize=350%2C200&ssl=1 1x, https:\/\/i0.wp.com\/newsseriesgames.com\/wp-content\/uploads\/2026\/01\/affiche-tele.png?resize=525%2C300&ssl=1 1.5x, https:\/\/i0.wp.com\/newsseriesgames.com\/wp-content\/uploads\/2026\/01\/affiche-tele.png?resize=700%2C400&ssl=1 2x, https:\/\/i0.wp.com\/newsseriesgames.com\/wp-content\/uploads\/2026\/01\/affiche-tele.png?resize=1050%2C600&ssl=1 3x"},"classes":[]},{"id":652,"url":"https:\/\/newsseriesgames.com\/en\/%f0%9f%94%a5-articles-populaires\/","url_meta":{"origin":781,"position":4},"title":"Articles populaires","author":"News Series Games","date":"11\/01\/2026","format":false,"excerpt":"ARTICLES POPULAIRES INTRODUCTION D\u00e9couvrez les articles les plus populaires de NewsSeriesGames.Cette s\u00e9lection regroupe nos contenus les plus appr\u00e9ci\u00e9s sur les jeux vid\u00e9o et les s\u00e9ries TV : critiques, analyses et dossiers \u00e0 ne pas manquer. LISTE DES ARTICLES POPULAIRES \ud83c\udfae Jeux vid\u00e9o populaires \ud83d\udcfa S\u00e9ries TV populaires Vous aimez ce\u2026","rel":"","context":"Similar post","block_context":{"text":"Similar post","link":""},"img":{"alt_text":"","src":"https:\/\/i0.wp.com\/newsseriesgames.com\/wp-content\/uploads\/2026\/01\/banniere-article-populaire-1024x683.png?resize=350%2C200&ssl=1","width":350,"height":200,"srcset":"https:\/\/i0.wp.com\/newsseriesgames.com\/wp-content\/uploads\/2026\/01\/banniere-article-populaire-1024x683.png?resize=350%2C200&ssl=1 1x, https:\/\/i0.wp.com\/newsseriesgames.com\/wp-content\/uploads\/2026\/01\/banniere-article-populaire-1024x683.png?resize=525%2C300&ssl=1 1.5x, https:\/\/i0.wp.com\/newsseriesgames.com\/wp-content\/uploads\/2026\/01\/banniere-article-populaire-1024x683.png?resize=700%2C400&ssl=1 2x"},"classes":[]},{"id":676,"url":"https:\/\/newsseriesgames.com\/en\/charte-editoriale\/","url_meta":{"origin":781,"position":5},"title":"Charte \u00e9ditoriale","author":"News Series Games","date":"11\/01\/2026","format":false,"excerpt":"Site : https:\/\/newsseriesgames.com 1. Pr\u00e9sentation du site NewsSeriesGames.com est un blog ind\u00e9pendant d\u00e9di\u00e9 \u00e0 l\u2019actualit\u00e9, aux analyses, aux critiques et aux dossiers autour des jeux vid\u00e9o et des s\u00e9ries t\u00e9l\u00e9vis\u00e9es. Le site a pour vocation d\u2019informer, de divertir et de partager une passion commune pour la culture vid\u00e9oludique et audiovisuelle,\u2026","rel":"","context":"Similar post","block_context":{"text":"Similar post","link":""},"img":{"alt_text":"","src":"","width":0,"height":0},"classes":[]}],"_links":{"self":[{"href":"https:\/\/newsseriesgames.com\/en\/wp-json\/wp\/v2\/pages\/781","targetHints":{"allow":["GET"]}}],"collection":[{"href":"https:\/\/newsseriesgames.com\/en\/wp-json\/wp\/v2\/pages"}],"about":[{"href":"https:\/\/newsseriesgames.com\/en\/wp-json\/wp\/v2\/types\/page"}],"author":[{"embeddable":true,"href":"https:\/\/newsseriesgames.com\/en\/wp-json\/wp\/v2\/users\/1"}],"replies":[{"embeddable":true,"href":"https:\/\/newsseriesgames.com\/en\/wp-json\/wp\/v2\/comments?post=781"}],"version-history":[{"count":4,"href":"https:\/\/newsseriesgames.com\/en\/wp-json\/wp\/v2\/pages\/781\/revisions"}],"predecessor-version":[{"id":817,"href":"https:\/\/newsseriesgames.com\/en\/wp-json\/wp\/v2\/pages\/781\/revisions\/817"}],"wp:attachment":[{"href":"https:\/\/newsseriesgames.com\/en\/wp-json\/wp\/v2\/media?parent=781"}],"curies":[{"name":"wp","href":"https:\/\/api.w.org\/{rel}","templated":true}]}}