{"id":739,"date":"2026-02-11T22:26:23","date_gmt":"2026-02-11T22:26:23","guid":{"rendered":"https:\/\/newsseriesgames.com\/?page_id=739"},"modified":"2026-02-11T22:27:50","modified_gmt":"2026-02-11T22:27:50","slug":"jeux-video-actualites-analyses-et-critiques","status":"publish","type":"page","link":"https:\/\/newsseriesgames.com\/en\/jeux-video-actualites-analyses-et-critiques\/","title":{"rendered":"Video Games \u2013 News, Analysis, and Reviews"},"content":{"rendered":"<p class=\"translation-block\">Find all the latest video game news, in-depth analysis, and game reviews for consoles and PCs. News Series Games offers an independent editorial perspective on the video game industry.<\/p>\n\n\n\n<h2 class=\"wp-block-heading\"><span style=\"color: #FF00FC;\">Headlines \u2013 Video Games<\/span>\n<\/h2>\n\n\n\n<div class=\"wp-block-query is-layout-flow wp-block-query-is-layout-flow\"><ul class=\"wp-block-post-template is-layout-flow wp-block-post-template-is-layout-flow\"><li class=\"wp-block-post post-472 post type-post status-publish format-standard has-post-thumbnail hentry category-games category-critiques category-populaire tag-clair-obscur-expedition-33 tag-critique-jeu tag-fantasy-belle-epoque tag-jeu-video tag-jrpg tag-pc-ps5-xbox-series tag-rpg tag-sandfall-interactive tag-solo tag-unreal-engine-5 entry\">\n<h2 class=\"wp-block-post-title\"><a href=\"https:\/\/newsseriesgames.com\/en\/clair-obscur-expedition-33-un-rpg-sombre-et-ambitieux-a-surveiller-de-pres\/\" target=\"_self\">Clair Obscur: Exp\u00e9dition 33 un RPG sombre et ambitieux \u00e0 surveiller de pr\u00e8s<\/a><\/h2>\n\n<figure class=\"alignwide wp-block-post-featured-image\"><a href=\"https:\/\/newsseriesgames.com\/en\/clair-obscur-expedition-33-un-rpg-sombre-et-ambitieux-a-surveiller-de-pres\/\" target=\"_self\"><img decoding=\"async\" width=\"2560\" height=\"1440\" src=\"https:\/\/newsseriesgames.com\/wp-content\/uploads\/2025\/12\/Clair-Obscur-Expedition-33-scaled.jpg\" class=\"attachment-post-thumbnail size-post-thumbnail wp-post-image\" alt=\"Clair Obscur: Exp\u00e9dition 33 un RPG sombre et ambitieux \u00e0 surveiller de pr\u00e8s\" style=\"object-fit:cover;\" srcset=\"https:\/\/newsseriesgames.com\/wp-content\/uploads\/2025\/12\/Clair-Obscur-Expedition-33-scaled.jpg 2560w, https:\/\/newsseriesgames.com\/wp-content\/uploads\/2025\/12\/Clair-Obscur-Expedition-33-300x169.jpg 300w, https:\/\/newsseriesgames.com\/wp-content\/uploads\/2025\/12\/Clair-Obscur-Expedition-33-1024x576.jpg 1024w, https:\/\/newsseriesgames.com\/wp-content\/uploads\/2025\/12\/Clair-Obscur-Expedition-33-768x432.jpg 768w, https:\/\/newsseriesgames.com\/wp-content\/uploads\/2025\/12\/Clair-Obscur-Expedition-33-1536x864.jpg 1536w, https:\/\/newsseriesgames.com\/wp-content\/uploads\/2025\/12\/Clair-Obscur-Expedition-33-2048x1152.jpg 2048w, https:\/\/newsseriesgames.com\/wp-content\/uploads\/2025\/12\/Clair-Obscur-Expedition-33-18x10.jpg 18w, https:\/\/newsseriesgames.com\/wp-content\/uploads\/2025\/12\/Clair-Obscur-Expedition-33-1920x1080.jpg 1920w\" sizes=\"(max-width: 2560px) 100vw, 2560px\" \/><\/a><\/figure>\n\n<div class=\"wp-block-post-excerpt\"><p class=\"wp-block-post-excerpt__excerpt\">Pr\u00e9sentation du jeu Clair Obscur: Exp\u00e9dition 33 est un jeu de r\u00f4le (RPG) solo d\u00e9velopp\u00e9 par le studio fran\u00e7ais Sandfall&hellip; Continue reading &ldquo;Clair Obscur: Exp\u00e9dition 33 un RPG sombre et ambitieux \u00e0 surveiller de pr\u00e8s&rdquo;&hellip; <\/p><\/div>\n\n\n<hr class=\"wp-block-separator has-css-opacity\"\/>\n\n\n<div class=\"wp-block-post-date\"><time datetime=\"2025-12-31T17:38:54+00:00\">31\/12\/2025<\/time><\/div>\n<\/li><\/ul>\n\n\n<h2 class=\"wp-block-heading\"><span style=\"color: #FF00FC;\">Video Game News<\/span>\n<\/h2>\n\n\n\n<div class=\"wp-block-query is-layout-flow wp-block-query-is-layout-flow\"><ul class=\"wp-block-post-template is-layout-flow wp-block-post-template-is-layout-flow\"><li class=\"wp-block-post post-796 post type-post status-publish format-standard has-post-thumbnail hentry category-games category-actualites tag-actualite-gaming tag-fps tag-free-to-play tag-highguard tag-jeu-video tag-multijoueur tag-pc-ps5-xbox-series tag-raid-shooter tag-shooter-pvp tag-wildlight-entertainment entry\">\n<h2 class=\"wp-block-post-title\">Highguard \u2013 News: A turbulent launch for the FPS from the creators of Apex Legends<\/h2>\n\n<div class=\"wp-block-post-excerpt\"><p class=\"wp-block-post-excerpt__excerpt\">Une sortie tr\u00e8s attendue Highguard est sorti le 26 janvier 2026 sur PC et consoles. Pr\u00e9sent\u00e9 comme le nouveau projet&hellip; Continue reading &ldquo;Highguard \u2013 Actu : un lancement mouvement\u00e9 pour le FPS des anciens d\u2019Apex Legends&rdquo;&hellip; <\/p><\/div>\n<\/li><li class=\"wp-block-post post-741 post type-post status-publish format-standard has-post-thumbnail hentry category-games category-actualites tag-actualite-gaming tag-capcom tag-franchise-resident-evil tag-gaming-news tag-horror tag-jeu-video tag-jeu-video-dhorreur tag-nouvelle-sortie tag-resident-evil tag-resident-evil-requiem tag-survival-horror entry\">\n<h2 class=\"wp-block-post-title\">Resident Evil Requiem : le prochain jeu tr\u00e8s attendu fait d\u00e9j\u00e0 trembler les fans de la saga<\/h2>\n\n<div class=\"wp-block-post-excerpt\"><p class=\"wp-block-post-excerpt__excerpt\">Annonc\u00e9 comme le neuvi\u00e8me \u00e9pisode principal de la c\u00e9l\u00e8bre saga d\u2019horreur de Capcom, Resident Evil Requiem s\u2019impose d\u00e9j\u00e0 comme l\u2019un&hellip; Continue reading &ldquo;Resident Evil Requiem : le prochain jeu tr\u00e8s attendu fait d\u00e9j\u00e0 trembler les fans de la saga&rdquo;&hellip; <\/p><\/div>\n<\/li><\/ul>\n\n\n\n\n<hr class=\"wp-block-separator has-alpha-channel-opacity\"\/>\n<\/div>\n<\/div>\n\n\n\n<h2 class=\"wp-block-heading\"><span style=\"color: #FF00FC;\">Video Game Reviews<\/span>\n<\/h2>\n\n\n\n<div class=\"wp-block-query is-layout-flow wp-block-query-is-layout-flow\"><ul class=\"wp-block-post-template is-layout-flow wp-block-post-template-is-layout-flow\"><li class=\"wp-block-post post-757 post type-post status-publish format-standard has-post-thumbnail hentry category-games category-critiques tag-action-rpg-2 tag-chronos tag-critique-jeu tag-gameplay tag-hades-ii tag-jeu-video tag-mythologie-grecque tag-nintendo-switch-pc tag-roguelike tag-supergiant-games entry\">\n<h2 class=\"wp-block-post-title\">Hades II, can lightning strike twice?<\/h2>\n\n<div class=\"wp-block-post-excerpt\"><p class=\"wp-block-post-excerpt__excerpt\">Tr\u00e8s attendu apr\u00e8s le succ\u00e8s du premier \u00e9pisode, Hades II avait la lourde t\u00e2che de se montrer \u00e0 la hauteur&hellip; Continue reading &ldquo;Hades II, la foudre peut-elle frapper deux fois ?&rdquo;&hellip; <\/p><\/div>\n<\/li><li class=\"wp-block-post post-735 post type-post status-publish format-standard has-post-thumbnail hentry category-games category-critiques tag-action tag-cosmique tag-critique-jeu tag-jeu-marvel tag-jeu-video tag-marvel-cosmic-invasion tag-pc tag-ps5 tag-super-heros tag-univers-marvel entry\">\n<h2 class=\"wp-block-post-title\">Marvel Cosmic Invasion : une ambition galactique qui divise<\/h2>\n\n<div class=\"wp-block-post-excerpt\"><p class=\"wp-block-post-excerpt__excerpt\">Depuis plusieurs ann\u00e9es, les jeux Marvel alternent entre projets tr\u00e8s ambitieux et titres plus modestes, parfois oubliables. Marvel Cosmic Invasion&hellip; Continue reading &ldquo;Marvel Cosmic Invasion : une ambition galactique qui divise&rdquo;&hellip; <\/p><\/div>\n<\/li><li class=\"wp-block-post post-472 post type-post status-publish format-standard has-post-thumbnail hentry category-games category-critiques category-populaire tag-clair-obscur-expedition-33 tag-critique-jeu tag-fantasy-belle-epoque tag-jeu-video tag-jrpg tag-pc-ps5-xbox-series tag-rpg tag-sandfall-interactive tag-solo tag-unreal-engine-5 entry\">\n<h2 class=\"wp-block-post-title\">Clair Obscur: Exp\u00e9dition 33 un RPG sombre et ambitieux \u00e0 surveiller de pr\u00e8s<\/h2>\n\n<div class=\"wp-block-post-excerpt\"><p class=\"wp-block-post-excerpt__excerpt\">Pr\u00e9sentation du jeu Clair Obscur: Exp\u00e9dition 33 est un jeu de r\u00f4le (RPG) solo d\u00e9velopp\u00e9 par le studio fran\u00e7ais Sandfall&hellip; Continue reading &ldquo;Clair Obscur: Exp\u00e9dition 33 un RPG sombre et ambitieux \u00e0 surveiller de pr\u00e8s&rdquo;&hellip; <\/p><\/div>\n<\/li><\/ul>\n\n<nav class=\"wp-block-query-pagination is-layout-flex wp-block-query-pagination-is-layout-flex\" aria-label=\"Pagination\">\n\n\n<div class=\"wp-block-query-pagination-numbers\"><span aria-current=\"page\" class=\"page-numbers current\">1<\/span>\n<a class=\"page-numbers\" href=\"?query-12-page=2\">2<\/a>\n<a class=\"page-numbers\" href=\"?query-12-page=3\">3<\/a>\n<a class=\"page-numbers\" href=\"?query-12-page=4\">4<\/a><\/div>\n\n<a href=\"\/en\/wp-json\/wp\/v2\/pages\/739?query-12-page=2\" class=\"wp-block-query-pagination-next\">Next Page<\/a>\n<\/nav>\n\n\n<hr class=\"wp-block-separator has-alpha-channel-opacity\"\/>\n<\/div>\n\n\n\n<h2 class=\"wp-block-heading\"><span style=\"color: #FF00FC;\">Video Game Reviews<\/span>\n<\/h2>\n\n\n\n<div class=\"wp-block-query is-layout-flow wp-block-query-is-layout-flow\"><ul class=\"wp-block-post-template is-layout-flow wp-block-post-template-is-layout-flow\"><li class=\"wp-block-post post-843 post type-post status-publish format-standard has-post-thumbnail hentry category-games category-analyses tag-action-rpg-2 tag-analyse-de-jeu-video tag-assassins-creed tag-assassins-creed-shadows tag-japon-feodal tag-jeu-video tag-monde-ouvert tag-ninjutsu-samourai tag-pc-ps5-xbox-series tag-ubisoft entry\">\n<h2 class=\"wp-block-post-title\">Assassin's Creed Shadows: between heritage and modernization of the Assassin's Creed myth<\/h2>\n\n<div class=\"wp-block-post-excerpt\"><p class=\"wp-block-post-excerpt__excerpt\">Assassin\u2019s Creed Shadows marque un tournant important dans la c\u00e9l\u00e8bre s\u00e9rie d\u2019Ubisoft. Sorti le 20 mars 2025, ce quatorzi\u00e8me opus&hellip; Continue reading &ldquo;Assassin\u2019s Creed Shadows entre h\u00e9ritage et modernisation du mythe Assassin\u2019s Creed&rdquo;&hellip; <\/p><\/div>\n<\/li><li class=\"wp-block-post post-800 post type-post status-publish format-standard has-post-thumbnail hentry category-games category-analyses tag-analyse-de-jeu-video tag-fps tag-free-to-play tag-highguard tag-jeu-video tag-multijoueur tag-pc-ps5-xbox-series tag-raid-shooter tag-shooter-pvp tag-wildlight-entertainment entry\">\n<h2 class=\"wp-block-post-title\">Highguard \u2013 Analysis: high ambitions face a difficult reception<\/h2>\n\n<div class=\"wp-block-post-excerpt\"><p class=\"wp-block-post-excerpt__excerpt\">Une volont\u00e9 de renouveler le FPS comp\u00e9titif Avec Highguard, les d\u00e9veloppeurs ont clairement voulu proposer une alternative aux shooters classiques.&hellip; Continue reading &ldquo;Highguard \u2013 Analyse : une ambition forte face \u00e0 une r\u00e9ception difficile&rdquo;&hellip; <\/p><\/div>\n<\/li><li class=\"wp-block-post post-774 post type-post status-publish format-standard has-post-thumbnail hentry category-games category-analyses tag-action-rpg-2 tag-analyse-de-jeu-video tag-direction-artistique tag-game-design tag-hades-ii tag-jeu-video tag-mythologie-grecque tag-narration-videoludique tag-roguelike tag-supergiant-games entry\">\n<h2 class=\"wp-block-post-title\">Hades II \u2013 Review: A sequel that balances continuity and evolution<\/h2>\n\n<div class=\"wp-block-post-excerpt\"><p class=\"wp-block-post-excerpt__excerpt\">Avec Hades II, le studio Supergiant Games a fait un choix clair : faire \u00e9voluer une formule d\u00e9j\u00e0 tr\u00e8s appr\u00e9ci\u00e9e&hellip; Continue reading &ldquo;Hades II \u2013 Analyse : une suite entre continuit\u00e9 et \u00e9volution&rdquo;&hellip; <\/p><\/div>\n<\/li><\/ul>\n\n\n\n\n<hr class=\"wp-block-separator has-alpha-channel-opacity\"\/>\n<\/div>\n\n\n\n<h2 class=\"wp-block-heading\"><span style=\"color: #FF00FC;\">Popular games \/ Themes<\/span><\/h2>\n\n\n\n<p><a href=\"https:\/\/newsseriesgames.com\/en\/tag\/action-rpg-2\/\">Action RPG<\/a> \u2022 <a href=\"https:\/\/newsseriesgames.com\/en\/tag\/campagne-coop\/\">Campagne coop<\/a> \u2022 <a href=\"https:\/\/newsseriesgames.com\/en\/tag\/campagne-solo\/\">Campagne solo<\/a> \u2022 <a href=\"https:\/\/newsseriesgames.com\/en\/article-battlefield-6\/\">Battlefield 6<\/a> \u2022 <a href=\"https:\/\/newsseriesgames.com\/en\/tag\/counter-strike-2\/\">Counter strike 2<\/a> \u2022 <a href=\"https:\/\/newsseriesgames.com\/en\/tag\/call-of-duty-black-ops-7\/\">Call of Duty Black ops 7<\/a> \u2022 <a href=\"https:\/\/newsseriesgames.com\/en\/tag\/ea-sports-fc-26\/\">EA Sports FC 26<\/a> \u2022 <a href=\"https:\/\/newsseriesgames.com\/en\/tag\/delta-force\/\">Delta Force<\/a> \u2022 <a href=\"https:\/\/newsseriesgames.com\/en\/tag\/extraction-shooter\/\">Extraction Shooter<\/a> \u2022 <a href=\"https:\/\/newsseriesgames.com\/en\/tag\/fps\/\">FPS<\/a> \u2022 <a href=\"https:\/\/newsseriesgames.com\/en\/tag\/free-to-play\/\">Free to play<\/a> \u2022 <a href=\"https:\/\/newsseriesgames.com\/en\/tag\/multijoueur\/\">multiplayer<\/a> \u2022 <a href=\"https:\/\/newsseriesgames.com\/en\/tag\/raid-shooter\/\">Raid Shooter<\/a> \u2022 <a href=\"https:\/\/newsseriesgames.com\/en\/tag\/unreal-engine-5\/\">Unreal Engine 5<\/a> <\/p>\n\n\n\n<hr class=\"wp-block-separator has-alpha-channel-opacity\"\/>\n\n\n\n<div class=\"wp-block-group has-cyan-bluish-gray-background-color has-background\"><div class=\"wp-block-group__inner-container is-layout-constrained wp-block-group-is-layout-constrained\">\n<h2 class=\"wp-block-heading has-white-background-color has-background\"><span style=\"color: #FF00FC;\">Our editorial line \u2013 Video Games<\/span><\/h2>\n\n\n\n<p class=\"translation-block\">NewsSeriesGames takes an analytical approach to video games, focusing as much on gameplay mechanics as on narrative construction and the themes addressed.<br><br>Our reviews are written independently, after several hours of gameplay, and aim to inform readers honestly, highlighting both the strengths and limitations of each title.<\/p>\n\n\n\n<p>\u00c0 travers nos analyses, nous cherchons \u00e0 comprendre ce que les jeux racontent, comment ils se jouent et ce qu\u2019ils apportent \u00e0 l\u2019\u00e9volution des jeux vid\u00e9o.<\/p>\n<\/div><\/div>\n\n\n\n<hr class=\"wp-block-separator has-alpha-channel-opacity\"\/>\n\n\n\n<p class=\"translation-block\"><em>The video game content published on <strong>News Series Games<\/strong> is written independently, without influence from publishers.<\/em><\/p>","protected":false},"excerpt":{"rendered":"<div class=\"entry-summary\">\nRetrouvez toute l\u2019actualit\u00e9 jeux vid\u00e9o, nos analyses approfondies et nos critiques de jeux sur consoles et PC. News Series Games&hellip;\n<\/div>\n<div class=\"link-more\"><a href=\"https:\/\/newsseriesgames.com\/en\/jeux-video-actualites-analyses-et-critiques\/\" class=\"more-link\">Continue reading<span class=\"screen-reader-text\"> &ldquo;Jeux Vid\u00e9o \u2013 Actualit\u00e9s, Analyses et Critiques&rdquo;<\/span>&hellip;<\/a><\/div>","protected":false},"author":1,"featured_media":0,"parent":0,"menu_order":0,"comment_status":"closed","ping_status":"closed","template":"","meta":{"_acf_changed":false,"footnotes":""},"class_list":["post-739","page","type-page","status-publish","hentry","entry"],"acf":[],"jetpack_sharing_enabled":true,"jetpack-related-posts":[{"id":545,"url":"https:\/\/newsseriesgames.com\/en\/","url_meta":{"origin":739,"position":0},"title":"Welcome to News Series Games","author":"News Series Games","date":"05\/01\/2026","format":false,"excerpt":"News Series Games \u2013 L\u2019actualit\u00e9 et l\u2019analyse des jeux vid\u00e9o et des s\u00e9ries TV Toute l\u2019actualit\u00e9 des s\u00e9ries TV et des jeux vid\u00e9o.Critiques, news, d\u00e9couvertes et recommandations. S\u00e9rie TV Critiques, news et analyses des meilleures s\u00e9ries du moment. Voir les s\u00e9ries Jeu-vid\u00e9o Tests, actualit\u00e9s et d\u00e9couvertes gaming sur consoles et\u2026","rel":"","context":"Similar post","block_context":{"text":"Similar post","link":""},"img":{"alt_text":"","src":"https:\/\/i0.wp.com\/newsseriesgames.com\/wp-content\/uploads\/2026\/01\/categorie-serie-tv.png?resize=350%2C200&ssl=1","width":350,"height":200,"srcset":"https:\/\/i0.wp.com\/newsseriesgames.com\/wp-content\/uploads\/2026\/01\/categorie-serie-tv.png?resize=350%2C200&ssl=1 1x, https:\/\/i0.wp.com\/newsseriesgames.com\/wp-content\/uploads\/2026\/01\/categorie-serie-tv.png?resize=525%2C300&ssl=1 1.5x, https:\/\/i0.wp.com\/newsseriesgames.com\/wp-content\/uploads\/2026\/01\/categorie-serie-tv.png?resize=700%2C400&ssl=1 2x, https:\/\/i0.wp.com\/newsseriesgames.com\/wp-content\/uploads\/2026\/01\/categorie-serie-tv.png?resize=1050%2C600&ssl=1 3x, https:\/\/i0.wp.com\/newsseriesgames.com\/wp-content\/uploads\/2026\/01\/categorie-serie-tv.png?resize=1400%2C800&ssl=1 4x"},"classes":[]},{"id":779,"url":"https:\/\/newsseriesgames.com\/en\/analyses-jeux-video\/","url_meta":{"origin":739,"position":1},"title":"Video Game Reviews","author":"News Series Games","date":"11\/02\/2026","format":false,"excerpt":"Introduction D\u00e9couvrez nos analyses jeux vid\u00e9o : gameplay, narration, direction artistique et th\u00e9matiques abord\u00e9es. News Series Games propose un regard critique et approfondi sur les \u0153uvres vid\u00e9oludiques, au-del\u00e0 de l\u2019actualit\u00e9. Analyse \u00e0 la une Liste principale des analyses Notre approche des analyses jeux vid\u00e9o Nos analyses jeux vid\u00e9o s\u2019int\u00e9ressent aux\u2026","rel":"","context":"Similar post","block_context":{"text":"Similar post","link":""},"img":{"alt_text":"","src":"","width":0,"height":0},"classes":[]},{"id":74,"url":"https:\/\/newsseriesgames.com\/en\/a-propos\/","url_meta":{"origin":739,"position":2},"title":"About us","author":"News Series Games","date":"23\/10\/2025","format":false,"excerpt":"\ud83c\udfae Bienvenue dans l\u2019univers de News Series & Games \ud83c\udfac News Series & Games, par des passionn\u00e9s, vous plonge dans l\u2019univers des jeux vid\u00e9o et des s\u00e9ries TV. Actualit\u00e9s, tests, critiques et analyses pour ne rien manquer de vos mondes favoris ! Ici, chaque article est une porte d\u2019entr\u00e9e vers\u2026","rel":"","context":"Similar post","block_context":{"text":"Similar post","link":""},"img":{"alt_text":"","src":"https:\/\/i0.wp.com\/newsseriesgames.com\/wp-content\/uploads\/2026\/01\/affiche-tele.png?resize=350%2C200&ssl=1","width":350,"height":200,"srcset":"https:\/\/i0.wp.com\/newsseriesgames.com\/wp-content\/uploads\/2026\/01\/affiche-tele.png?resize=350%2C200&ssl=1 1x, https:\/\/i0.wp.com\/newsseriesgames.com\/wp-content\/uploads\/2026\/01\/affiche-tele.png?resize=525%2C300&ssl=1 1.5x, https:\/\/i0.wp.com\/newsseriesgames.com\/wp-content\/uploads\/2026\/01\/affiche-tele.png?resize=700%2C400&ssl=1 2x, https:\/\/i0.wp.com\/newsseriesgames.com\/wp-content\/uploads\/2026\/01\/affiche-tele.png?resize=1050%2C600&ssl=1 3x"},"classes":[]},{"id":781,"url":"https:\/\/newsseriesgames.com\/en\/critiques-jeux-video\/","url_meta":{"origin":739,"position":3},"title":"Video Game Reviews","author":"News Series Games","date":"11\/02\/2026","format":false,"excerpt":"Introduction Retrouvez nos critiques jeux vid\u00e9o, r\u00e9dig\u00e9es apr\u00e8s plusieurs heures de jeu. Nous analysons chaque titre avec rigueur, en mettant en avant ses qualit\u00e9s, ses d\u00e9fauts et son exp\u00e9rience globale, sans influence des \u00e9diteurs. Critique \u00e0 la une Liste principale des critiques Voir toutes les critiques sur les jeux vid\u00e9o\u2026","rel":"","context":"Similar post","block_context":{"text":"Similar post","link":""},"img":{"alt_text":"","src":"","width":0,"height":0},"classes":[]},{"id":54,"url":"https:\/\/newsseriesgames.com\/en\/blog\/","url_meta":{"origin":739,"position":4},"title":"Blog","author":"News Series Games","date":"18\/08\/2025","format":false,"excerpt":"Bienvenue sur News Series Games ! Ici, vous trouverez toutes les critiques, analyses et actualit\u00e9s sur vos s\u00e9ries TV et jeux vid\u00e9o pr\u00e9f\u00e9r\u00e9s. Explorez nos articles r\u00e9cents, d\u00e9couvrez des coups de c\u0153ur et ne manquez rien de l\u2019actualit\u00e9 geek et pop culture ! Derniers articles publi\u00e9s Tous nos articles Cat\u00e9gorie\u2026","rel":"","context":"Similar post","block_context":{"text":"Similar post","link":""},"img":{"alt_text":"","src":"https:\/\/i0.wp.com\/newsseriesgames.com\/wp-content\/uploads\/2026\/01\/banniere-blog-1.png?resize=350%2C200&ssl=1","width":350,"height":200,"srcset":"https:\/\/i0.wp.com\/newsseriesgames.com\/wp-content\/uploads\/2026\/01\/banniere-blog-1.png?resize=350%2C200&ssl=1 1x, https:\/\/i0.wp.com\/newsseriesgames.com\/wp-content\/uploads\/2026\/01\/banniere-blog-1.png?resize=525%2C300&ssl=1 1.5x, https:\/\/i0.wp.com\/newsseriesgames.com\/wp-content\/uploads\/2026\/01\/banniere-blog-1.png?resize=700%2C400&ssl=1 2x, https:\/\/i0.wp.com\/newsseriesgames.com\/wp-content\/uploads\/2026\/01\/banniere-blog-1.png?resize=1050%2C600&ssl=1 3x, https:\/\/i0.wp.com\/newsseriesgames.com\/wp-content\/uploads\/2026\/01\/banniere-blog-1.png?resize=1400%2C800&ssl=1 4x"},"classes":[]},{"id":676,"url":"https:\/\/newsseriesgames.com\/en\/charte-editoriale\/","url_meta":{"origin":739,"position":5},"title":"Charte \u00e9ditoriale","author":"News Series Games","date":"11\/01\/2026","format":false,"excerpt":"Site : https:\/\/newsseriesgames.com 1. Pr\u00e9sentation du site NewsSeriesGames.com est un blog ind\u00e9pendant d\u00e9di\u00e9 \u00e0 l\u2019actualit\u00e9, aux analyses, aux critiques et aux dossiers autour des jeux vid\u00e9o et des s\u00e9ries t\u00e9l\u00e9vis\u00e9es. Le site a pour vocation d\u2019informer, de divertir et de partager une passion commune pour la culture vid\u00e9oludique et audiovisuelle,\u2026","rel":"","context":"Similar post","block_context":{"text":"Similar post","link":""},"img":{"alt_text":"","src":"","width":0,"height":0},"classes":[]}],"_links":{"self":[{"href":"https:\/\/newsseriesgames.com\/en\/wp-json\/wp\/v2\/pages\/739","targetHints":{"allow":["GET"]}}],"collection":[{"href":"https:\/\/newsseriesgames.com\/en\/wp-json\/wp\/v2\/pages"}],"about":[{"href":"https:\/\/newsseriesgames.com\/en\/wp-json\/wp\/v2\/types\/page"}],"author":[{"embeddable":true,"href":"https:\/\/newsseriesgames.com\/en\/wp-json\/wp\/v2\/users\/1"}],"replies":[{"embeddable":true,"href":"https:\/\/newsseriesgames.com\/en\/wp-json\/wp\/v2\/comments?post=739"}],"version-history":[{"count":3,"href":"https:\/\/newsseriesgames.com\/en\/wp-json\/wp\/v2\/pages\/739\/revisions"}],"predecessor-version":[{"id":821,"href":"https:\/\/newsseriesgames.com\/en\/wp-json\/wp\/v2\/pages\/739\/revisions\/821"}],"wp:attachment":[{"href":"https:\/\/newsseriesgames.com\/en\/wp-json\/wp\/v2\/media?parent=739"}],"curies":[{"name":"wp","href":"https:\/\/api.w.org\/{rel}","templated":true}]}}