{"id":72,"date":"2025-10-23T20:41:53","date_gmt":"2025-10-23T20:41:53","guid":{"rendered":"https:\/\/newsseriesgames.com\/?page_id=72"},"modified":"2025-12-18T23:48:17","modified_gmt":"2025-12-18T23:48:17","slug":"contacts","status":"publish","type":"page","link":"https:\/\/newsseriesgames.com\/en\/contacts\/","title":{"rendered":"Contact"},"content":{"rendered":"\n<figure class=\"wp-block-image size-large\"><img decoding=\"async\" width=\"1024\" height=\"576\" src=\"https:\/\/newsseriesgames.com\/wp-content\/uploads\/2025\/10\/Purple-Green-Futuristic-Modern-E-Sports-Gaming-Presentation-1-1024x576.png\" alt=\"\" class=\"wp-image-235\" srcset=\"https:\/\/newsseriesgames.com\/wp-content\/uploads\/2025\/10\/Purple-Green-Futuristic-Modern-E-Sports-Gaming-Presentation-1-1024x576.png 1024w, https:\/\/newsseriesgames.com\/wp-content\/uploads\/2025\/10\/Purple-Green-Futuristic-Modern-E-Sports-Gaming-Presentation-1-300x169.png 300w, https:\/\/newsseriesgames.com\/wp-content\/uploads\/2025\/10\/Purple-Green-Futuristic-Modern-E-Sports-Gaming-Presentation-1-768x432.png 768w, https:\/\/newsseriesgames.com\/wp-content\/uploads\/2025\/10\/Purple-Green-Futuristic-Modern-E-Sports-Gaming-Presentation-1-1536x864.png 1536w, https:\/\/newsseriesgames.com\/wp-content\/uploads\/2025\/10\/Purple-Green-Futuristic-Modern-E-Sports-Gaming-Presentation-1.png 1920w\" sizes=\"(max-width: 1024px) 100vw, 1024px\" \/><\/figure>\n\n\n\n<h2 class=\"wp-block-heading\">Nous contacter<\/h2>\n\n\n\n<p>Merci de ton int\u00e9r\u00eat pour <strong>News Series Games<\/strong> !<br>Tu veux me poser une question, partager une id\u00e9e d\u2019article, proposer une collaboration ou simplement \u00e9changer sur une s\u00e9rie ou un jeu qui t\u2019a marqu\u00e9 ?<br>Je serais ravi(e) de te lire \ud83d\udc47<\/p>\n\n\n<style id=\"wpforms-css-vars-146-block-a6a9668a-6c88-40e6-bf5c-5189a61828ab\">\n\t\t\t\t#wpforms-146.wpforms-block-a6a9668a-6c88-40e6-bf5c-5189a61828ab {\n\t\t\t\t--wpforms-field-size-input-height: 43px;\n--wpforms-field-size-input-spacing: 15px;\n--wpforms-field-size-font-size: 16px;\n--wpforms-field-size-line-height: 19px;\n--wpforms-field-size-padding-h: 14px;\n--wpforms-field-size-checkbox-size: 16px;\n--wpforms-field-size-sublabel-spacing: 5px;\n--wpforms-field-size-icon-size: 1;\n--wpforms-label-size-font-size: 16px;\n--wpforms-label-size-line-height: 19px;\n--wpforms-label-size-sublabel-font-size: 14px;\n--wpforms-label-size-sublabel-line-height: 17px;\n--wpforms-button-size-font-size: 17px;\n--wpforms-button-size-height: 41px;\n--wpforms-button-size-padding-h: 15px;\n--wpforms-button-size-margin-top: 10px;\n\t\t\t}\n\t\t\t<\/style><div class=\"wpforms-container wpforms-container-full wpforms-block wpforms-block-a6a9668a-6c88-40e6-bf5c-5189a61828ab wpforms-render-modern\" id=\"wpforms-146\"><form id=\"wpforms-form-146\" class=\"wpforms-validate wpforms-form wpforms-ajax-form\" data-formid=\"146\" method=\"post\" enctype=\"multipart\/form-data\" action=\"\/en\/wp-json\/wp\/v2\/pages\/72\" data-token=\"fbe4162725ee199b78129c7146e821b9\" data-token-time=\"1776692914\"><noscript class=\"wpforms-error-noscript\">Please enable JavaScript in your browser to complete this form.<\/noscript><div id=\"wpforms-error-noscript\" style=\"display: none;\">Please enable JavaScript in your browser to complete this form.<\/div><div class=\"wpforms-field-container\"><div id=\"wpforms-146-field_1-container\" class=\"wpforms-field wpforms-field-name\" data-field-id=\"1\"><label class=\"wpforms-field-label\" for=\"wpforms-146-field_1\">Nom <span class=\"wpforms-required-label\" aria-hidden=\"true\">*<\/span><\/label><input type=\"text\" id=\"wpforms-146-field_1\" class=\"wpforms-field-medium wpforms-field-required\" name=\"wpforms[fields][1]\" aria-errormessage=\"wpforms-146-field_1-error\" required><\/div><div id=\"wpforms-146-field_2-container\" class=\"wpforms-field wpforms-field-email\" data-field-id=\"2\"><label class=\"wpforms-field-label\" for=\"wpforms-146-field_2\">E-mail <span class=\"wpforms-required-label\" aria-hidden=\"true\">*<\/span><\/label><input type=\"email\" id=\"wpforms-146-field_2\" class=\"wpforms-field-medium wpforms-field-required\" name=\"wpforms[fields][2]\" spellcheck=\"false\" aria-errormessage=\"wpforms-146-field_2-error\" required><\/div>\t\t<div id=\"wpforms-146-field_5-container\"\n\t\t\tclass=\"wpforms-field wpforms-field-text\"\n\t\t\tdata-field-type=\"text\"\n\t\t\tdata-field-id=\"5\"\n\t\t\t>\n\t\t\t<label class=\"wpforms-field-label\" for=\"wpforms-146-field_5\" >Consentement Nom Commentaire<\/label>\n\t\t\t<input type=\"text\" id=\"wpforms-146-field_5\" class=\"wpforms-field-medium\" name=\"wpforms[fields][5]\" >\n\t\t<\/div>\n\t\t<div id=\"wpforms-146-field_3-container\" class=\"wpforms-field wpforms-field-textarea\" data-field-id=\"3\"><label class=\"wpforms-field-label\" for=\"wpforms-146-field_3\">Commentaire ou message<\/label><textarea id=\"wpforms-146-field_3\" class=\"wpforms-field-medium\" name=\"wpforms[fields][3]\" aria-errormessage=\"wpforms-146-field_3-error\" ><\/textarea><\/div><div id=\"wpforms-146-field_4-container\" class=\"wpforms-field wpforms-field-checkbox\" data-field-id=\"4\"><fieldset><legend class=\"wpforms-field-label\">Consentement<\/legend><ul id=\"wpforms-146-field_4\"><li class=\"choice-1 depth-1\"><input type=\"checkbox\" id=\"wpforms-146-field_4_1\" name=\"wpforms[fields][4][]\" value=\"J\u2019accepte que mes donn\u00e9es soient utilis\u00e9es pour permettre la publication de mon commentaire.\" aria-errormessage=\"wpforms-146-field_4_1-error\"  ><label class=\"wpforms-field-label-inline\" for=\"wpforms-146-field_4_1\">J\u2019accepte que mes donn\u00e9es soient utilis\u00e9es pour permettre la publication de mon commentaire.<\/label><\/li><\/ul><\/fieldset><\/div><script>\n\t\t\t\t( function() {\n\t\t\t\t\tconst style = document.createElement( 'style' );\n\t\t\t\t\tstyle.appendChild( document.createTextNode( '#wpforms-146-field_5-container { position: absolute !important; overflow: hidden !important; display: inline !important; height: 1px !important; width: 1px !important; z-index: -1000 !important; padding: 0 !important; } #wpforms-146-field_5-container input { visibility: hidden; } #wpforms-conversational-form-page #wpforms-146-field_5-container label { counter-increment: none; }' ) );\n\t\t\t\t\tdocument.head.appendChild( style );\n\t\t\t\t\tdocument.currentScript?.remove();\n\t\t\t\t} )();\n\t\t\t<\/script><\/div><!-- .wpforms-field-container --><div class=\"wpforms-submit-container\" ><input type=\"hidden\" name=\"wpforms[id]\" value=\"146\"><input type=\"hidden\" name=\"page_title\" value=\"\"><input type=\"hidden\" name=\"page_url\" value=\"https:\/\/newsseriesgames.com\/en\/wp-json\/wp\/v2\/pages\/72\"><input type=\"hidden\" name=\"url_referer\" value=\"\"><button type=\"submit\" name=\"wpforms[submit]\" id=\"wpforms-submit-146\" class=\"wpforms-submit\" data-alt-text=\"Envoi...\" data-submit-text=\"Envoyer\" aria-live=\"assertive\" value=\"wpforms-submit\">Envoyer<\/button><img decoding=\"async\" src=\"https:\/\/newsseriesgames.com\/wp-content\/plugins\/wpforms-lite\/assets\/images\/submit-spin.svg\" class=\"wpforms-submit-spinner\" style=\"display: none;\" width=\"26\" height=\"26\" alt=\"Loading\"><\/div><\/form><\/div>  <!-- .wpforms-container -->\n\n\n<p>\ud83d\udca1<mark style=\"background-color:rgba(0, 0, 0, 0)\" class=\"has-inline-color has-vivid-red-color\"><\/mark><strong><em><span style=\"color: #F70000;\">Les informations envoy\u00e9es via ce formulaire sont utilis\u00e9es uniquement pour r\u00e9pondre \u00e0 ton message. Aucune donn\u00e9e n\u2019est partag\u00e9e \u00e0 des tiers.<\/span> <\/em><\/strong><\/p>\n\n\n\n<ul class=\"wp-block-social-links is-layout-flex wp-block-social-links-is-layout-flex\"><li class=\"wp-social-link wp-social-link-discord  wp-block-social-link\"><a href=\"https:\/\/discord.gg\/dYkJ8nmsRW\" class=\"wp-block-social-link-anchor\" target=\"_blank\" rel=\"noopener\"><svg width=\"24\" height=\"24\" version=\"1.1\" viewBox=\"0 0 24 24\" xmlns=\"http:\/\/www.w3.org\/2000\/svg\" aria-hidden=\"true\" focusable=\"false\"><path d=\"M20.317 4.369A19.88 19.88 0 0 0 15.894 3a14.145 14.145 0 0 0-.719 1.518 19.205 19.205 0 0 0-5.351 0A14.183 14.183 0 0 0 9.104 3 19.896 19.896 0 0 0 4.682 4.369a18.921 18.921 0 0 0-3.012 12.52 19.929 19.929 0 0 0 6.081 3.097c.487-.65.922-1.339 1.3-2.061a12.445 12.445 0 0 1-1.958-.896c.165-.12.326-.246.483-.374a12.445 12.445 0 0 0 8.946 0c.157.128.318.253.483.374-.627.371-1.281.683-1.958.896.379.722.813 1.41 1.3 2.061a19.94 19.94 0 0 0 6.081-3.097 18.921 18.921 0 0 0-3.012-12.52ZM8.12 15.233c-1.202 0-2.184-1.09-2.184-2.431 0-1.34.97-2.431 2.184-2.431 1.213 0 2.202 1.09 2.184 2.431 0 1.341-.97 2.431-2.184 2.431Zm7.757 0c-1.202 0-2.184-1.09-2.184-2.431 0-1.34.97-2.431 2.184-2.431 1.213 0 2.202 1.09 2.184 2.431 0 1.341-.97 2.431-2.184 2.431Z\"\/><\/svg><span class=\"wp-block-social-link-label screen-reader-text\">Discord<\/span><\/a><\/li>\n\n<li class=\"wp-social-link wp-social-link-instagram  wp-block-social-link\"><a href=\"https:\/\/www.instagram.com\/news.sg.officiel\/\" class=\"wp-block-social-link-anchor\" target=\"_blank\" rel=\"noopener\"><svg width=\"24\" height=\"24\" viewBox=\"0 0 24 24\" version=\"1.1\" xmlns=\"http:\/\/www.w3.org\/2000\/svg\" aria-hidden=\"true\" focusable=\"false\"><path d=\"M12,4.622c2.403,0,2.688,0.009,3.637,0.052c0.877,0.04,1.354,0.187,1.671,0.31c0.42,0.163,0.72,0.358,1.035,0.673 c0.315,0.315,0.51,0.615,0.673,1.035c0.123,0.317,0.27,0.794,0.31,1.671c0.043,0.949,0.052,1.234,0.052,3.637 s-0.009,2.688-0.052,3.637c-0.04,0.877-0.187,1.354-0.31,1.671c-0.163,0.42-0.358,0.72-0.673,1.035 c-0.315,0.315-0.615,0.51-1.035,0.673c-0.317,0.123-0.794,0.27-1.671,0.31c-0.949,0.043-1.233,0.052-3.637,0.052 s-2.688-0.009-3.637-0.052c-0.877-0.04-1.354-0.187-1.671-0.31c-0.42-0.163-0.72-0.358-1.035-0.673 c-0.315-0.315-0.51-0.615-0.673-1.035c-0.123-0.317-0.27-0.794-0.31-1.671C4.631,14.688,4.622,14.403,4.622,12 s0.009-2.688,0.052-3.637c0.04-0.877,0.187-1.354,0.31-1.671c0.163-0.42,0.358-0.72,0.673-1.035 c0.315-0.315,0.615-0.51,1.035-0.673c0.317-0.123,0.794-0.27,1.671-0.31C9.312,4.631,9.597,4.622,12,4.622 M12,3 C9.556,3,9.249,3.01,8.289,3.054C7.331,3.098,6.677,3.25,6.105,3.472C5.513,3.702,5.011,4.01,4.511,4.511 c-0.5,0.5-0.808,1.002-1.038,1.594C3.25,6.677,3.098,7.331,3.054,8.289C3.01,9.249,3,9.556,3,12c0,2.444,0.01,2.751,0.054,3.711 c0.044,0.958,0.196,1.612,0.418,2.185c0.23,0.592,0.538,1.094,1.038,1.594c0.5,0.5,1.002,0.808,1.594,1.038 c0.572,0.222,1.227,0.375,2.185,0.418C9.249,20.99,9.556,21,12,21s2.751-0.01,3.711-0.054c0.958-0.044,1.612-0.196,2.185-0.418 c0.592-0.23,1.094-0.538,1.594-1.038c0.5-0.5,0.808-1.002,1.038-1.594c0.222-0.572,0.375-1.227,0.418-2.185 C20.99,14.751,21,14.444,21,12s-0.01-2.751-0.054-3.711c-0.044-0.958-0.196-1.612-0.418-2.185c-0.23-0.592-0.538-1.094-1.038-1.594 c-0.5-0.5-1.002-0.808-1.594-1.038c-0.572-0.222-1.227-0.375-2.185-0.418C14.751,3.01,14.444,3,12,3L12,3z M12,7.378 c-2.552,0-4.622,2.069-4.622,4.622S9.448,16.622,12,16.622s4.622-2.069,4.622-4.622S14.552,7.378,12,7.378z M12,15 c-1.657,0-3-1.343-3-3s1.343-3,3-3s3,1.343,3,3S13.657,15,12,15z M16.804,6.116c-0.596,0-1.08,0.484-1.08,1.08 s0.484,1.08,1.08,1.08c0.596,0,1.08-0.484,1.08-1.08S17.401,6.116,16.804,6.116z\"><\/path><\/svg><span class=\"wp-block-social-link-label screen-reader-text\">Instagram<\/span><\/a><\/li>\n\n<li class=\"wp-social-link wp-social-link-mail  wp-block-social-link\"><a href=\"mailto:n&#101;ws&#115;&#101;r&#105;&#101;&#115;g&#097;m&#101;s&#064;h&#111;tm&#097;il&#046;c&#111;m\" class=\"wp-block-social-link-anchor\"><svg width=\"24\" height=\"24\" viewBox=\"0 0 24 24\" version=\"1.1\" xmlns=\"http:\/\/www.w3.org\/2000\/svg\" aria-hidden=\"true\" focusable=\"false\"><path d=\"M19,5H5c-1.1,0-2,.9-2,2v10c0,1.1.9,2,2,2h14c1.1,0,2-.9,2-2V7c0-1.1-.9-2-2-2zm.5,12c0,.3-.2.5-.5.5H5c-.3,0-.5-.2-.5-.5V9.8l7.5,5.6,7.5-5.6V17zm0-9.1L12,13.6,4.5,7.9V7c0-.3.2-.5.5-.5h14c.3,0,.5.2.5.5v.9z\"><\/path><\/svg><span class=\"wp-block-social-link-label screen-reader-text\">Mail<\/span><\/a><\/li>\n\n<li class=\"wp-social-link wp-social-link-tiktok  wp-block-social-link\"><a href=\"https:\/\/www.tiktok.com\/@news.sg.officiel\" class=\"wp-block-social-link-anchor\" target=\"_blank\" rel=\"noopener\"><svg width=\"24\" height=\"24\" viewBox=\"0 0 32 32\" version=\"1.1\" xmlns=\"http:\/\/www.w3.org\/2000\/svg\" aria-hidden=\"true\" focusable=\"false\"><path d=\"M16.708 0.027c1.745-0.027 3.48-0.011 5.213-0.027 0.105 2.041 0.839 4.12 2.333 5.563 1.491 1.479 3.6 2.156 5.652 2.385v5.369c-1.923-0.063-3.855-0.463-5.6-1.291-0.76-0.344-1.468-0.787-2.161-1.24-0.009 3.896 0.016 7.787-0.025 11.667-0.104 1.864-0.719 3.719-1.803 5.255-1.744 2.557-4.771 4.224-7.88 4.276-1.907 0.109-3.812-0.411-5.437-1.369-2.693-1.588-4.588-4.495-4.864-7.615-0.032-0.667-0.043-1.333-0.016-1.984 0.24-2.537 1.495-4.964 3.443-6.615 2.208-1.923 5.301-2.839 8.197-2.297 0.027 1.975-0.052 3.948-0.052 5.923-1.323-0.428-2.869-0.308-4.025 0.495-0.844 0.547-1.485 1.385-1.819 2.333-0.276 0.676-0.197 1.427-0.181 2.145 0.317 2.188 2.421 4.027 4.667 3.828 1.489-0.016 2.916-0.88 3.692-2.145 0.251-0.443 0.532-0.896 0.547-1.417 0.131-2.385 0.079-4.76 0.095-7.145 0.011-5.375-0.016-10.735 0.025-16.093z\" \/><\/svg><span class=\"wp-block-social-link-label screen-reader-text\">TikTok<\/span><\/a><\/li>\n\n<li class=\"wp-social-link wp-social-link-x  wp-block-social-link\"><a href=\"https:\/\/x.com\/NewsSG156338\" class=\"wp-block-social-link-anchor\"><svg width=\"24\" height=\"24\" viewBox=\"0 0 24 24\" version=\"1.1\" xmlns=\"http:\/\/www.w3.org\/2000\/svg\" aria-hidden=\"true\" focusable=\"false\"><path d=\"M13.982 10.622 20.54 3h-1.554l-5.693 6.618L8.745 3H3.5l6.876 10.007L3.5 21h1.554l6.012-6.989L15.868 21h5.245l-7.131-10.378Zm-2.128 2.474-.697-.997-5.543-7.93H8l4.474 6.4.697.996 5.815 8.318h-2.387l-4.745-6.787Z\" \/><\/svg><span class=\"wp-block-social-link-label screen-reader-text\">X<\/span><\/a><\/li><\/ul>\n\n\n<div class=\"wp-block-post-author\"><div class=\"wp-block-post-author__avatar\"><img alt='' src='https:\/\/secure.gravatar.com\/avatar\/b5e3674f57803f5e227bba02eaf1f4335daded0a862dbdf0ddbf8ecba462b7cd?s=48&#038;d=mm&#038;r=g' srcset='https:\/\/secure.gravatar.com\/avatar\/b5e3674f57803f5e227bba02eaf1f4335daded0a862dbdf0ddbf8ecba462b7cd?s=96&#038;d=mm&#038;r=g 2x' class='avatar avatar-48 photo' height='48' width='48' \/><\/div><div class=\"wp-block-post-author__content\"><p class=\"wp-block-post-author__byline\">publi\u00e9 par<\/p><p class=\"wp-block-post-author__name\">News Series Games<\/p><\/div><\/div>\n\n\n<p>D\u00e9tail:<br><em><span style=\"color: #0063EB;\">Concernant Discord, nous avons cr\u00e9\u00e9 un serveur pour des \u00e9changes faciles et fluides. Si vous rencontrez des difficult\u00e9s \u00e0 nous rejoindre, n\u2019h\u00e9sitez pas \u00e0 nous en informer par mail sur <\/span><\/em><strong>newsseriesgames@hotmail-com<\/strong><\/p>\n","protected":false},"excerpt":{"rendered":"<div class=\"entry-summary\">\nNous contacter Merci de ton int\u00e9r\u00eat pour News Series Games !Tu veux me poser une question, partager une id\u00e9e d\u2019article,&hellip;\n<\/div>\n<div class=\"link-more\"><a href=\"https:\/\/newsseriesgames.com\/en\/contacts\/\" class=\"more-link\">Continue reading<span class=\"screen-reader-text\"> &ldquo;Contact&rdquo;<\/span>&hellip;<\/a><\/div>","protected":false},"author":1,"featured_media":0,"parent":0,"menu_order":0,"comment_status":"open","ping_status":"closed","template":"","meta":{"_acf_changed":false,"footnotes":"[]"},"class_list":["post-72","page","type-page","status-publish","hentry","entry"],"acf":[],"jetpack_sharing_enabled":true,"jetpack-related-posts":[{"id":74,"url":"https:\/\/newsseriesgames.com\/en\/a-propos\/","url_meta":{"origin":72,"position":0},"title":"About us","author":"News Series Games","date":"23\/10\/2025","format":false,"excerpt":"\ud83c\udfae Bienvenue dans l\u2019univers de News Series & Games \ud83c\udfac News Series & Games, par des passionn\u00e9s, vous plonge dans l\u2019univers des jeux vid\u00e9o et des s\u00e9ries TV. Actualit\u00e9s, tests, critiques et analyses pour ne rien manquer de vos mondes favoris ! Ici, chaque article est une porte d\u2019entr\u00e9e vers\u2026","rel":"","context":"Similar post","block_context":{"text":"Similar post","link":""},"img":{"alt_text":"","src":"https:\/\/i0.wp.com\/newsseriesgames.com\/wp-content\/uploads\/2026\/01\/affiche-tele.png?resize=350%2C200&ssl=1","width":350,"height":200,"srcset":"https:\/\/i0.wp.com\/newsseriesgames.com\/wp-content\/uploads\/2026\/01\/affiche-tele.png?resize=350%2C200&ssl=1 1x, https:\/\/i0.wp.com\/newsseriesgames.com\/wp-content\/uploads\/2026\/01\/affiche-tele.png?resize=525%2C300&ssl=1 1.5x, https:\/\/i0.wp.com\/newsseriesgames.com\/wp-content\/uploads\/2026\/01\/affiche-tele.png?resize=700%2C400&ssl=1 2x, https:\/\/i0.wp.com\/newsseriesgames.com\/wp-content\/uploads\/2026\/01\/affiche-tele.png?resize=1050%2C600&ssl=1 3x"},"classes":[]},{"id":381,"url":"https:\/\/newsseriesgames.com\/en\/politique-de-confidentialite\/","url_meta":{"origin":72,"position":1},"title":"Privacy Policy","author":"News Series Games","date":"18\/12\/2025","format":false,"excerpt":"La pr\u00e9sente politique de confidentialit\u00e9 d\u00e9crit la mani\u00e8re dont News Series Games collecte, utilise et prot\u00e8ge les donn\u00e9es personnelles des utilisateurs, conform\u00e9ment au R\u00e8glement G\u00e9n\u00e9ral sur la Protection des Donn\u00e9es (RGPD). 1. Responsable du traitement Le responsable du traitement des donn\u00e9es est le propri\u00e9taire du site (Bastin Davy) News Series\u2026","rel":"","context":"Similar post","block_context":{"text":"Similar post","link":""},"img":{"alt_text":"","src":"","width":0,"height":0},"classes":[]},{"id":676,"url":"https:\/\/newsseriesgames.com\/en\/charte-editoriale\/","url_meta":{"origin":72,"position":2},"title":"Charte \u00e9ditoriale","author":"News Series Games","date":"11\/01\/2026","format":false,"excerpt":"Site : https:\/\/newsseriesgames.com 1. Pr\u00e9sentation du site NewsSeriesGames.com est un blog ind\u00e9pendant d\u00e9di\u00e9 \u00e0 l\u2019actualit\u00e9, aux analyses, aux critiques et aux dossiers autour des jeux vid\u00e9o et des s\u00e9ries t\u00e9l\u00e9vis\u00e9es. Le site a pour vocation d\u2019informer, de divertir et de partager une passion commune pour la culture vid\u00e9oludique et audiovisuelle,\u2026","rel":"","context":"Similar post","block_context":{"text":"Similar post","link":""},"img":{"alt_text":"","src":"","width":0,"height":0},"classes":[]},{"id":378,"url":"https:\/\/newsseriesgames.com\/en\/mentions-legales\/","url_meta":{"origin":72,"position":3},"title":"Legal notices","author":"News Series Games","date":"18\/12\/2025","format":false,"excerpt":"Conform\u00e9ment aux dispositions l\u00e9gales en vigueur en Belgique, il est pr\u00e9cis\u00e9 aux utilisateurs du site News Series Games l'identit\u00e9 des diff\u00e9rents intervenants dans le cadre de sa r\u00e9alisation et de son suivi. \u00c9diteur du site Nom du site : News Series Games URL : https:\/\/newsseriesgames.com Responsable de la publication :\u2026","rel":"","context":"Similar post","block_context":{"text":"Similar post","link":""},"img":{"alt_text":"","src":"","width":0,"height":0},"classes":[]},{"id":545,"url":"https:\/\/newsseriesgames.com\/en\/","url_meta":{"origin":72,"position":4},"title":"Welcome to News Series Games","author":"News Series Games","date":"05\/01\/2026","format":false,"excerpt":"News Series Games \u2013 L\u2019actualit\u00e9 et l\u2019analyse des jeux vid\u00e9o et des s\u00e9ries TV Toute l\u2019actualit\u00e9 des s\u00e9ries TV et des jeux vid\u00e9o.Critiques, news, d\u00e9couvertes et recommandations. S\u00e9rie TV Critiques, news et analyses des meilleures s\u00e9ries du moment. Voir les s\u00e9ries Jeu-vid\u00e9o Tests, actualit\u00e9s et d\u00e9couvertes gaming sur consoles et\u2026","rel":"","context":"Similar post","block_context":{"text":"Similar post","link":""},"img":{"alt_text":"","src":"https:\/\/i0.wp.com\/newsseriesgames.com\/wp-content\/uploads\/2026\/01\/categorie-serie-tv.png?resize=350%2C200&ssl=1","width":350,"height":200,"srcset":"https:\/\/i0.wp.com\/newsseriesgames.com\/wp-content\/uploads\/2026\/01\/categorie-serie-tv.png?resize=350%2C200&ssl=1 1x, https:\/\/i0.wp.com\/newsseriesgames.com\/wp-content\/uploads\/2026\/01\/categorie-serie-tv.png?resize=525%2C300&ssl=1 1.5x, https:\/\/i0.wp.com\/newsseriesgames.com\/wp-content\/uploads\/2026\/01\/categorie-serie-tv.png?resize=700%2C400&ssl=1 2x, https:\/\/i0.wp.com\/newsseriesgames.com\/wp-content\/uploads\/2026\/01\/categorie-serie-tv.png?resize=1050%2C600&ssl=1 3x, https:\/\/i0.wp.com\/newsseriesgames.com\/wp-content\/uploads\/2026\/01\/categorie-serie-tv.png?resize=1400%2C800&ssl=1 4x"},"classes":[]},{"id":790,"url":"https:\/\/newsseriesgames.com\/en\/series-tv-actualites-analyses-et-critiques\/","url_meta":{"origin":72,"position":5},"title":"TV Series \u2013 News, Analysis, and Reviews","author":"News Series Games","date":"12\/02\/2026","format":false,"excerpt":"Introduction Retrouvez toutes les actualit\u00e9s, analyses et critiques de s\u00e9ries TV sur News Series Games. Des nouveaut\u00e9s aux classiques, notre site propose un regard critique et d\u00e9taill\u00e9 sur l\u2019univers des s\u00e9ries, pour les fans comme pour les curieux. \u00c0 la une S\u00e9rie TV Actualit\u00e9s S\u00e9ries TV Voir toutes les actualit\u00e9s\u2026","rel":"","context":"Similar post","block_context":{"text":"Similar post","link":""},"img":{"alt_text":"","src":"","width":0,"height":0},"classes":[]}],"_links":{"self":[{"href":"https:\/\/newsseriesgames.com\/en\/wp-json\/wp\/v2\/pages\/72","targetHints":{"allow":["GET"]}}],"collection":[{"href":"https:\/\/newsseriesgames.com\/en\/wp-json\/wp\/v2\/pages"}],"about":[{"href":"https:\/\/newsseriesgames.com\/en\/wp-json\/wp\/v2\/types\/page"}],"author":[{"embeddable":true,"href":"https:\/\/newsseriesgames.com\/en\/wp-json\/wp\/v2\/users\/1"}],"replies":[{"embeddable":true,"href":"https:\/\/newsseriesgames.com\/en\/wp-json\/wp\/v2\/comments?post=72"}],"version-history":[{"count":4,"href":"https:\/\/newsseriesgames.com\/en\/wp-json\/wp\/v2\/pages\/72\/revisions"}],"predecessor-version":[{"id":388,"href":"https:\/\/newsseriesgames.com\/en\/wp-json\/wp\/v2\/pages\/72\/revisions\/388"}],"wp:attachment":[{"href":"https:\/\/newsseriesgames.com\/en\/wp-json\/wp\/v2\/media?parent=72"}],"curies":[{"name":"wp","href":"https:\/\/api.w.org\/{rel}","templated":true}]}}