{"id":378,"date":"2025-12-18T23:06:42","date_gmt":"2025-12-18T23:06:42","guid":{"rendered":"https:\/\/newsseriesgames.com\/?page_id=378"},"modified":"2026-01-12T00:25:25","modified_gmt":"2026-01-12T00:25:25","slug":"mentions-legales","status":"publish","type":"page","link":"https:\/\/newsseriesgames.com\/en\/mentions-legales\/","title":{"rendered":"Legal notices"},"content":{"rendered":"<p class=\"translation-block\">In accordance with the legal provisions in force in Belgium, users of the <strong>News Series Games<\/strong> website are hereby informed of the identity of the various parties involved in its creation and monitoring.<\/p>\n\n\n\n<hr class=\"wp-block-separator has-alpha-channel-opacity\"\/>\n\n\n\n<h2 class=\"wp-block-heading\">Website publisher<\/h2>\n\n\n\n<ul class=\"wp-block-list\">\n<li class=\"translation-block\"><strong>Site name<\/strong>: News Series Games<\/li>\n\n\n\n<li class=\"translation-block\"><strong>URL<\/strong>: <a href=\"https:\/\/newsseriesgames.com\/en\/\" target=\"_self\">https:\/\/newsseriesgames.com<\/a><\/li>\n\n\n\n<li><strong>Responsable de la publication<\/strong> : Davy Bastin<\/li>\n\n\n\n<li><strong>Statut :<\/strong> \u00e9diteur ind\u00e9pendant (personne physique)<\/li>\n\n\n\n<li class=\"translation-block\"><strong>Contact email address<\/strong>: <a href=\"mailto:newsseriesgames@hotmail.com\" target=\"_self\">newsseriesgames@hotmail.com<\/a><\/li>\n\n\n\n<li class=\"translation-block\"><strong>Country of residence<\/strong>: Belgium<\/li>\n<\/ul>\n\n\n\n<hr class=\"wp-block-separator has-alpha-channel-opacity\"\/>\n\n\n\n<h2 class=\"wp-block-heading\">Accommodation<\/h2>\n\n\n\n<p>The site is hosted by:<\/p>\n\n\n\n<ul class=\"wp-block-list\">\n<li><strong>Hostinger International Ltd<\/strong><\/li>\n\n\n\n<li>61 Lordou Vironos Street, 6023 Larnaca, Chypre<\/li>\n\n\n\n<li>Site web : <a href=\"https:\/\/www.hostinger.com\/\" target=\"_blank\" rel=\"noopener\">Hostinger<\/a><\/li>\n<\/ul>\n\n\n\n<hr class=\"wp-block-separator has-alpha-channel-opacity\"\/>\n\n\n\n<h2 class=\"wp-block-heading\">Intellectual property<\/h2>\n\n\n\n<p class=\"translation-block\">All content on the <strong>News Series Games<\/strong> website (text, images, logos, graphics, videos, icons, sounds, etc.) is protected by copyright and remains the exclusive property of its publisher, unless otherwise stated.<\/p>\n\n\n\n<p>Any reproduction, representation, modification, publication, or adaptation of all or part of the elements of the site, regardless of the means or process used, is prohibited without the prior written permission of the publisher.<\/p>\n\n\n\n<hr class=\"wp-block-separator has-alpha-channel-opacity\"\/>\n\n\n\n<h2 class=\"wp-block-heading\">Directeur de la publication :<\/h2>\n\n\n\n<p><strong>Davy Bastin<\/strong><\/p>\n\n\n\n<hr class=\"wp-block-separator has-alpha-channel-opacity\"\/>\n\n\n\n<h2 class=\"wp-block-heading\">Liability<\/h2>\n\n\n\n<p class=\"translation-block\">The information published on <strong>News Series Games<\/strong> is provided for informational purposes only. Despite the care taken in its preparation, the publisher cannot guarantee the accuracy, completeness, or timeliness of the information.<\/p>\n\n\n\n<p>The publisher cannot be held liable for any direct or indirect damage resulting from access to the site or the use of the information it contains.<\/p>\n\n\n\n<hr class=\"wp-block-separator has-alpha-channel-opacity\"\/>\n\n\n\n<h2 class=\"wp-block-heading\">Cookies &amp; Donn\u00e9es personnelles<\/h2>\n\n\n\n<p>Pour en savoir plus sur l\u2019utilisation de cookies, la collecte et le traitement de donn\u00e9es personnelles, merci de consulter notre <strong>Politique de confidentialit\u00e9 et cookies<\/strong> disponible ici : <em><a href=\"https:\/\/newsseriesgames.com\/en\/politique-de-confidentialite\/\" data-type=\"page\" data-id=\"381\">Privacy Policy<\/a><\/em> et <em><a href=\"https:\/\/newsseriesgames.com\/en\/politique-de-cookies-ue\/\" data-type=\"page\" data-id=\"669\">Politique de cookies<\/a><\/em>.<br>Ce document d\u00e9taille les finalit\u00e9s, la base l\u00e9gale, la dur\u00e9e de conservation, ainsi que les droits d\u2019acc\u00e8s, rectification, opposition ou effacement que vous pouvez exercer aupr\u00e8s du responsable de traitement.<\/p>\n\n\n\n<hr class=\"wp-block-separator has-alpha-channel-opacity\"\/>\n\n\n\n<h2 class=\"wp-block-heading\">External links<\/h2>\n\n\n\n<p class=\"translation-block\">The site may contain links to third-party sites. <strong>News Series Games<\/strong> has no control over these sites and accepts no responsibility for their content or practices.<\/p>\n\n\n\n<hr class=\"wp-block-separator has-alpha-channel-opacity\"\/>\n\n\n\n<h2 class=\"wp-block-heading\">Monetization<\/h2>\n\n\n\n<p class=\"translation-block\">The <strong>News Series Games<\/strong> website may contain:<\/p>\n\n\n\n<ul class=\"wp-block-list\">\n<li>affiliate links<\/li>\n\n\n\n<li>sponsored content<\/li>\n\n\n\n<li>advertisements (current or future)<\/li>\n<\/ul>\n\n\n\n<p>These elements may generate remuneration for the publisher at no additional cost to the user. Sponsored or affiliate content is identified where required.<\/p>\n\n\n\n<hr class=\"wp-block-separator has-alpha-channel-opacity\"\/>\n\n\n\n<h2 class=\"wp-block-heading\">Applicable law<\/h2>\n\n\n\n<p>These legal notices are governed by Belgian law. In the event of a dispute, the competent courts shall be those within the jurisdiction of the website manager's place of residence.<\/p>\n\n\n\n<hr class=\"wp-block-separator has-alpha-channel-opacity\"\/>\n\n\n\n<p>Derni\u00e8re modification:<\/p>\n\n\n<div class=\"wp-block-post-date__modified-date wp-block-post-date\"><time datetime=\"2026-01-12T00:25:25+00:00\">12\/01\/2026<\/time><\/div>","protected":false},"excerpt":{"rendered":"<div class=\"entry-summary\">\nConform\u00e9ment aux dispositions l\u00e9gales en vigueur en Belgique, il est pr\u00e9cis\u00e9 aux utilisateurs du site News Series Games l&rsquo;identit\u00e9 des&hellip;\n<\/div>\n<div class=\"link-more\"><a href=\"https:\/\/newsseriesgames.com\/en\/mentions-legales\/\" class=\"more-link\">Continue reading<span class=\"screen-reader-text\"> &ldquo;Mentions l\u00e9gales&rdquo;<\/span>&hellip;<\/a><\/div>","protected":false},"author":1,"featured_media":0,"parent":0,"menu_order":0,"comment_status":"closed","ping_status":"closed","template":"","meta":{"_acf_changed":false,"footnotes":""},"class_list":["post-378","page","type-page","status-publish","hentry","entry"],"acf":[],"jetpack_sharing_enabled":true,"jetpack-related-posts":[{"id":381,"url":"https:\/\/newsseriesgames.com\/en\/politique-de-confidentialite\/","url_meta":{"origin":378,"position":0},"title":"Privacy Policy","author":"News Series Games","date":"18\/12\/2025","format":false,"excerpt":"La pr\u00e9sente politique de confidentialit\u00e9 d\u00e9crit la mani\u00e8re dont News Series Games collecte, utilise et prot\u00e8ge les donn\u00e9es personnelles des utilisateurs, conform\u00e9ment au R\u00e8glement G\u00e9n\u00e9ral sur la Protection des Donn\u00e9es (RGPD). 1. Responsable du traitement Le responsable du traitement des donn\u00e9es est le propri\u00e9taire du site (Bastin Davy) News Series\u2026","rel":"","context":"Similar post","block_context":{"text":"Similar post","link":""},"img":{"alt_text":"","src":"","width":0,"height":0},"classes":[]},{"id":676,"url":"https:\/\/newsseriesgames.com\/en\/charte-editoriale\/","url_meta":{"origin":378,"position":1},"title":"Charte \u00e9ditoriale","author":"News Series Games","date":"11\/01\/2026","format":false,"excerpt":"Site : https:\/\/newsseriesgames.com 1. Pr\u00e9sentation du site NewsSeriesGames.com est un blog ind\u00e9pendant d\u00e9di\u00e9 \u00e0 l\u2019actualit\u00e9, aux analyses, aux critiques et aux dossiers autour des jeux vid\u00e9o et des s\u00e9ries t\u00e9l\u00e9vis\u00e9es. Le site a pour vocation d\u2019informer, de divertir et de partager une passion commune pour la culture vid\u00e9oludique et audiovisuelle,\u2026","rel":"","context":"Similar post","block_context":{"text":"Similar post","link":""},"img":{"alt_text":"","src":"","width":0,"height":0},"classes":[]},{"id":739,"url":"https:\/\/newsseriesgames.com\/en\/jeux-video-actualites-analyses-et-critiques\/","url_meta":{"origin":378,"position":2},"title":"Video Games \u2013 News, Analysis, and Reviews","author":"News Series Games","date":"11\/02\/2026","format":false,"excerpt":"Retrouvez toute l\u2019actualit\u00e9 jeux vid\u00e9o, nos analyses approfondies et nos critiques de jeux sur consoles et PC. News Series Games propose un regard \u00e9ditorial ind\u00e9pendant sur l\u2019industrie vid\u00e9oludique. \u00c0 la une \u2013 Jeux Vid\u00e9o Actualit\u00e9s Jeux Vid\u00e9o Critiques Jeux Vid\u00e9o Analyses Jeux Vid\u00e9o Jeux populaires \/ Th\u00e9matiques Action RPG \u2022\u2026","rel":"","context":"Similar post","block_context":{"text":"Similar post","link":""},"img":{"alt_text":"","src":"","width":0,"height":0},"classes":[]},{"id":74,"url":"https:\/\/newsseriesgames.com\/en\/a-propos\/","url_meta":{"origin":378,"position":3},"title":"About us","author":"News Series Games","date":"23\/10\/2025","format":false,"excerpt":"\ud83c\udfae Bienvenue dans l\u2019univers de News Series & Games \ud83c\udfac News Series & Games, par des passionn\u00e9s, vous plonge dans l\u2019univers des jeux vid\u00e9o et des s\u00e9ries TV. Actualit\u00e9s, tests, critiques et analyses pour ne rien manquer de vos mondes favoris ! Ici, chaque article est une porte d\u2019entr\u00e9e vers\u2026","rel":"","context":"Similar post","block_context":{"text":"Similar post","link":""},"img":{"alt_text":"","src":"https:\/\/i0.wp.com\/newsseriesgames.com\/wp-content\/uploads\/2026\/01\/affiche-tele.png?resize=350%2C200&ssl=1","width":350,"height":200,"srcset":"https:\/\/i0.wp.com\/newsseriesgames.com\/wp-content\/uploads\/2026\/01\/affiche-tele.png?resize=350%2C200&ssl=1 1x, https:\/\/i0.wp.com\/newsseriesgames.com\/wp-content\/uploads\/2026\/01\/affiche-tele.png?resize=525%2C300&ssl=1 1.5x, https:\/\/i0.wp.com\/newsseriesgames.com\/wp-content\/uploads\/2026\/01\/affiche-tele.png?resize=700%2C400&ssl=1 2x, https:\/\/i0.wp.com\/newsseriesgames.com\/wp-content\/uploads\/2026\/01\/affiche-tele.png?resize=1050%2C600&ssl=1 3x"},"classes":[]},{"id":790,"url":"https:\/\/newsseriesgames.com\/en\/series-tv-actualites-analyses-et-critiques\/","url_meta":{"origin":378,"position":4},"title":"TV Series \u2013 News, Analysis, and Reviews","author":"News Series Games","date":"12\/02\/2026","format":false,"excerpt":"Introduction Retrouvez toutes les actualit\u00e9s, analyses et critiques de s\u00e9ries TV sur News Series Games. Des nouveaut\u00e9s aux classiques, notre site propose un regard critique et d\u00e9taill\u00e9 sur l\u2019univers des s\u00e9ries, pour les fans comme pour les curieux. \u00c0 la une S\u00e9rie TV Actualit\u00e9s S\u00e9ries TV Voir toutes les actualit\u00e9s\u2026","rel":"","context":"Similar post","block_context":{"text":"Similar post","link":""},"img":{"alt_text":"","src":"","width":0,"height":0},"classes":[]},{"id":672,"url":"https:\/\/newsseriesgames.com\/en\/conditions-generales-dutilisation\/","url_meta":{"origin":378,"position":5},"title":"Conditions G\u00e9n\u00e9rales d\u2019Utilisation","author":"News Series Games","date":"11\/01\/2026","format":false,"excerpt":"Bienvenue sur https:\/\/newsseriesgames.com Les pr\u00e9sentes Conditions G\u00e9n\u00e9rales d\u2019Utilisation (CGU) ont pour but de d\u00e9finir les modalit\u00e9s d\u2019acc\u00e8s et d\u2019utilisation du Site, \u00e9dit\u00e9 par son propri\u00e9taire Davy Bastin. En acc\u00e9dant ou en utilisant le Site, vous acceptez sans r\u00e9serve les pr\u00e9sentes CGU. 1. Informations g\u00e9n\u00e9rales Nom du site : https:\/\/newsseriesgames.comNature du\u2026","rel":"","context":"Similar post","block_context":{"text":"Similar post","link":""},"img":{"alt_text":"","src":"","width":0,"height":0},"classes":[]}],"_links":{"self":[{"href":"https:\/\/newsseriesgames.com\/en\/wp-json\/wp\/v2\/pages\/378","targetHints":{"allow":["GET"]}}],"collection":[{"href":"https:\/\/newsseriesgames.com\/en\/wp-json\/wp\/v2\/pages"}],"about":[{"href":"https:\/\/newsseriesgames.com\/en\/wp-json\/wp\/v2\/types\/page"}],"author":[{"embeddable":true,"href":"https:\/\/newsseriesgames.com\/en\/wp-json\/wp\/v2\/users\/1"}],"replies":[{"embeddable":true,"href":"https:\/\/newsseriesgames.com\/en\/wp-json\/wp\/v2\/comments?post=378"}],"version-history":[{"count":5,"href":"https:\/\/newsseriesgames.com\/en\/wp-json\/wp\/v2\/pages\/378\/revisions"}],"predecessor-version":[{"id":714,"href":"https:\/\/newsseriesgames.com\/en\/wp-json\/wp\/v2\/pages\/378\/revisions\/714"}],"wp:attachment":[{"href":"https:\/\/newsseriesgames.com\/en\/wp-json\/wp\/v2\/media?parent=378"}],"curies":[{"name":"wp","href":"https:\/\/api.w.org\/{rel}","templated":true}]}}